{"id":1094,"date":"2017-01-31T12:26:44","date_gmt":"2017-01-31T17:26:44","guid":{"rendered":"http:\/\/avenue360.org\/about\/"},"modified":"2021-03-22T15:52:52","modified_gmt":"2021-03-22T20:52:52","slug":"about-2","status":"publish","type":"page","link":"https:\/\/avenue360.devtest.center\/es\/about-2\/","title":{"rendered":"Acerca de Nosotros"},"content":{"rendered":"<p>Avenue 360 \u200b\u200bHealth and Wellness, una organizaci\u00f3n 501 (c) 3, es un centro de salud con siete cl\u00ednicas en la regi\u00f3n de Houston que brindan atenci\u00f3n primaria, salud conductual y dental a comunidades m\u00e9dicamente desatendidas.<\/p>\n<p>Anteriormente, la organizaci\u00f3n se conoc\u00eda como Houston Area Community Services (HACS), fundada en 1998 para tratar a las personas que viven con el SIDA. Hace varios a\u00f1os, HACS se fusion\u00f3 con Bering Omega (Omega House), que brindaba cuidados paliativos a personas que viven con el VIH \/ SIDA, para formar Avenue 360.<\/p>\n<p>La misi\u00f3n de Avenue 360 \u200b\u200bes brindar servicios solidarios y de alta calidad para promover personas y comunidades saludables.<\/p>\n<p><strong>Declaraci\u00f3n de la vision a la comunidad: <\/strong>Nuestra visi\u00f3n es que cada individuo en nuestra comunidad tenga acceso a servicios integrales de atenci\u00f3n m\u00e9dica y un centro m\u00e9dico de alta calidad para satisfacer sus necesidades.<\/p>\n<h2><strong>Declaraci\u00f3n de valores: <\/strong><\/h2>\n<p>En Avenue 360, valoramos una comunidad saludable. Eso significa que nosotros:<\/p>\n<ul>\n<li>Brindamos ayuda a las personas para darles la bienvenida a buscar servicios de salud en Avenue 360.<\/li>\n<li>Trabajamos con otras organizaciones para eliminar las barreras a la atenci\u00f3n m\u00e9dica.<\/li>\n<li>Recibimos opiniones de nuestros pacientes y otras personas de la comunidad para mejorar los servicios de salud.<\/li>\n<li>Abordamos las disparidades de salud identificadas en nuestra comunidad y desarrollamos estrategias para reducirlas.<\/li>\n<li>Buscamos recursos adicionales para mejorar la salud de las personas en nuestra comunidad.<\/li>\n<\/ul>\n<p>Como centro de salud calificado federalmente (FQHC), Avenue 360 \u200b\u200brecibe fondos del HHS y del Servicio Federal de Salud P\u00fablica (PHS) con respecto a ciertos reclamos de salud o relacionados con la salud, incluidos los reclamos por negligencia m\u00e9dica, para s\u00ed mismo y sus individuos cubiertos. Avenue 360 \u200b\u200bHealth and Wellness es un beneficiario del Programa de Centro de Salud bajo 42 U.S.C. 254b, y un empleado del Servicio de Salud P\u00fablica seg\u00fan 42 U.S.C. 233 (g) &#8211; (n).<\/p>\n","protected":false},"excerpt":{"rendered":"<p>Avenue 360 \u200b\u200bHealth and Wellness, una organizaci\u00f3n 501 (c) 3, es un centro de salud con siete cl\u00ednicas en la regi\u00f3n de Houston que brindan atenci\u00f3n primaria, salud conductual y dental a comunidades m\u00e9dicamente desatendidas. Anteriormente, la organizaci\u00f3n se conoc\u00eda como Houston Area Community Services (HACS), fundada en 1998 para tratar a las personas que&#8230;<\/p>\n","protected":false},"author":2,"featured_media":0,"parent":0,"menu_order":21,"comment_status":"closed","ping_status":"closed","template":"","meta":{"_acf_changed":false,"footnotes":""},"class_list":["post-1094","page","type-page","status-publish","hentry"],"acf":[],"yoast_head":"<!-- This site is optimized with the Yoast SEO plugin v27.4 - https:\/\/yoast.com\/product\/yoast-seo-wordpress\/ -->\n<title>Acerca de Nosotros - Avenue 360<\/title>\n<meta name=\"description\" content=\"Houston Area Community Services and Bering Omega have come together, furthering their 30-year relationship in better assisting our community under the new name, Avenue 360. We offer a full range of oral, physical and mental health services along with support through personal follow ups and assisted housing services.\" \/>\n<meta name=\"robots\" content=\"noindex, follow, max-snippet:-1, max-image-preview:large, max-video-preview:-1\" \/>\n<meta property=\"og:locale\" content=\"es_ES\" \/>\n<meta property=\"og:type\" content=\"article\" \/>\n<meta property=\"og:title\" content=\"Acerca de Nosotros - Avenue 360\" \/>\n<meta property=\"og:description\" content=\"Houston Area Community Services and Bering Omega have come together, furthering their 30-year relationship in better assisting our community under the new name, Avenue 360. We offer a full range of oral, physical and mental health services along with support through personal follow ups and assisted housing services.\" \/>\n<meta property=\"og:url\" content=\"https:\/\/avenue360.devtest.center\/about-avenue-360\/\" \/>\n<meta property=\"og:site_name\" content=\"Avenue 360\" \/>\n<meta property=\"article:publisher\" content=\"https:\/\/www.facebook.com\/Avenue360\/\" \/>\n<meta property=\"article:modified_time\" content=\"2021-03-22T20:52:52+00:00\" \/>\n<meta name=\"twitter:card\" content=\"summary_large_image\" \/>\n<meta name=\"twitter:site\" content=\"@Avenue_360\" \/>\n<meta name=\"twitter:label1\" content=\"Tiempo de lectura\" \/>\n\t<meta name=\"twitter:data1\" content=\"2 minutos\" \/>\n<script type=\"application\/ld+json\" class=\"yoast-schema-graph\">{\"@context\":\"https:\\\/\\\/schema.org\",\"@graph\":[{\"@type\":\"WebPage\",\"@id\":\"https:\\\/\\\/avenue360.devtest.center\\\/about-avenue-360\\\/\",\"url\":\"https:\\\/\\\/avenue360.devtest.center\\\/about-avenue-360\\\/\",\"name\":\"Acerca de Nosotros - Avenue 360\",\"isPartOf\":{\"@id\":\"https:\\\/\\\/avenue360.devtest.center\\\/#website\"},\"datePublished\":\"2017-01-31T17:26:44+00:00\",\"dateModified\":\"2021-03-22T20:52:52+00:00\",\"description\":\"Houston Area Community Services and Bering Omega have come together, furthering their 30-year relationship in better assisting our community under the new name, Avenue 360. We offer a full range of oral, physical and mental health services along with support through personal follow ups and assisted housing services.\",\"breadcrumb\":{\"@id\":\"https:\\\/\\\/avenue360.devtest.center\\\/about-avenue-360\\\/#breadcrumb\"},\"inLanguage\":\"es\",\"potentialAction\":[{\"@type\":\"ReadAction\",\"target\":[\"https:\\\/\\\/avenue360.devtest.center\\\/about-avenue-360\\\/\"]}]},{\"@type\":\"BreadcrumbList\",\"@id\":\"https:\\\/\\\/avenue360.devtest.center\\\/about-avenue-360\\\/#breadcrumb\",\"itemListElement\":[{\"@type\":\"ListItem\",\"position\":1,\"name\":\"Home\",\"item\":\"https:\\\/\\\/avenue360.devtest.center\\\/\"},{\"@type\":\"ListItem\",\"position\":2,\"name\":\"Acerca de Nosotros\"}]},{\"@type\":\"WebSite\",\"@id\":\"https:\\\/\\\/avenue360.devtest.center\\\/#website\",\"url\":\"https:\\\/\\\/avenue360.devtest.center\\\/\",\"name\":\"Avenue 360\",\"description\":\"Health &amp; Wellness\",\"publisher\":{\"@id\":\"https:\\\/\\\/avenue360.devtest.center\\\/#organization\"},\"potentialAction\":[{\"@type\":\"SearchAction\",\"target\":{\"@type\":\"EntryPoint\",\"urlTemplate\":\"https:\\\/\\\/avenue360.devtest.center\\\/?s={search_term_string}\"},\"query-input\":{\"@type\":\"PropertyValueSpecification\",\"valueRequired\":true,\"valueName\":\"search_term_string\"}}],\"inLanguage\":\"es\"},{\"@type\":\"Organization\",\"@id\":\"https:\\\/\\\/avenue360.devtest.center\\\/#organization\",\"name\":\"Avenue 360\",\"url\":\"https:\\\/\\\/avenue360.devtest.center\\\/\",\"logo\":{\"@type\":\"ImageObject\",\"inLanguage\":\"es\",\"@id\":\"https:\\\/\\\/avenue360.devtest.center\\\/#\\\/schema\\\/logo\\\/image\\\/\",\"url\":\"https:\\\/\\\/avenue360.devtest.center\\\/wp-content\\\/uploads\\\/2017\\\/03\\\/avenue-360.png\",\"contentUrl\":\"https:\\\/\\\/avenue360.devtest.center\\\/wp-content\\\/uploads\\\/2017\\\/03\\\/avenue-360.png\",\"width\":360,\"height\":360,\"caption\":\"Avenue 360\"},\"image\":{\"@id\":\"https:\\\/\\\/avenue360.devtest.center\\\/#\\\/schema\\\/logo\\\/image\\\/\"},\"sameAs\":[\"https:\\\/\\\/www.facebook.com\\\/Avenue360\\\/\",\"https:\\\/\\\/x.com\\\/Avenue_360\",\"http:\\\/\\\/avenue360\",\"https:\\\/\\\/www.linkedin.com\\\/company\\\/avenue-360-health-and-wellness\\\/\",\"https:\\\/\\\/www.youtube.com\\\/channel\\\/UCgyf387ZDDdWlf4U0zEEmLA\"]}]}<\/script>\n<!-- \/ Yoast SEO plugin. -->","yoast_head_json":{"title":"Acerca de Nosotros - Avenue 360","description":"Houston Area Community Services and Bering Omega have come together, furthering their 30-year relationship in better assisting our community under the new name, Avenue 360. We offer a full range of oral, physical and mental health services along with support through personal follow ups and assisted housing services.","robots":{"index":"noindex","follow":"follow","max-snippet":"max-snippet:-1","max-image-preview":"max-image-preview:large","max-video-preview":"max-video-preview:-1"},"og_locale":"es_ES","og_type":"article","og_title":"Acerca de Nosotros - Avenue 360","og_description":"Houston Area Community Services and Bering Omega have come together, furthering their 30-year relationship in better assisting our community under the new name, Avenue 360. We offer a full range of oral, physical and mental health services along with support through personal follow ups and assisted housing services.","og_url":"https:\/\/avenue360.devtest.center\/about-avenue-360\/","og_site_name":"Avenue 360","article_publisher":"https:\/\/www.facebook.com\/Avenue360\/","article_modified_time":"2021-03-22T20:52:52+00:00","twitter_card":"summary_large_image","twitter_site":"@Avenue_360","twitter_misc":{"Tiempo de lectura":"2 minutos"},"schema":{"@context":"https:\/\/schema.org","@graph":[{"@type":"WebPage","@id":"https:\/\/avenue360.devtest.center\/about-avenue-360\/","url":"https:\/\/avenue360.devtest.center\/about-avenue-360\/","name":"Acerca de Nosotros - Avenue 360","isPartOf":{"@id":"https:\/\/avenue360.devtest.center\/#website"},"datePublished":"2017-01-31T17:26:44+00:00","dateModified":"2021-03-22T20:52:52+00:00","description":"Houston Area Community Services and Bering Omega have come together, furthering their 30-year relationship in better assisting our community under the new name, Avenue 360. We offer a full range of oral, physical and mental health services along with support through personal follow ups and assisted housing services.","breadcrumb":{"@id":"https:\/\/avenue360.devtest.center\/about-avenue-360\/#breadcrumb"},"inLanguage":"es","potentialAction":[{"@type":"ReadAction","target":["https:\/\/avenue360.devtest.center\/about-avenue-360\/"]}]},{"@type":"BreadcrumbList","@id":"https:\/\/avenue360.devtest.center\/about-avenue-360\/#breadcrumb","itemListElement":[{"@type":"ListItem","position":1,"name":"Home","item":"https:\/\/avenue360.devtest.center\/"},{"@type":"ListItem","position":2,"name":"Acerca de Nosotros"}]},{"@type":"WebSite","@id":"https:\/\/avenue360.devtest.center\/#website","url":"https:\/\/avenue360.devtest.center\/","name":"Avenue 360","description":"Health &amp; Wellness","publisher":{"@id":"https:\/\/avenue360.devtest.center\/#organization"},"potentialAction":[{"@type":"SearchAction","target":{"@type":"EntryPoint","urlTemplate":"https:\/\/avenue360.devtest.center\/?s={search_term_string}"},"query-input":{"@type":"PropertyValueSpecification","valueRequired":true,"valueName":"search_term_string"}}],"inLanguage":"es"},{"@type":"Organization","@id":"https:\/\/avenue360.devtest.center\/#organization","name":"Avenue 360","url":"https:\/\/avenue360.devtest.center\/","logo":{"@type":"ImageObject","inLanguage":"es","@id":"https:\/\/avenue360.devtest.center\/#\/schema\/logo\/image\/","url":"https:\/\/avenue360.devtest.center\/wp-content\/uploads\/2017\/03\/avenue-360.png","contentUrl":"https:\/\/avenue360.devtest.center\/wp-content\/uploads\/2017\/03\/avenue-360.png","width":360,"height":360,"caption":"Avenue 360"},"image":{"@id":"https:\/\/avenue360.devtest.center\/#\/schema\/logo\/image\/"},"sameAs":["https:\/\/www.facebook.com\/Avenue360\/","https:\/\/x.com\/Avenue_360","http:\/\/avenue360","https:\/\/www.linkedin.com\/company\/avenue-360-health-and-wellness\/","https:\/\/www.youtube.com\/channel\/UCgyf387ZDDdWlf4U0zEEmLA"]}]}},"_links":{"self":[{"href":"https:\/\/avenue360.devtest.center\/es\/wp-json\/wp\/v2\/pages\/1094","targetHints":{"allow":["GET"]}}],"collection":[{"href":"https:\/\/avenue360.devtest.center\/es\/wp-json\/wp\/v2\/pages"}],"about":[{"href":"https:\/\/avenue360.devtest.center\/es\/wp-json\/wp\/v2\/types\/page"}],"author":[{"embeddable":true,"href":"https:\/\/avenue360.devtest.center\/es\/wp-json\/wp\/v2\/users\/2"}],"replies":[{"embeddable":true,"href":"https:\/\/avenue360.devtest.center\/es\/wp-json\/wp\/v2\/comments?post=1094"}],"version-history":[{"count":0,"href":"https:\/\/avenue360.devtest.center\/es\/wp-json\/wp\/v2\/pages\/1094\/revisions"}],"wp:attachment":[{"href":"https:\/\/avenue360.devtest.center\/es\/wp-json\/wp\/v2\/media?parent=1094"}],"curies":[{"name":"wp","href":"https:\/\/api.w.org\/{rel}","templated":true}]}}