{"id":1097,"date":"2017-02-13T16:28:34","date_gmt":"2017-02-13T21:28:34","guid":{"rendered":"http:\/\/avenue360.org\/about\/volunteer\/"},"modified":"2021-03-26T10:15:53","modified_gmt":"2021-03-26T15:15:53","slug":"volunteer","status":"publish","type":"page","link":"https:\/\/avenue360.devtest.center\/es\/about-2\/volunteer\/","title":{"rendered":"Voluntariado"},"content":{"rendered":"<h2>Oportunidades en la comunidad<\/h2>\n<p>Avenue 360 Health &amp; Wellness brinda m\u00faltiples oportunidades para que la comunidad se involucre y se haga voluntaria. Estamos en constante b\u00fasqueda depersonas que sean tan apasionadas por la gente y los nuevos desarrollos en el campo de la medicina como nosotros. Si est\u00e1 interesado en ser voluntario en Avenue 360 Health &amp; Wellness, complete la solicitud de voluntariado para comenzar.<\/p>\n<p><a href=\"https:\/\/avenue360.devtest.center\/wp-content\/uploads\/2021\/02\/Ave.-Volunteer-Application.pdf\">Aplicaci\u00f3n de Voluntario<\/a><\/p>\n<p><a href=\"https:\/\/avenue360.devtest.center\/wp-content\/uploads\/2021\/02\/Ave.-360-Volunteer-Application-Minor.pdf\">Aplicaci\u00f3n de Voluntario para un Menor de Edad<\/a><\/p>\n<h2>Oportunidades en Avenue 360 Health &amp; Wellness<\/h2>\n<ul>\n<li>Recepci\u00f3n \/ recepcionista (preferiblemente biling\u00fce)<\/li>\n<li>Departamento de Servicios de Vivienda (diversas oportunidades)<\/li>\n<li>Departamento de Promociones de Salud (diversas oportunidades)<\/li>\n<li>\u00abVoluntariado Virtual\u00bb (ayude a Avenue 360 Health &amp; Wellness haciendo correr la voz sobre diversos eventos y servicios ofrecidos desde su computadora personal o tel\u00e9fono inteligente. (Le enviaremos volantes digitales, etc. y puede publicarlos en su p\u00e1gina de Facebook, correo electr\u00f3nico a amigos, etc.)<\/li>\n<\/ul>\n<p>Por favor cont\u00e1ctenos a(<a href=\"mailto:volunteer@avenue360.org\">volunteer@avenue360.org<\/a> or 713-426-0027 ext. 380) si est\u00e1 interesado en nuestras oportunidades actuales de voluntariado.<\/p>\n<p>Tambi\u00e9n puede ser voluntario en Avenue 360 Health &amp; Wellness a trav\u00e9s de <a href=\"https:\/\/www.volunteerhou.org\/agency\/index\/\">Volunteer\u00a0Houston<\/a>.<\/p>\n<p>\u00a1Esperamos con inter\u00e9s escuchar de usted!<\/p>\n","protected":false},"excerpt":{"rendered":"<p>Oportunidades en la comunidad Avenue 360 Health &amp; Wellness brinda m\u00faltiples oportunidades para que la comunidad se involucre y se haga voluntaria. Estamos en constante b\u00fasqueda depersonas que sean tan apasionadas por la gente y los nuevos desarrollos en el campo de la medicina como nosotros. Si est\u00e1 interesado en ser voluntario en Avenue 360&#8230;<\/p>\n","protected":false},"author":3,"featured_media":0,"parent":1094,"menu_order":1,"comment_status":"closed","ping_status":"closed","template":"","meta":{"_acf_changed":false,"footnotes":""},"class_list":["post-1097","page","type-page","status-publish","hentry"],"acf":[],"yoast_head":"<!-- This site is optimized with the Yoast SEO plugin v27.4 - https:\/\/yoast.com\/product\/yoast-seo-wordpress\/ -->\n<title>Houston Volunteering and Community Service Opportunities | Avenue 360<\/title>\n<meta name=\"description\" content=\"Through continued involvement in our communities, Avenue 360 wants to have a positive impact and we&#039;re always looking for people who have a passion for the medical field and further assisting those with medical needs.\" \/>\n<meta name=\"robots\" content=\"noindex, follow, max-snippet:-1, max-image-preview:large, max-video-preview:-1\" \/>\n<meta property=\"og:locale\" content=\"es_ES\" \/>\n<meta property=\"og:type\" content=\"article\" \/>\n<meta property=\"og:title\" content=\"Houston Volunteering and Community Service Opportunities | Avenue 360\" \/>\n<meta property=\"og:description\" content=\"Through continued involvement in our communities, Avenue 360 wants to have a positive impact and we&#039;re always looking for people who have a passion for the medical field and further assisting those with medical needs.\" \/>\n<meta property=\"og:url\" content=\"https:\/\/avenue360.devtest.center\/about-avenue-360\/volunteer\/\" \/>\n<meta property=\"og:site_name\" content=\"Avenue 360\" \/>\n<meta property=\"article:publisher\" content=\"https:\/\/www.facebook.com\/Avenue360\/\" \/>\n<meta property=\"article:modified_time\" content=\"2021-03-26T15:15:53+00:00\" \/>\n<meta name=\"twitter:card\" content=\"summary_large_image\" \/>\n<meta name=\"twitter:site\" content=\"@Avenue_360\" \/>\n<meta name=\"twitter:label1\" content=\"Tiempo de lectura\" \/>\n\t<meta name=\"twitter:data1\" content=\"1 minuto\" \/>\n<script type=\"application\/ld+json\" class=\"yoast-schema-graph\">{\"@context\":\"https:\\\/\\\/schema.org\",\"@graph\":[{\"@type\":\"WebPage\",\"@id\":\"https:\\\/\\\/avenue360.devtest.center\\\/about-avenue-360\\\/volunteer\\\/\",\"url\":\"https:\\\/\\\/avenue360.devtest.center\\\/about-avenue-360\\\/volunteer\\\/\",\"name\":\"Houston Volunteering and Community Service Opportunities | Avenue 360\",\"isPartOf\":{\"@id\":\"https:\\\/\\\/avenue360.devtest.center\\\/#website\"},\"datePublished\":\"2017-02-13T21:28:34+00:00\",\"dateModified\":\"2021-03-26T15:15:53+00:00\",\"description\":\"Through continued involvement in our communities, Avenue 360 wants to have a positive impact and we're always looking for people who have a passion for the medical field and further assisting those with medical needs.\",\"breadcrumb\":{\"@id\":\"https:\\\/\\\/avenue360.devtest.center\\\/about-avenue-360\\\/volunteer\\\/#breadcrumb\"},\"inLanguage\":\"es\",\"potentialAction\":[{\"@type\":\"ReadAction\",\"target\":[\"https:\\\/\\\/avenue360.devtest.center\\\/about-avenue-360\\\/volunteer\\\/\"]}]},{\"@type\":\"BreadcrumbList\",\"@id\":\"https:\\\/\\\/avenue360.devtest.center\\\/about-avenue-360\\\/volunteer\\\/#breadcrumb\",\"itemListElement\":[{\"@type\":\"ListItem\",\"position\":1,\"name\":\"Home\",\"item\":\"https:\\\/\\\/avenue360.devtest.center\\\/\"},{\"@type\":\"ListItem\",\"position\":2,\"name\":\"Acerca de Nosotros\",\"item\":\"https:\\\/\\\/avenue360.devtest.center\\\/about-avenue-360\\\/\"},{\"@type\":\"ListItem\",\"position\":3,\"name\":\"Voluntariado\"}]},{\"@type\":\"WebSite\",\"@id\":\"https:\\\/\\\/avenue360.devtest.center\\\/#website\",\"url\":\"https:\\\/\\\/avenue360.devtest.center\\\/\",\"name\":\"Avenue 360\",\"description\":\"Health &amp; Wellness\",\"publisher\":{\"@id\":\"https:\\\/\\\/avenue360.devtest.center\\\/#organization\"},\"potentialAction\":[{\"@type\":\"SearchAction\",\"target\":{\"@type\":\"EntryPoint\",\"urlTemplate\":\"https:\\\/\\\/avenue360.devtest.center\\\/?s={search_term_string}\"},\"query-input\":{\"@type\":\"PropertyValueSpecification\",\"valueRequired\":true,\"valueName\":\"search_term_string\"}}],\"inLanguage\":\"es\"},{\"@type\":\"Organization\",\"@id\":\"https:\\\/\\\/avenue360.devtest.center\\\/#organization\",\"name\":\"Avenue 360\",\"url\":\"https:\\\/\\\/avenue360.devtest.center\\\/\",\"logo\":{\"@type\":\"ImageObject\",\"inLanguage\":\"es\",\"@id\":\"https:\\\/\\\/avenue360.devtest.center\\\/#\\\/schema\\\/logo\\\/image\\\/\",\"url\":\"https:\\\/\\\/avenue360.devtest.center\\\/wp-content\\\/uploads\\\/2017\\\/03\\\/avenue-360.png\",\"contentUrl\":\"https:\\\/\\\/avenue360.devtest.center\\\/wp-content\\\/uploads\\\/2017\\\/03\\\/avenue-360.png\",\"width\":360,\"height\":360,\"caption\":\"Avenue 360\"},\"image\":{\"@id\":\"https:\\\/\\\/avenue360.devtest.center\\\/#\\\/schema\\\/logo\\\/image\\\/\"},\"sameAs\":[\"https:\\\/\\\/www.facebook.com\\\/Avenue360\\\/\",\"https:\\\/\\\/x.com\\\/Avenue_360\",\"http:\\\/\\\/avenue360\",\"https:\\\/\\\/www.linkedin.com\\\/company\\\/avenue-360-health-and-wellness\\\/\",\"https:\\\/\\\/www.youtube.com\\\/channel\\\/UCgyf387ZDDdWlf4U0zEEmLA\"]}]}<\/script>\n<!-- \/ Yoast SEO plugin. -->","yoast_head_json":{"title":"Houston Volunteering and Community Service Opportunities | Avenue 360","description":"Through continued involvement in our communities, Avenue 360 wants to have a positive impact and we're always looking for people who have a passion for the medical field and further assisting those with medical needs.","robots":{"index":"noindex","follow":"follow","max-snippet":"max-snippet:-1","max-image-preview":"max-image-preview:large","max-video-preview":"max-video-preview:-1"},"og_locale":"es_ES","og_type":"article","og_title":"Houston Volunteering and Community Service Opportunities | Avenue 360","og_description":"Through continued involvement in our communities, Avenue 360 wants to have a positive impact and we're always looking for people who have a passion for the medical field and further assisting those with medical needs.","og_url":"https:\/\/avenue360.devtest.center\/about-avenue-360\/volunteer\/","og_site_name":"Avenue 360","article_publisher":"https:\/\/www.facebook.com\/Avenue360\/","article_modified_time":"2021-03-26T15:15:53+00:00","twitter_card":"summary_large_image","twitter_site":"@Avenue_360","twitter_misc":{"Tiempo de lectura":"1 minuto"},"schema":{"@context":"https:\/\/schema.org","@graph":[{"@type":"WebPage","@id":"https:\/\/avenue360.devtest.center\/about-avenue-360\/volunteer\/","url":"https:\/\/avenue360.devtest.center\/about-avenue-360\/volunteer\/","name":"Houston Volunteering and Community Service Opportunities | Avenue 360","isPartOf":{"@id":"https:\/\/avenue360.devtest.center\/#website"},"datePublished":"2017-02-13T21:28:34+00:00","dateModified":"2021-03-26T15:15:53+00:00","description":"Through continued involvement in our communities, Avenue 360 wants to have a positive impact and we're always looking for people who have a passion for the medical field and further assisting those with medical needs.","breadcrumb":{"@id":"https:\/\/avenue360.devtest.center\/about-avenue-360\/volunteer\/#breadcrumb"},"inLanguage":"es","potentialAction":[{"@type":"ReadAction","target":["https:\/\/avenue360.devtest.center\/about-avenue-360\/volunteer\/"]}]},{"@type":"BreadcrumbList","@id":"https:\/\/avenue360.devtest.center\/about-avenue-360\/volunteer\/#breadcrumb","itemListElement":[{"@type":"ListItem","position":1,"name":"Home","item":"https:\/\/avenue360.devtest.center\/"},{"@type":"ListItem","position":2,"name":"Acerca de Nosotros","item":"https:\/\/avenue360.devtest.center\/about-avenue-360\/"},{"@type":"ListItem","position":3,"name":"Voluntariado"}]},{"@type":"WebSite","@id":"https:\/\/avenue360.devtest.center\/#website","url":"https:\/\/avenue360.devtest.center\/","name":"Avenue 360","description":"Health &amp; Wellness","publisher":{"@id":"https:\/\/avenue360.devtest.center\/#organization"},"potentialAction":[{"@type":"SearchAction","target":{"@type":"EntryPoint","urlTemplate":"https:\/\/avenue360.devtest.center\/?s={search_term_string}"},"query-input":{"@type":"PropertyValueSpecification","valueRequired":true,"valueName":"search_term_string"}}],"inLanguage":"es"},{"@type":"Organization","@id":"https:\/\/avenue360.devtest.center\/#organization","name":"Avenue 360","url":"https:\/\/avenue360.devtest.center\/","logo":{"@type":"ImageObject","inLanguage":"es","@id":"https:\/\/avenue360.devtest.center\/#\/schema\/logo\/image\/","url":"https:\/\/avenue360.devtest.center\/wp-content\/uploads\/2017\/03\/avenue-360.png","contentUrl":"https:\/\/avenue360.devtest.center\/wp-content\/uploads\/2017\/03\/avenue-360.png","width":360,"height":360,"caption":"Avenue 360"},"image":{"@id":"https:\/\/avenue360.devtest.center\/#\/schema\/logo\/image\/"},"sameAs":["https:\/\/www.facebook.com\/Avenue360\/","https:\/\/x.com\/Avenue_360","http:\/\/avenue360","https:\/\/www.linkedin.com\/company\/avenue-360-health-and-wellness\/","https:\/\/www.youtube.com\/channel\/UCgyf387ZDDdWlf4U0zEEmLA"]}]}},"_links":{"self":[{"href":"https:\/\/avenue360.devtest.center\/es\/wp-json\/wp\/v2\/pages\/1097","targetHints":{"allow":["GET"]}}],"collection":[{"href":"https:\/\/avenue360.devtest.center\/es\/wp-json\/wp\/v2\/pages"}],"about":[{"href":"https:\/\/avenue360.devtest.center\/es\/wp-json\/wp\/v2\/types\/page"}],"author":[{"embeddable":true,"href":"https:\/\/avenue360.devtest.center\/es\/wp-json\/wp\/v2\/users\/3"}],"replies":[{"embeddable":true,"href":"https:\/\/avenue360.devtest.center\/es\/wp-json\/wp\/v2\/comments?post=1097"}],"version-history":[{"count":0,"href":"https:\/\/avenue360.devtest.center\/es\/wp-json\/wp\/v2\/pages\/1097\/revisions"}],"up":[{"embeddable":true,"href":"https:\/\/avenue360.devtest.center\/es\/wp-json\/wp\/v2\/pages\/1094"}],"wp:attachment":[{"href":"https:\/\/avenue360.devtest.center\/es\/wp-json\/wp\/v2\/media?parent=1097"}],"curies":[{"name":"wp","href":"https:\/\/api.w.org\/{rel}","templated":true}]}}