{"id":1102,"date":"2017-02-13T16:25:34","date_gmt":"2017-02-13T21:25:34","guid":{"rendered":"http:\/\/avenue360.org\/about\/join-our-team\/"},"modified":"2021-03-26T10:09:39","modified_gmt":"2021-03-26T15:09:39","slug":"join-our-team","status":"publish","type":"page","link":"https:\/\/avenue360.devtest.center\/es\/about-2\/join-our-team\/","title":{"rendered":"Unete a Nuestro Equipo"},"content":{"rendered":"<p>Se necesita un equipo de personas dedicadas e efectivas para hacer lo que hacemos, Avenue 360 Health &amp; Wellness se compromete a encontrar empleados que se unan a nuestra misi\u00f3n de brindar atenci\u00f3n m\u00e9dica de calidad a Houston. Nuestro objetivo es educar y proporcionar a nuestros pacientes los recursos necesarios para ser due\u00f1os de su salud, por lo que en Avenue 360 Health &amp; Wellness, el paciente y el proveedor trabajan juntos. Somos proactivos con respecto al bienestar de nuestros pacientes y conscientes de la atenci\u00f3n m\u00e9dica preventiva. Estamos comprometidos con que los pacientes cuiden de si mismos cuando sea posible y que recurran a nosotros cuando no puedan. Buscamos gente con pasi\u00f3n, coraz\u00f3n y fuertes valores. Si eres esta persona, \u00a1aplica hoy!<\/p>\n<h3>Valores de Avenue 360 Health &amp; Wellnesss<\/h3>\n<p><strong>Compasi\u00f3n:<\/strong> Nos preocupamos sinceramente por nuestros pacientes sin importar qui\u00e9nes son o qu\u00e9 necesiten. Estamos enfocados en c\u00f3mo mejorar la calidad de vida para todos, no solo para unos pocos.<\/p>\n<p><strong>Respeto:<\/strong> Creemos que, no importa qui\u00e9n o por qu\u00e9 se acerque a nosotros, todas las personas merecen ser tratadas con respeto.<\/p>\n<p><strong>Ingenio:<\/strong> Nos conocen por hacer un cambio real en la comunidad y encontrar la mejor manera de mejorar, no la m\u00e1s f\u00e1cil.<\/p>\n<p><strong>Igualdad:<\/strong> Creemos que las personas tienen derecho a una atenci\u00f3n m\u00e9dica excepcional, independientemente de d\u00f3nde vivan o de sus ingresos.<\/p>\n<h3>Formularios de empleo<\/h3>\n<p>Por favor complete estos formularios y devu\u00e9lvalos por correo. Attn: Departamento de Recursos Humanos 2150 West 18th Street, Houston, TX 77008 o por fax al 713.526.1422. Tambi\u00e9n puede aplicar en l\u00ednea revisando nuestras Publicaciones de Empleo listadas a continuaci\u00f3n.<\/p>\n<p><a href=\"https:\/\/avenue360.devtest.center\/wp-content\/uploads\/2021\/02\/Ave.-Volunteer-Application.pdf\">Aplicaci\u00f3n de Voluntario<\/a><\/p>\n<p><a href=\"https:\/\/avenue360.devtest.center\/wp-content\/uploads\/2021\/02\/Ave.-360-Volunteer-Application-Minor.pdf\">Aplicaci\u00f3n de Voluntario para un Menor de Edad<\/a><\/p>\n<p><a href=\"https:\/\/workforcenow.adp.com\/mascsr\/default\/mdf\/recruitment\/recruitment.html?cid=dd4b216f-c687-4dde-bef4-bb3efe1c4ab8&amp;ccId=19000101_000001&amp;type=MP&amp;lang=en_US\">Lista de Empleos Disponibles<\/a><\/p>\n","protected":false},"excerpt":{"rendered":"<p>Se necesita un equipo de personas dedicadas e efectivas para hacer lo que hacemos, Avenue 360 Health &amp; Wellness se compromete a encontrar empleados que se unan a nuestra misi\u00f3n de brindar atenci\u00f3n m\u00e9dica de calidad a Houston. Nuestro objetivo es educar y proporcionar a nuestros pacientes los recursos necesarios para ser due\u00f1os de su&#8230;<\/p>\n","protected":false},"author":3,"featured_media":1103,"parent":1094,"menu_order":4,"comment_status":"closed","ping_status":"closed","template":"","meta":{"_acf_changed":false,"footnotes":""},"class_list":["post-1102","page","type-page","status-publish","has-post-thumbnail","hentry"],"acf":[],"yoast_head":"<!-- This site is optimized with the Yoast SEO plugin v27.4 - https:\/\/yoast.com\/product\/yoast-seo-wordpress\/ -->\n<title>Unete a Nuestro Equipo - Avenue 360<\/title>\n<meta name=\"description\" content=\"Our goal is to continue to leave a positive impact through providing quality health care and education through out those within our community. We welcome all of those who would like to join in furthering our mission!\" \/>\n<meta name=\"robots\" content=\"noindex, follow, max-snippet:-1, max-image-preview:large, max-video-preview:-1\" \/>\n<meta property=\"og:locale\" content=\"es_ES\" \/>\n<meta property=\"og:type\" content=\"article\" \/>\n<meta property=\"og:title\" content=\"Unete a Nuestro Equipo - Avenue 360\" \/>\n<meta property=\"og:description\" content=\"Our goal is to continue to leave a positive impact through providing quality health care and education through out those within our community. We welcome all of those who would like to join in furthering our mission!\" \/>\n<meta property=\"og:url\" content=\"https:\/\/avenue360.devtest.center\/about-avenue-360\/join-our-team\/\" \/>\n<meta property=\"og:site_name\" content=\"Avenue 360\" \/>\n<meta property=\"article:publisher\" content=\"https:\/\/www.facebook.com\/Avenue360\/\" \/>\n<meta property=\"article:modified_time\" content=\"2021-03-26T15:09:39+00:00\" \/>\n<meta property=\"og:image\" content=\"https:\/\/avenue360.devtest.center\/wp-content\/uploads\/2017\/02\/Discovery-Green.jpg\" \/>\n\t<meta property=\"og:image:width\" content=\"1496\" \/>\n\t<meta property=\"og:image:height\" content=\"595\" \/>\n\t<meta property=\"og:image:type\" content=\"image\/jpeg\" \/>\n<meta name=\"twitter:card\" content=\"summary_large_image\" \/>\n<meta name=\"twitter:site\" content=\"@Avenue_360\" \/>\n<meta name=\"twitter:label1\" content=\"Tiempo de lectura\" \/>\n\t<meta name=\"twitter:data1\" content=\"2 minutos\" \/>\n<script type=\"application\/ld+json\" class=\"yoast-schema-graph\">{\"@context\":\"https:\\\/\\\/schema.org\",\"@graph\":[{\"@type\":\"WebPage\",\"@id\":\"https:\\\/\\\/avenue360.devtest.center\\\/about-avenue-360\\\/join-our-team\\\/\",\"url\":\"https:\\\/\\\/avenue360.devtest.center\\\/about-avenue-360\\\/join-our-team\\\/\",\"name\":\"Unete a Nuestro Equipo - Avenue 360\",\"isPartOf\":{\"@id\":\"https:\\\/\\\/avenue360.devtest.center\\\/#website\"},\"primaryImageOfPage\":{\"@id\":\"https:\\\/\\\/avenue360.devtest.center\\\/about-avenue-360\\\/join-our-team\\\/#primaryimage\"},\"image\":{\"@id\":\"https:\\\/\\\/avenue360.devtest.center\\\/about-avenue-360\\\/join-our-team\\\/#primaryimage\"},\"thumbnailUrl\":\"https:\\\/\\\/avenue360.devtest.center\\\/wp-content\\\/uploads\\\/2017\\\/02\\\/Discovery-Green.jpg\",\"datePublished\":\"2017-02-13T21:25:34+00:00\",\"dateModified\":\"2021-03-26T15:09:39+00:00\",\"description\":\"Our goal is to continue to leave a positive impact through providing quality health care and education through out those within our community. We welcome all of those who would like to join in furthering our mission!\",\"breadcrumb\":{\"@id\":\"https:\\\/\\\/avenue360.devtest.center\\\/about-avenue-360\\\/join-our-team\\\/#breadcrumb\"},\"inLanguage\":\"es\",\"potentialAction\":[{\"@type\":\"ReadAction\",\"target\":[\"https:\\\/\\\/avenue360.devtest.center\\\/about-avenue-360\\\/join-our-team\\\/\"]}]},{\"@type\":\"ImageObject\",\"inLanguage\":\"es\",\"@id\":\"https:\\\/\\\/avenue360.devtest.center\\\/about-avenue-360\\\/join-our-team\\\/#primaryimage\",\"url\":\"https:\\\/\\\/avenue360.devtest.center\\\/wp-content\\\/uploads\\\/2017\\\/02\\\/Discovery-Green.jpg\",\"contentUrl\":\"https:\\\/\\\/avenue360.devtest.center\\\/wp-content\\\/uploads\\\/2017\\\/02\\\/Discovery-Green.jpg\",\"width\":1496,\"height\":595},{\"@type\":\"BreadcrumbList\",\"@id\":\"https:\\\/\\\/avenue360.devtest.center\\\/about-avenue-360\\\/join-our-team\\\/#breadcrumb\",\"itemListElement\":[{\"@type\":\"ListItem\",\"position\":1,\"name\":\"Home\",\"item\":\"https:\\\/\\\/avenue360.devtest.center\\\/\"},{\"@type\":\"ListItem\",\"position\":2,\"name\":\"Acerca de Nosotros\",\"item\":\"https:\\\/\\\/avenue360.devtest.center\\\/about-avenue-360\\\/\"},{\"@type\":\"ListItem\",\"position\":3,\"name\":\"Unete a Nuestro Equipo\"}]},{\"@type\":\"WebSite\",\"@id\":\"https:\\\/\\\/avenue360.devtest.center\\\/#website\",\"url\":\"https:\\\/\\\/avenue360.devtest.center\\\/\",\"name\":\"Avenue 360\",\"description\":\"Health &amp; Wellness\",\"publisher\":{\"@id\":\"https:\\\/\\\/avenue360.devtest.center\\\/#organization\"},\"potentialAction\":[{\"@type\":\"SearchAction\",\"target\":{\"@type\":\"EntryPoint\",\"urlTemplate\":\"https:\\\/\\\/avenue360.devtest.center\\\/?s={search_term_string}\"},\"query-input\":{\"@type\":\"PropertyValueSpecification\",\"valueRequired\":true,\"valueName\":\"search_term_string\"}}],\"inLanguage\":\"es\"},{\"@type\":\"Organization\",\"@id\":\"https:\\\/\\\/avenue360.devtest.center\\\/#organization\",\"name\":\"Avenue 360\",\"url\":\"https:\\\/\\\/avenue360.devtest.center\\\/\",\"logo\":{\"@type\":\"ImageObject\",\"inLanguage\":\"es\",\"@id\":\"https:\\\/\\\/avenue360.devtest.center\\\/#\\\/schema\\\/logo\\\/image\\\/\",\"url\":\"https:\\\/\\\/avenue360.devtest.center\\\/wp-content\\\/uploads\\\/2017\\\/03\\\/avenue-360.png\",\"contentUrl\":\"https:\\\/\\\/avenue360.devtest.center\\\/wp-content\\\/uploads\\\/2017\\\/03\\\/avenue-360.png\",\"width\":360,\"height\":360,\"caption\":\"Avenue 360\"},\"image\":{\"@id\":\"https:\\\/\\\/avenue360.devtest.center\\\/#\\\/schema\\\/logo\\\/image\\\/\"},\"sameAs\":[\"https:\\\/\\\/www.facebook.com\\\/Avenue360\\\/\",\"https:\\\/\\\/x.com\\\/Avenue_360\",\"http:\\\/\\\/avenue360\",\"https:\\\/\\\/www.linkedin.com\\\/company\\\/avenue-360-health-and-wellness\\\/\",\"https:\\\/\\\/www.youtube.com\\\/channel\\\/UCgyf387ZDDdWlf4U0zEEmLA\"]}]}<\/script>\n<!-- \/ Yoast SEO plugin. -->","yoast_head_json":{"title":"Unete a Nuestro Equipo - Avenue 360","description":"Our goal is to continue to leave a positive impact through providing quality health care and education through out those within our community. We welcome all of those who would like to join in furthering our mission!","robots":{"index":"noindex","follow":"follow","max-snippet":"max-snippet:-1","max-image-preview":"max-image-preview:large","max-video-preview":"max-video-preview:-1"},"og_locale":"es_ES","og_type":"article","og_title":"Unete a Nuestro Equipo - Avenue 360","og_description":"Our goal is to continue to leave a positive impact through providing quality health care and education through out those within our community. We welcome all of those who would like to join in furthering our mission!","og_url":"https:\/\/avenue360.devtest.center\/about-avenue-360\/join-our-team\/","og_site_name":"Avenue 360","article_publisher":"https:\/\/www.facebook.com\/Avenue360\/","article_modified_time":"2021-03-26T15:09:39+00:00","og_image":[{"width":1496,"height":595,"url":"https:\/\/avenue360.devtest.center\/wp-content\/uploads\/2017\/02\/Discovery-Green.jpg","type":"image\/jpeg"}],"twitter_card":"summary_large_image","twitter_site":"@Avenue_360","twitter_misc":{"Tiempo de lectura":"2 minutos"},"schema":{"@context":"https:\/\/schema.org","@graph":[{"@type":"WebPage","@id":"https:\/\/avenue360.devtest.center\/about-avenue-360\/join-our-team\/","url":"https:\/\/avenue360.devtest.center\/about-avenue-360\/join-our-team\/","name":"Unete a Nuestro Equipo - Avenue 360","isPartOf":{"@id":"https:\/\/avenue360.devtest.center\/#website"},"primaryImageOfPage":{"@id":"https:\/\/avenue360.devtest.center\/about-avenue-360\/join-our-team\/#primaryimage"},"image":{"@id":"https:\/\/avenue360.devtest.center\/about-avenue-360\/join-our-team\/#primaryimage"},"thumbnailUrl":"https:\/\/avenue360.devtest.center\/wp-content\/uploads\/2017\/02\/Discovery-Green.jpg","datePublished":"2017-02-13T21:25:34+00:00","dateModified":"2021-03-26T15:09:39+00:00","description":"Our goal is to continue to leave a positive impact through providing quality health care and education through out those within our community. We welcome all of those who would like to join in furthering our mission!","breadcrumb":{"@id":"https:\/\/avenue360.devtest.center\/about-avenue-360\/join-our-team\/#breadcrumb"},"inLanguage":"es","potentialAction":[{"@type":"ReadAction","target":["https:\/\/avenue360.devtest.center\/about-avenue-360\/join-our-team\/"]}]},{"@type":"ImageObject","inLanguage":"es","@id":"https:\/\/avenue360.devtest.center\/about-avenue-360\/join-our-team\/#primaryimage","url":"https:\/\/avenue360.devtest.center\/wp-content\/uploads\/2017\/02\/Discovery-Green.jpg","contentUrl":"https:\/\/avenue360.devtest.center\/wp-content\/uploads\/2017\/02\/Discovery-Green.jpg","width":1496,"height":595},{"@type":"BreadcrumbList","@id":"https:\/\/avenue360.devtest.center\/about-avenue-360\/join-our-team\/#breadcrumb","itemListElement":[{"@type":"ListItem","position":1,"name":"Home","item":"https:\/\/avenue360.devtest.center\/"},{"@type":"ListItem","position":2,"name":"Acerca de Nosotros","item":"https:\/\/avenue360.devtest.center\/about-avenue-360\/"},{"@type":"ListItem","position":3,"name":"Unete a Nuestro Equipo"}]},{"@type":"WebSite","@id":"https:\/\/avenue360.devtest.center\/#website","url":"https:\/\/avenue360.devtest.center\/","name":"Avenue 360","description":"Health &amp; Wellness","publisher":{"@id":"https:\/\/avenue360.devtest.center\/#organization"},"potentialAction":[{"@type":"SearchAction","target":{"@type":"EntryPoint","urlTemplate":"https:\/\/avenue360.devtest.center\/?s={search_term_string}"},"query-input":{"@type":"PropertyValueSpecification","valueRequired":true,"valueName":"search_term_string"}}],"inLanguage":"es"},{"@type":"Organization","@id":"https:\/\/avenue360.devtest.center\/#organization","name":"Avenue 360","url":"https:\/\/avenue360.devtest.center\/","logo":{"@type":"ImageObject","inLanguage":"es","@id":"https:\/\/avenue360.devtest.center\/#\/schema\/logo\/image\/","url":"https:\/\/avenue360.devtest.center\/wp-content\/uploads\/2017\/03\/avenue-360.png","contentUrl":"https:\/\/avenue360.devtest.center\/wp-content\/uploads\/2017\/03\/avenue-360.png","width":360,"height":360,"caption":"Avenue 360"},"image":{"@id":"https:\/\/avenue360.devtest.center\/#\/schema\/logo\/image\/"},"sameAs":["https:\/\/www.facebook.com\/Avenue360\/","https:\/\/x.com\/Avenue_360","http:\/\/avenue360","https:\/\/www.linkedin.com\/company\/avenue-360-health-and-wellness\/","https:\/\/www.youtube.com\/channel\/UCgyf387ZDDdWlf4U0zEEmLA"]}]}},"_links":{"self":[{"href":"https:\/\/avenue360.devtest.center\/es\/wp-json\/wp\/v2\/pages\/1102","targetHints":{"allow":["GET"]}}],"collection":[{"href":"https:\/\/avenue360.devtest.center\/es\/wp-json\/wp\/v2\/pages"}],"about":[{"href":"https:\/\/avenue360.devtest.center\/es\/wp-json\/wp\/v2\/types\/page"}],"author":[{"embeddable":true,"href":"https:\/\/avenue360.devtest.center\/es\/wp-json\/wp\/v2\/users\/3"}],"replies":[{"embeddable":true,"href":"https:\/\/avenue360.devtest.center\/es\/wp-json\/wp\/v2\/comments?post=1102"}],"version-history":[{"count":0,"href":"https:\/\/avenue360.devtest.center\/es\/wp-json\/wp\/v2\/pages\/1102\/revisions"}],"up":[{"embeddable":true,"href":"https:\/\/avenue360.devtest.center\/es\/wp-json\/wp\/v2\/pages\/1094"}],"wp:featuredmedia":[{"embeddable":true,"href":"https:\/\/avenue360.devtest.center\/es\/wp-json\/wp\/v2\/media\/1103"}],"wp:attachment":[{"href":"https:\/\/avenue360.devtest.center\/es\/wp-json\/wp\/v2\/media?parent=1102"}],"curies":[{"name":"wp","href":"https:\/\/api.w.org\/{rel}","templated":true}]}}