{"id":1109,"date":"2017-01-31T12:27:20","date_gmt":"2017-01-31T17:27:20","guid":{"rendered":"http:\/\/avenue360.org\/appointments\/"},"modified":"2020-10-05T15:18:15","modified_gmt":"2020-10-05T20:18:15","slug":"citas","status":"publish","type":"page","link":"https:\/\/avenue360.devtest.center\/es\/citas\/","title":{"rendered":"Citas"},"content":{"rendered":"<p>Para atenci\u00f3n m\u00e9dica de calidad, incluyendo medicina para adultos, pediatr\u00eda, cuidados dentales, geriatr\u00eda, consejer\u00eda, psiquiatr\u00eda, y control de enfermedades como diabetes e hipertensi\u00f3n, programe una cita en una de nuestras siete localidades del \u00e1rea de Houston (<a href=\"\/wp-content\/uploads\/2020\/07\/Avenue-360-Map-Locations.pdf\">mapa aqu\u00ed<\/a>). Nosotros proporcionamos evaluaciones de c\u00e1ncer y servicios de tratamiento y prevenci\u00f3n del VIH. La farmacia dentro de nuestras instalaciones en The Heights proporciona medicamentos a precios reducidos.<\/p>\n<p>Llame al <strong>(713) 426-0027<\/strong> para hacer una cita en la cl\u00ednica. Para una Visita Virtual por tel\u00e9fono o por computadora, ingrese su informaci\u00f3n en <a href=\"\/?page_id=1791\">esta forma<\/a> y nos comunicaremos con usted con una cita.<\/p>\n<h2>Seguros<\/h2>\n<p>Aceptamos los siguientes seguros: Aetna, Ambetter, Amerigroup, Blue Cross Blue Shield, Cigna, Community Health Choice, Medicaid, Medicare, Texas Children\u2019s Health Plan, United Healthcare y muchos otros.<\/p>\n<h2>Formas<\/h2>\n<p>Si usted es un paciente nuevo y necesita completar sus formas de registro y consentimiento m\u00e9dico, favor de hacer clic aqu\u00ed.<\/p>\n","protected":false},"excerpt":{"rendered":"<p>Para atenci\u00f3n m\u00e9dica de calidad, incluyendo medicina para adultos, pediatr\u00eda, cuidados dentales, geriatr\u00eda, consejer\u00eda, psiquiatr\u00eda, y control de enfermedades como diabetes e hipertensi\u00f3n, programe una cita en una de nuestras siete localidades del \u00e1rea de Houston (mapa aqu\u00ed). Nosotros proporcionamos evaluaciones de c\u00e1ncer y servicios de tratamiento y prevenci\u00f3n del VIH. La farmacia dentro de&#8230;<\/p>\n","protected":false},"author":2,"featured_media":0,"parent":0,"menu_order":27,"comment_status":"closed","ping_status":"closed","template":"","meta":{"_acf_changed":false,"footnotes":""},"class_list":["post-1109","page","type-page","status-publish","hentry"],"acf":[],"yoast_head":"<!-- This site is optimized with the Yoast SEO plugin v27.4 - https:\/\/yoast.com\/product\/yoast-seo-wordpress\/ -->\n<title>Appointments | Avenue 360<\/title>\n<meta name=\"description\" content=\"Your health and that of your family&#039;s are important to us. Sign up for an appointment today!\" \/>\n<meta name=\"robots\" content=\"noindex, follow, max-snippet:-1, max-image-preview:large, max-video-preview:-1\" \/>\n<meta property=\"og:locale\" content=\"es_ES\" \/>\n<meta property=\"og:type\" content=\"article\" \/>\n<meta property=\"og:title\" content=\"Appointments | Avenue 360\" \/>\n<meta property=\"og:description\" content=\"Your health and that of your family&#039;s are important to us. Sign up for an appointment today!\" \/>\n<meta property=\"og:url\" content=\"https:\/\/avenue360.devtest.center\/avenue360-org-appointments\/\" \/>\n<meta property=\"og:site_name\" content=\"Avenue 360\" \/>\n<meta property=\"article:publisher\" content=\"https:\/\/www.facebook.com\/Avenue360\/\" \/>\n<meta property=\"article:modified_time\" content=\"2020-10-05T20:18:15+00:00\" \/>\n<meta name=\"twitter:card\" content=\"summary_large_image\" \/>\n<meta name=\"twitter:site\" content=\"@Avenue_360\" \/>\n<meta name=\"twitter:label1\" content=\"Tiempo de lectura\" \/>\n\t<meta name=\"twitter:data1\" content=\"1 minuto\" \/>\n<script type=\"application\/ld+json\" class=\"yoast-schema-graph\">{\"@context\":\"https:\\\/\\\/schema.org\",\"@graph\":[{\"@type\":\"WebPage\",\"@id\":\"https:\\\/\\\/avenue360.devtest.center\\\/avenue360-org-appointments\\\/\",\"url\":\"https:\\\/\\\/avenue360.devtest.center\\\/avenue360-org-appointments\\\/\",\"name\":\"Appointments | Avenue 360\",\"isPartOf\":{\"@id\":\"https:\\\/\\\/avenue360.devtest.center\\\/#website\"},\"datePublished\":\"2017-01-31T17:27:20+00:00\",\"dateModified\":\"2020-10-05T20:18:15+00:00\",\"description\":\"Your health and that of your family's are important to us. Sign up for an appointment today!\",\"breadcrumb\":{\"@id\":\"https:\\\/\\\/avenue360.devtest.center\\\/avenue360-org-appointments\\\/#breadcrumb\"},\"inLanguage\":\"es\",\"potentialAction\":[{\"@type\":\"ReadAction\",\"target\":[\"https:\\\/\\\/avenue360.devtest.center\\\/avenue360-org-appointments\\\/\"]}]},{\"@type\":\"BreadcrumbList\",\"@id\":\"https:\\\/\\\/avenue360.devtest.center\\\/avenue360-org-appointments\\\/#breadcrumb\",\"itemListElement\":[{\"@type\":\"ListItem\",\"position\":1,\"name\":\"Home\",\"item\":\"https:\\\/\\\/avenue360.devtest.center\\\/\"},{\"@type\":\"ListItem\",\"position\":2,\"name\":\"Citas\"}]},{\"@type\":\"WebSite\",\"@id\":\"https:\\\/\\\/avenue360.devtest.center\\\/#website\",\"url\":\"https:\\\/\\\/avenue360.devtest.center\\\/\",\"name\":\"Avenue 360\",\"description\":\"Health &amp; Wellness\",\"publisher\":{\"@id\":\"https:\\\/\\\/avenue360.devtest.center\\\/#organization\"},\"potentialAction\":[{\"@type\":\"SearchAction\",\"target\":{\"@type\":\"EntryPoint\",\"urlTemplate\":\"https:\\\/\\\/avenue360.devtest.center\\\/?s={search_term_string}\"},\"query-input\":{\"@type\":\"PropertyValueSpecification\",\"valueRequired\":true,\"valueName\":\"search_term_string\"}}],\"inLanguage\":\"es\"},{\"@type\":\"Organization\",\"@id\":\"https:\\\/\\\/avenue360.devtest.center\\\/#organization\",\"name\":\"Avenue 360\",\"url\":\"https:\\\/\\\/avenue360.devtest.center\\\/\",\"logo\":{\"@type\":\"ImageObject\",\"inLanguage\":\"es\",\"@id\":\"https:\\\/\\\/avenue360.devtest.center\\\/#\\\/schema\\\/logo\\\/image\\\/\",\"url\":\"https:\\\/\\\/avenue360.devtest.center\\\/wp-content\\\/uploads\\\/2017\\\/03\\\/avenue-360.png\",\"contentUrl\":\"https:\\\/\\\/avenue360.devtest.center\\\/wp-content\\\/uploads\\\/2017\\\/03\\\/avenue-360.png\",\"width\":360,\"height\":360,\"caption\":\"Avenue 360\"},\"image\":{\"@id\":\"https:\\\/\\\/avenue360.devtest.center\\\/#\\\/schema\\\/logo\\\/image\\\/\"},\"sameAs\":[\"https:\\\/\\\/www.facebook.com\\\/Avenue360\\\/\",\"https:\\\/\\\/x.com\\\/Avenue_360\",\"http:\\\/\\\/avenue360\",\"https:\\\/\\\/www.linkedin.com\\\/company\\\/avenue-360-health-and-wellness\\\/\",\"https:\\\/\\\/www.youtube.com\\\/channel\\\/UCgyf387ZDDdWlf4U0zEEmLA\"]}]}<\/script>\n<!-- \/ Yoast SEO plugin. -->","yoast_head_json":{"title":"Appointments | Avenue 360","description":"Your health and that of your family's are important to us. Sign up for an appointment today!","robots":{"index":"noindex","follow":"follow","max-snippet":"max-snippet:-1","max-image-preview":"max-image-preview:large","max-video-preview":"max-video-preview:-1"},"og_locale":"es_ES","og_type":"article","og_title":"Appointments | Avenue 360","og_description":"Your health and that of your family's are important to us. Sign up for an appointment today!","og_url":"https:\/\/avenue360.devtest.center\/avenue360-org-appointments\/","og_site_name":"Avenue 360","article_publisher":"https:\/\/www.facebook.com\/Avenue360\/","article_modified_time":"2020-10-05T20:18:15+00:00","twitter_card":"summary_large_image","twitter_site":"@Avenue_360","twitter_misc":{"Tiempo de lectura":"1 minuto"},"schema":{"@context":"https:\/\/schema.org","@graph":[{"@type":"WebPage","@id":"https:\/\/avenue360.devtest.center\/avenue360-org-appointments\/","url":"https:\/\/avenue360.devtest.center\/avenue360-org-appointments\/","name":"Appointments | Avenue 360","isPartOf":{"@id":"https:\/\/avenue360.devtest.center\/#website"},"datePublished":"2017-01-31T17:27:20+00:00","dateModified":"2020-10-05T20:18:15+00:00","description":"Your health and that of your family's are important to us. Sign up for an appointment today!","breadcrumb":{"@id":"https:\/\/avenue360.devtest.center\/avenue360-org-appointments\/#breadcrumb"},"inLanguage":"es","potentialAction":[{"@type":"ReadAction","target":["https:\/\/avenue360.devtest.center\/avenue360-org-appointments\/"]}]},{"@type":"BreadcrumbList","@id":"https:\/\/avenue360.devtest.center\/avenue360-org-appointments\/#breadcrumb","itemListElement":[{"@type":"ListItem","position":1,"name":"Home","item":"https:\/\/avenue360.devtest.center\/"},{"@type":"ListItem","position":2,"name":"Citas"}]},{"@type":"WebSite","@id":"https:\/\/avenue360.devtest.center\/#website","url":"https:\/\/avenue360.devtest.center\/","name":"Avenue 360","description":"Health &amp; Wellness","publisher":{"@id":"https:\/\/avenue360.devtest.center\/#organization"},"potentialAction":[{"@type":"SearchAction","target":{"@type":"EntryPoint","urlTemplate":"https:\/\/avenue360.devtest.center\/?s={search_term_string}"},"query-input":{"@type":"PropertyValueSpecification","valueRequired":true,"valueName":"search_term_string"}}],"inLanguage":"es"},{"@type":"Organization","@id":"https:\/\/avenue360.devtest.center\/#organization","name":"Avenue 360","url":"https:\/\/avenue360.devtest.center\/","logo":{"@type":"ImageObject","inLanguage":"es","@id":"https:\/\/avenue360.devtest.center\/#\/schema\/logo\/image\/","url":"https:\/\/avenue360.devtest.center\/wp-content\/uploads\/2017\/03\/avenue-360.png","contentUrl":"https:\/\/avenue360.devtest.center\/wp-content\/uploads\/2017\/03\/avenue-360.png","width":360,"height":360,"caption":"Avenue 360"},"image":{"@id":"https:\/\/avenue360.devtest.center\/#\/schema\/logo\/image\/"},"sameAs":["https:\/\/www.facebook.com\/Avenue360\/","https:\/\/x.com\/Avenue_360","http:\/\/avenue360","https:\/\/www.linkedin.com\/company\/avenue-360-health-and-wellness\/","https:\/\/www.youtube.com\/channel\/UCgyf387ZDDdWlf4U0zEEmLA"]}]}},"_links":{"self":[{"href":"https:\/\/avenue360.devtest.center\/es\/wp-json\/wp\/v2\/pages\/1109","targetHints":{"allow":["GET"]}}],"collection":[{"href":"https:\/\/avenue360.devtest.center\/es\/wp-json\/wp\/v2\/pages"}],"about":[{"href":"https:\/\/avenue360.devtest.center\/es\/wp-json\/wp\/v2\/types\/page"}],"author":[{"embeddable":true,"href":"https:\/\/avenue360.devtest.center\/es\/wp-json\/wp\/v2\/users\/2"}],"replies":[{"embeddable":true,"href":"https:\/\/avenue360.devtest.center\/es\/wp-json\/wp\/v2\/comments?post=1109"}],"version-history":[{"count":0,"href":"https:\/\/avenue360.devtest.center\/es\/wp-json\/wp\/v2\/pages\/1109\/revisions"}],"wp:attachment":[{"href":"https:\/\/avenue360.devtest.center\/es\/wp-json\/wp\/v2\/media?parent=1109"}],"curies":[{"name":"wp","href":"https:\/\/api.w.org\/{rel}","templated":true}]}}