{"id":1110,"date":"2017-01-31T12:27:36","date_gmt":"2017-01-31T17:27:36","guid":{"rendered":"http:\/\/avenue360.org\/locations\/"},"modified":"2021-10-18T18:09:57","modified_gmt":"2021-10-18T23:09:57","slug":"locations","status":"publish","type":"page","link":"https:\/\/avenue360.devtest.center\/es\/locations\/","title":{"rendered":"Locations"},"content":{"rendered":"<p>Llame a la ubicaci\u00f3n m\u00e1s conveniente a continuaci\u00f3n para programar una cita, llame al <strong>(713)426-0027<\/strong>.<\/p>\n<h2 id=\"tw-target-text\" class=\"tw-data-text tw-text-large XcVN5d tw-ta\" data-placeholder=\"Translation\"><span lang=\"es\">Nuestras Ubicaciones<\/span><\/h2>\n<h4>Heights<\/h4>\n<p>2150 West 18th St. 3rd Fl., 77008<br \/>\n(713) 426-0027<\/p>\n<p>Lunes-Jueves: 8am &#8211; 6pm<br \/>\nViernes: 8am &#8211; 5pm<\/p>\n<ul>\n<li>Atenci\u00f3n Primaria<\/li>\n<li>Infermedades Infeccciosas, incluyendo VIH<\/li>\n<li>Atenci\u00f3n Prenatal y Posparto<\/li>\n<li>Planificaci\u00f3n Familiar<\/li>\n<li>Ginecolog\u00eda\/Obstetricia<\/li>\n<li>Visitas para Bienestar del Ni\u00f1o<\/li>\n<li>Ex\u00e1menes<\/li>\n<li>Vacunas<\/li>\n<li>Farmacia<\/li>\n<li>Laboratorio de Diagn\u00f3stico y Radiolog\u00eda<\/li>\n<li>Cobertura para Emergencias Durante y Fuera del Horario de Atenci\u00f3n<\/li>\n<li>Servicios de Psiquiatr\u00eda, Salud Mental y Tratamiento por Abuso de Sustancias<\/li>\n<li>Servicios de Alcance Comunitario y Educaci\u00f3n sobre la Salud<\/li>\n<li>Servicios de Vivienda<\/li>\n<li>Servicios de Elegibilidad<\/li>\n<li>Manejo de Casos<\/li>\n<li>Informaci\u00f3n y Referencia<\/li>\n<li>Servicios de Transporte<\/li>\n<li>Servicios de Traducci\u00f3n<\/li>\n<\/ul>\n<h4>Midtown<\/h4>\n<p>2920 Fannin St., 77002<br \/>\nServicios M\u00e9dicos: (713) 426-0027<\/p>\n<p>Servicios Dentales: (713) 341-3790<\/p>\n<p>Lunes-Jueves: 8am &#8211; 6pm<\/p>\n<p>Viernes: 8am-5pm<\/p>\n<ul>\n<li id=\"tw-target-text\" class=\"tw-data-text tw-text-large XcVN5d tw-ta\" data-placeholder=\"Translation\">Atenci\u00f3n\u00a0Primaria<\/li>\n<li>Atenci\u00f3n Especializada para el VIH<\/li>\n<li>Salud Conductual<\/li>\n<li class=\"tw-data-text tw-text-large XcVN5d tw-ta\" data-placeholder=\"Translation\">Cuidado Dental<\/li>\n<li class=\"tw-data-text tw-text-large XcVN5d tw-ta\" data-placeholder=\"Translation\">Visitas Virtuales y en la Cl\u00ednica<\/li>\n<\/ul>\n<h4>Humble<\/h4>\n<p>9816 Memorial Blvd. Suite 120, 77338<br \/>\n(281) 570-2525<\/p>\n<p>Lunes-Viernes: 8am &#8211; 5pm<\/p>\n<ul>\n<li>Atenci\u00f3n Primaria<\/li>\n<li>Visitas para Bienestar del Ni\u00f1o<\/li>\n<li>Atenci\u00f3n Ginecolog\u00edca<\/li>\n<li>Planificaci\u00f3n Familiar<\/li>\n<li>Cuidado Prenatal<\/li>\n<li>Vacunas<\/li>\n<li>Ex\u00e1menes<\/li>\n<li>Cobertura para Emergencias Durante y Fuera del Horario de Atenci\u00f3n<\/li>\n<li>Servicios de Alcance Comunitario y Educaci\u00f3n sobre la Salud<\/li>\n<li>Servicios de Elegibilidad<\/li>\n<\/ul>\n<h4>South Central<\/h4>\n<p>4405 Griggs Rd., 77021<br \/>\n(832)962-4111<\/p>\n<p>Lunes, Martes, and Viernes: 8am &#8211; 5pm<br \/>\nMi\u00e9rcoles y Jueves: 9am &#8211; 6pm<\/p>\n<ul>\n<li>Atenci\u00f3n Primaria<\/li>\n<li>Ginecolog\u00eda\/Obstetricia<\/li>\n<li>Planificaci\u00f3n Familiar<\/li>\n<li>Atenci\u00f3n Posparto<\/li>\n<li>Visitas para Bienestar del Ni\u00f1o<\/li>\n<li>Vacunas<\/li>\n<li>Ex\u00e1menes<\/li>\n<li>Laboratorio de Diagn\u00f3stico<\/li>\n<li>Cobertura para Emergencias Durante y Fuera del Horario de Atenci\u00f3n<\/li>\n<li>Asesor\u00eda\/orientaci\u00f3n en Salud Mental<\/li>\n<li>Servicios de Alcance Comunitario y Educaci\u00f3n sobre la Salud<\/li>\n<li>Servicios de Elegibilidad<\/li>\n<li>Manejo de Casos<\/li>\n<li>Informaci\u00f3n y Referencia<\/li>\n<li>Servicios de Traducci\u00f3n<\/li>\n<\/ul>\n<h4>Spring Cypress<\/h4>\n<p>17010 Sugar Pine Dr., 77090<br \/>\n(281)537-8627<\/p>\n<p>Lunes-Viernes: 8am &#8211; 5pm<\/p>\n<ul>\n<li>Atenci\u00f3n Primaria<\/li>\n<li>Atenci\u00f3n Ginecolog\u00edca<\/li>\n<li>Planificaci\u00f3n Familiar<\/li>\n<li>Cuidado Prenatal<\/li>\n<li>Visitas para Bienestar del Ni\u00f1o<\/li>\n<li>Vacunas<\/li>\n<li>Ex\u00e1menes<\/li>\n<li>Farmacia<\/li>\n<li>Cobertura para Emergencias Durante y Fuera del Horario de Atenci\u00f3n<\/li>\n<li>Asesor\u00eda\/Orientaci\u00f3n en Salud Mental<\/li>\n<li>Servicios de Alcance Comunitario y Educaci\u00f3n sobre la Salud<\/li>\n<li>Servicios de Elegibilidad<\/li>\n<li>Informaci\u00f3n y Referencia<\/li>\n<li>Servicios de Traducci\u00f3n<\/li>\n<\/ul>\n<h4>Memorial City<\/h4>\n<p>902 Frostwood, Suite 142, 77024<br \/>\n(713)827-8266<\/p>\n<p>Lunes: 8am &#8211; 7pm<br \/>\nMartes-Viernes: 8am &#8211; 5pm<\/p>\n<ul>\n<li>Atenci\u00f3n Primaria<\/li>\n<li>Pediatr\u00eda<\/li>\n<li>Visitas para Bienestar del Ni\u00f1o<\/li>\n<li>Planificaci\u00f3n Familiar<\/li>\n<li>Vacunas<\/li>\n<li>Ex\u00e1menes<\/li>\n<li>Cobertura para Emergencias Durante y Fuera del Horario de Atenci\u00f3n<\/li>\n<li>Asesor\u00eda\/Orientaci\u00f3n en Salud Mental<\/li>\n<li>Servicios de Elegibilidad<\/li>\n<li>Informaci\u00f3n y Referencia<\/li>\n<li>Servicios de Traducci\u00f3n<\/li>\n<\/ul>\n<h4>Southwest<\/h4>\n<p>14095 South Main St., 77035<br \/>\n(832)830-8345<\/p>\n<p>Lunes-Viernes: 8am &#8211; 5pm<\/p>\n<ul>\n<li>Atenci\u00f3n Primaria<\/li>\n<li>Pediatr\u00eda, Incluyendo Visitas de Ni\u00f1o Sano<\/li>\n<li>Ginecolog\u00eda\/Obstetricia<\/li>\n<li>Atenci\u00f3n Prenatal y Posparto<\/li>\n<li>Planificaci\u00f3n Familiar<\/li>\n<li>Vacunas<\/li>\n<li>Ex\u00e1menes<\/li>\n<li>Cobertura para Emergencias Durante y Fuera del Horario de Atenci\u00f3n<\/li>\n<li>Asesor\u00eda\/Orientaci\u00f3n en Salud Mental<\/li>\n<li>Cuidado Dental Preventivo (Adultos y Ni\u00f1os)<\/li>\n<li>Radiolog\u00eda<\/li>\n<li>Servicios de Alcance Comunitario y Educaci\u00f3n sobre la Salud<\/li>\n<li>Servicios de Elegibilidad<\/li>\n<li>Informaci\u00f3n y Referencia<\/li>\n<li>Servicios de Traducci\u00f3n<\/li>\n<\/ul>\n","protected":false},"excerpt":{"rendered":"<p>Llame a la ubicaci\u00f3n m\u00e1s conveniente a continuaci\u00f3n para programar una cita, llame al (713)426-0027. Nuestras Ubicaciones Heights 2150 West 18th St. 3rd Fl., 77008 (713) 426-0027 Lunes-Jueves: 8am &#8211; 6pm Viernes: 8am &#8211; 5pm Atenci\u00f3n Primaria Infermedades Infeccciosas, incluyendo VIH Atenci\u00f3n Prenatal y Posparto Planificaci\u00f3n Familiar Ginecolog\u00eda\/Obstetricia Visitas para Bienestar del Ni\u00f1o Ex\u00e1menes Vacunas&#8230;<\/p>\n","protected":false},"author":2,"featured_media":0,"parent":0,"menu_order":29,"comment_status":"closed","ping_status":"closed","template":"","meta":{"_acf_changed":false,"footnotes":""},"class_list":["post-1110","page","type-page","status-publish","hentry"],"acf":[],"yoast_head":"<!-- This site is optimized with the Yoast SEO plugin v27.4 - https:\/\/yoast.com\/product\/yoast-seo-wordpress\/ -->\n<title>Houston Community Locations | Avenue 360<\/title>\n<meta name=\"description\" content=\"With locations throughout the Houston area, Avenue 360 knows how important it is for you to have the services you need available at when and where you need them. Check out a few of our locations here!\" \/>\n<meta name=\"robots\" content=\"noindex, follow, max-snippet:-1, max-image-preview:large, max-video-preview:-1\" \/>\n<meta property=\"og:locale\" content=\"es_ES\" \/>\n<meta property=\"og:type\" content=\"article\" \/>\n<meta property=\"og:title\" content=\"Houston Community Locations | Avenue 360\" \/>\n<meta property=\"og:description\" content=\"With locations throughout the Houston area, Avenue 360 knows how important it is for you to have the services you need available at when and where you need them. Check out a few of our locations here!\" \/>\n<meta property=\"og:url\" content=\"https:\/\/avenue360.devtest.center\/houston-clinic-locations\/\" \/>\n<meta property=\"og:site_name\" content=\"Avenue 360\" \/>\n<meta property=\"article:publisher\" content=\"https:\/\/www.facebook.com\/Avenue360\/\" \/>\n<meta property=\"article:modified_time\" content=\"2021-10-18T23:09:57+00:00\" \/>\n<meta name=\"twitter:card\" content=\"summary_large_image\" \/>\n<meta name=\"twitter:site\" content=\"@Avenue_360\" \/>\n<meta name=\"twitter:label1\" content=\"Tiempo de lectura\" \/>\n\t<meta name=\"twitter:data1\" content=\"2 minutos\" \/>\n<script type=\"application\/ld+json\" class=\"yoast-schema-graph\">{\"@context\":\"https:\\\/\\\/schema.org\",\"@graph\":[{\"@type\":\"WebPage\",\"@id\":\"https:\\\/\\\/avenue360.devtest.center\\\/houston-clinic-locations\\\/\",\"url\":\"https:\\\/\\\/avenue360.devtest.center\\\/houston-clinic-locations\\\/\",\"name\":\"Houston Community Locations | Avenue 360\",\"isPartOf\":{\"@id\":\"https:\\\/\\\/avenue360.devtest.center\\\/#website\"},\"datePublished\":\"2017-01-31T17:27:36+00:00\",\"dateModified\":\"2021-10-18T23:09:57+00:00\",\"description\":\"With locations throughout the Houston area, Avenue 360 knows how important it is for you to have the services you need available at when and where you need them. Check out a few of our locations here!\",\"breadcrumb\":{\"@id\":\"https:\\\/\\\/avenue360.devtest.center\\\/houston-clinic-locations\\\/#breadcrumb\"},\"inLanguage\":\"es\",\"potentialAction\":[{\"@type\":\"ReadAction\",\"target\":[\"https:\\\/\\\/avenue360.devtest.center\\\/houston-clinic-locations\\\/\"]}]},{\"@type\":\"BreadcrumbList\",\"@id\":\"https:\\\/\\\/avenue360.devtest.center\\\/houston-clinic-locations\\\/#breadcrumb\",\"itemListElement\":[{\"@type\":\"ListItem\",\"position\":1,\"name\":\"Home\",\"item\":\"https:\\\/\\\/avenue360.devtest.center\\\/\"},{\"@type\":\"ListItem\",\"position\":2,\"name\":\"Locations\"}]},{\"@type\":\"WebSite\",\"@id\":\"https:\\\/\\\/avenue360.devtest.center\\\/#website\",\"url\":\"https:\\\/\\\/avenue360.devtest.center\\\/\",\"name\":\"Avenue 360\",\"description\":\"Health &amp; Wellness\",\"publisher\":{\"@id\":\"https:\\\/\\\/avenue360.devtest.center\\\/#organization\"},\"potentialAction\":[{\"@type\":\"SearchAction\",\"target\":{\"@type\":\"EntryPoint\",\"urlTemplate\":\"https:\\\/\\\/avenue360.devtest.center\\\/?s={search_term_string}\"},\"query-input\":{\"@type\":\"PropertyValueSpecification\",\"valueRequired\":true,\"valueName\":\"search_term_string\"}}],\"inLanguage\":\"es\"},{\"@type\":\"Organization\",\"@id\":\"https:\\\/\\\/avenue360.devtest.center\\\/#organization\",\"name\":\"Avenue 360\",\"url\":\"https:\\\/\\\/avenue360.devtest.center\\\/\",\"logo\":{\"@type\":\"ImageObject\",\"inLanguage\":\"es\",\"@id\":\"https:\\\/\\\/avenue360.devtest.center\\\/#\\\/schema\\\/logo\\\/image\\\/\",\"url\":\"https:\\\/\\\/avenue360.devtest.center\\\/wp-content\\\/uploads\\\/2017\\\/03\\\/avenue-360.png\",\"contentUrl\":\"https:\\\/\\\/avenue360.devtest.center\\\/wp-content\\\/uploads\\\/2017\\\/03\\\/avenue-360.png\",\"width\":360,\"height\":360,\"caption\":\"Avenue 360\"},\"image\":{\"@id\":\"https:\\\/\\\/avenue360.devtest.center\\\/#\\\/schema\\\/logo\\\/image\\\/\"},\"sameAs\":[\"https:\\\/\\\/www.facebook.com\\\/Avenue360\\\/\",\"https:\\\/\\\/x.com\\\/Avenue_360\",\"http:\\\/\\\/avenue360\",\"https:\\\/\\\/www.linkedin.com\\\/company\\\/avenue-360-health-and-wellness\\\/\",\"https:\\\/\\\/www.youtube.com\\\/channel\\\/UCgyf387ZDDdWlf4U0zEEmLA\"]}]}<\/script>\n<!-- \/ Yoast SEO plugin. -->","yoast_head_json":{"title":"Houston Community Locations | Avenue 360","description":"With locations throughout the Houston area, Avenue 360 knows how important it is for you to have the services you need available at when and where you need them. Check out a few of our locations here!","robots":{"index":"noindex","follow":"follow","max-snippet":"max-snippet:-1","max-image-preview":"max-image-preview:large","max-video-preview":"max-video-preview:-1"},"og_locale":"es_ES","og_type":"article","og_title":"Houston Community Locations | Avenue 360","og_description":"With locations throughout the Houston area, Avenue 360 knows how important it is for you to have the services you need available at when and where you need them. Check out a few of our locations here!","og_url":"https:\/\/avenue360.devtest.center\/houston-clinic-locations\/","og_site_name":"Avenue 360","article_publisher":"https:\/\/www.facebook.com\/Avenue360\/","article_modified_time":"2021-10-18T23:09:57+00:00","twitter_card":"summary_large_image","twitter_site":"@Avenue_360","twitter_misc":{"Tiempo de lectura":"2 minutos"},"schema":{"@context":"https:\/\/schema.org","@graph":[{"@type":"WebPage","@id":"https:\/\/avenue360.devtest.center\/houston-clinic-locations\/","url":"https:\/\/avenue360.devtest.center\/houston-clinic-locations\/","name":"Houston Community Locations | Avenue 360","isPartOf":{"@id":"https:\/\/avenue360.devtest.center\/#website"},"datePublished":"2017-01-31T17:27:36+00:00","dateModified":"2021-10-18T23:09:57+00:00","description":"With locations throughout the Houston area, Avenue 360 knows how important it is for you to have the services you need available at when and where you need them. Check out a few of our locations here!","breadcrumb":{"@id":"https:\/\/avenue360.devtest.center\/houston-clinic-locations\/#breadcrumb"},"inLanguage":"es","potentialAction":[{"@type":"ReadAction","target":["https:\/\/avenue360.devtest.center\/houston-clinic-locations\/"]}]},{"@type":"BreadcrumbList","@id":"https:\/\/avenue360.devtest.center\/houston-clinic-locations\/#breadcrumb","itemListElement":[{"@type":"ListItem","position":1,"name":"Home","item":"https:\/\/avenue360.devtest.center\/"},{"@type":"ListItem","position":2,"name":"Locations"}]},{"@type":"WebSite","@id":"https:\/\/avenue360.devtest.center\/#website","url":"https:\/\/avenue360.devtest.center\/","name":"Avenue 360","description":"Health &amp; Wellness","publisher":{"@id":"https:\/\/avenue360.devtest.center\/#organization"},"potentialAction":[{"@type":"SearchAction","target":{"@type":"EntryPoint","urlTemplate":"https:\/\/avenue360.devtest.center\/?s={search_term_string}"},"query-input":{"@type":"PropertyValueSpecification","valueRequired":true,"valueName":"search_term_string"}}],"inLanguage":"es"},{"@type":"Organization","@id":"https:\/\/avenue360.devtest.center\/#organization","name":"Avenue 360","url":"https:\/\/avenue360.devtest.center\/","logo":{"@type":"ImageObject","inLanguage":"es","@id":"https:\/\/avenue360.devtest.center\/#\/schema\/logo\/image\/","url":"https:\/\/avenue360.devtest.center\/wp-content\/uploads\/2017\/03\/avenue-360.png","contentUrl":"https:\/\/avenue360.devtest.center\/wp-content\/uploads\/2017\/03\/avenue-360.png","width":360,"height":360,"caption":"Avenue 360"},"image":{"@id":"https:\/\/avenue360.devtest.center\/#\/schema\/logo\/image\/"},"sameAs":["https:\/\/www.facebook.com\/Avenue360\/","https:\/\/x.com\/Avenue_360","http:\/\/avenue360","https:\/\/www.linkedin.com\/company\/avenue-360-health-and-wellness\/","https:\/\/www.youtube.com\/channel\/UCgyf387ZDDdWlf4U0zEEmLA"]}]}},"_links":{"self":[{"href":"https:\/\/avenue360.devtest.center\/es\/wp-json\/wp\/v2\/pages\/1110","targetHints":{"allow":["GET"]}}],"collection":[{"href":"https:\/\/avenue360.devtest.center\/es\/wp-json\/wp\/v2\/pages"}],"about":[{"href":"https:\/\/avenue360.devtest.center\/es\/wp-json\/wp\/v2\/types\/page"}],"author":[{"embeddable":true,"href":"https:\/\/avenue360.devtest.center\/es\/wp-json\/wp\/v2\/users\/2"}],"replies":[{"embeddable":true,"href":"https:\/\/avenue360.devtest.center\/es\/wp-json\/wp\/v2\/comments?post=1110"}],"version-history":[{"count":3,"href":"https:\/\/avenue360.devtest.center\/es\/wp-json\/wp\/v2\/pages\/1110\/revisions"}],"predecessor-version":[{"id":3199,"href":"https:\/\/avenue360.devtest.center\/es\/wp-json\/wp\/v2\/pages\/1110\/revisions\/3199"}],"wp:attachment":[{"href":"https:\/\/avenue360.devtest.center\/es\/wp-json\/wp\/v2\/media?parent=1110"}],"curies":[{"name":"wp","href":"https:\/\/api.w.org\/{rel}","templated":true}]}}