{"id":1117,"date":"2017-02-15T18:23:21","date_gmt":"2017-02-15T23:23:21","guid":{"rendered":"http:\/\/avenue360.org\/locations\/spring-cypress\/"},"modified":"2022-01-04T12:37:43","modified_gmt":"2022-01-04T17:37:43","slug":"centro-de-salud-spring-cypress","status":"publish","type":"page","link":"https:\/\/avenue360.devtest.center\/es\/locations\/centro-de-salud-spring-cypress\/","title":{"rendered":"Spring Cypress"},"content":{"rendered":"<h1>Cont\u00e1ctenos<\/h1>\n<p style=\"margin: 0in;margin-bottom: .0001pt\">17010 Sugar Pine Drive<br \/>\nHouston, TX 77090-2213<\/p>\n<p style=\"margin: 0in;margin-bottom: .0001pt\">Tel\u00e9fono:\u00a0(281) 537-8627<\/p>\n<p style=\"margin: 0in;margin-bottom: .0001pt\">Para fuera del horario de atenci\u00f3n, llame al (713) 426-0027.<\/p>\n<p>&nbsp;<\/p>\n<h2>Horas de Atenci\u00f3n<\/h2>\n<div>\n<p>Lunes \u2013 Viernes: 8am \u2013 5pm<\/p>\n<\/div>\n<h2>Servicios en Spring Cypress<\/h2>\n<p><strong>Atenci\u00f3n M\u00e9dica<\/strong><\/p>\n<ul>\n<li>Atenci\u00f3n Primaria<\/li>\n<li>Atenci\u00f3n Ginecolog\u00edca<\/li>\n<li>Planificaci\u00f3n Familiar<\/li>\n<li>Cuidado Prenatal<\/li>\n<li>Visitas para Bienestar del Ni\u00f1o<\/li>\n<li>Vacunas<\/li>\n<li>Ex\u00e1menes<\/li>\n<li>Farmacia<\/li>\n<li>Cobertura para Emergencias Durante y Fuera del Horario de Atenci\u00f3n<\/li>\n<\/ul>\n<p><strong>Salud Conductual<\/strong><\/p>\n<ul>\n<li>Asesor\u00eda\/Orientaci\u00f3n en Salud Mental<\/li>\n<\/ul>\n<p><strong>Servicios de Alcance Comunitario y Educaci\u00f3n sobre la Salud<\/strong><\/p>\n<p><strong>Apoyo al Paciente <\/strong><\/p>\n<ul>\n<li>Servicios de Elegibilidad<\/li>\n<li>Informaci\u00f3n y Referencia<\/li>\n<li>Servicios de Traducci\u00f3n<\/li>\n<\/ul>\n","protected":false},"excerpt":{"rendered":"<p>Cont\u00e1ctenos 17010 Sugar Pine Drive Houston, TX 77090-2213 Tel\u00e9fono:\u00a0(281) 537-8627 Para fuera del horario de atenci\u00f3n, llame al (713) 426-0027. &nbsp; Horas de Atenci\u00f3n Lunes \u2013 Viernes: 8am \u2013 5pm Servicios en Spring Cypress Atenci\u00f3n M\u00e9dica Atenci\u00f3n Primaria Atenci\u00f3n Ginecolog\u00edca Planificaci\u00f3n Familiar Cuidado Prenatal Visitas para Bienestar del Ni\u00f1o Vacunas Ex\u00e1menes Farmacia Cobertura para Emergencias&#8230;<\/p>\n","protected":false},"author":3,"featured_media":0,"parent":1110,"menu_order":7,"comment_status":"closed","ping_status":"closed","template":"","meta":{"_acf_changed":false,"footnotes":""},"class_list":["post-1117","page","type-page","status-publish","hentry"],"acf":[],"yoast_head":"<!-- This site is optimized with the Yoast SEO plugin v27.4 - https:\/\/yoast.com\/product\/yoast-seo-wordpress\/ -->\n<title>Spring Cypress - Avenue 360<\/title>\n<meta name=\"description\" content=\"Avenue 360 \u200b\u200bbrinda atenci\u00f3n m\u00e9dica compasiva y de alta calidad, independientemente de los ingresos.\" \/>\n<meta name=\"robots\" content=\"noindex, follow, max-snippet:-1, max-image-preview:large, max-video-preview:-1\" \/>\n<meta property=\"og:locale\" content=\"es_ES\" \/>\n<meta property=\"og:type\" content=\"article\" \/>\n<meta property=\"og:title\" content=\"Centro de Salud Spring Cypress\" \/>\n<meta property=\"og:description\" content=\"Avenue 360 \u200b\u200bbrinda atenci\u00f3n m\u00e9dica compasiva y de alta calidad, independientemente de los ingresos.\" \/>\n<meta property=\"og:url\" content=\"https:\/\/avenue360.devtest.center\/es\/locations\/centro-de-salud-spring-cypress\/\" \/>\n<meta property=\"og:site_name\" content=\"Avenue 360\" \/>\n<meta property=\"article:publisher\" content=\"https:\/\/www.facebook.com\/Avenue360\/\" \/>\n<meta property=\"article:modified_time\" content=\"2022-01-04T17:37:43+00:00\" \/>\n<meta name=\"twitter:card\" content=\"summary_large_image\" \/>\n<meta name=\"twitter:title\" content=\"Centro de Salud Spring Cypress\" \/>\n<meta name=\"twitter:description\" content=\"Avenue 360 \u200b\u200bbrinda atenci\u00f3n m\u00e9dica compasiva y de alta calidad, independientemente de los ingresos.\" \/>\n<meta name=\"twitter:site\" content=\"@Avenue_360\" \/>\n<meta name=\"twitter:label1\" content=\"Tiempo de lectura\" \/>\n\t<meta name=\"twitter:data1\" content=\"1 minuto\" \/>\n<script type=\"application\/ld+json\" class=\"yoast-schema-graph\">{\"@context\":\"https:\\\/\\\/schema.org\",\"@graph\":[{\"@type\":\"WebPage\",\"@id\":\"https:\\\/\\\/avenue360.devtest.center\\\/es\\\/locations\\\/centro-de-salud-spring-cypress\\\/\",\"url\":\"https:\\\/\\\/avenue360.devtest.center\\\/es\\\/locations\\\/centro-de-salud-spring-cypress\\\/\",\"name\":\"Spring Cypress - Avenue 360\",\"isPartOf\":{\"@id\":\"https:\\\/\\\/avenue360.devtest.center\\\/#website\"},\"datePublished\":\"2017-02-15T23:23:21+00:00\",\"dateModified\":\"2022-01-04T17:37:43+00:00\",\"description\":\"Avenue 360 \u200b\u200bbrinda atenci\u00f3n m\u00e9dica compasiva y de alta calidad, independientemente de los ingresos.\",\"breadcrumb\":{\"@id\":\"https:\\\/\\\/avenue360.devtest.center\\\/es\\\/locations\\\/centro-de-salud-spring-cypress\\\/#breadcrumb\"},\"inLanguage\":\"es\",\"potentialAction\":[{\"@type\":\"ReadAction\",\"target\":[\"https:\\\/\\\/avenue360.devtest.center\\\/es\\\/locations\\\/centro-de-salud-spring-cypress\\\/\"]}]},{\"@type\":\"BreadcrumbList\",\"@id\":\"https:\\\/\\\/avenue360.devtest.center\\\/es\\\/locations\\\/centro-de-salud-spring-cypress\\\/#breadcrumb\",\"itemListElement\":[{\"@type\":\"ListItem\",\"position\":1,\"name\":\"Home\",\"item\":\"https:\\\/\\\/avenue360.devtest.center\\\/\"},{\"@type\":\"ListItem\",\"position\":2,\"name\":\"Locations\",\"item\":\"https:\\\/\\\/avenue360.devtest.center\\\/houston-clinic-locations\\\/\"},{\"@type\":\"ListItem\",\"position\":3,\"name\":\"Spring Cypress\"}]},{\"@type\":\"WebSite\",\"@id\":\"https:\\\/\\\/avenue360.devtest.center\\\/#website\",\"url\":\"https:\\\/\\\/avenue360.devtest.center\\\/\",\"name\":\"Avenue 360\",\"description\":\"Health &amp; Wellness\",\"publisher\":{\"@id\":\"https:\\\/\\\/avenue360.devtest.center\\\/#organization\"},\"potentialAction\":[{\"@type\":\"SearchAction\",\"target\":{\"@type\":\"EntryPoint\",\"urlTemplate\":\"https:\\\/\\\/avenue360.devtest.center\\\/?s={search_term_string}\"},\"query-input\":{\"@type\":\"PropertyValueSpecification\",\"valueRequired\":true,\"valueName\":\"search_term_string\"}}],\"inLanguage\":\"es\"},{\"@type\":\"Organization\",\"@id\":\"https:\\\/\\\/avenue360.devtest.center\\\/#organization\",\"name\":\"Avenue 360\",\"url\":\"https:\\\/\\\/avenue360.devtest.center\\\/\",\"logo\":{\"@type\":\"ImageObject\",\"inLanguage\":\"es\",\"@id\":\"https:\\\/\\\/avenue360.devtest.center\\\/#\\\/schema\\\/logo\\\/image\\\/\",\"url\":\"https:\\\/\\\/avenue360.devtest.center\\\/wp-content\\\/uploads\\\/2017\\\/03\\\/avenue-360.png\",\"contentUrl\":\"https:\\\/\\\/avenue360.devtest.center\\\/wp-content\\\/uploads\\\/2017\\\/03\\\/avenue-360.png\",\"width\":360,\"height\":360,\"caption\":\"Avenue 360\"},\"image\":{\"@id\":\"https:\\\/\\\/avenue360.devtest.center\\\/#\\\/schema\\\/logo\\\/image\\\/\"},\"sameAs\":[\"https:\\\/\\\/www.facebook.com\\\/Avenue360\\\/\",\"https:\\\/\\\/x.com\\\/Avenue_360\",\"http:\\\/\\\/avenue360\",\"https:\\\/\\\/www.linkedin.com\\\/company\\\/avenue-360-health-and-wellness\\\/\",\"https:\\\/\\\/www.youtube.com\\\/channel\\\/UCgyf387ZDDdWlf4U0zEEmLA\"]}]}<\/script>\n<!-- \/ Yoast SEO plugin. -->","yoast_head_json":{"title":"Spring Cypress - Avenue 360","description":"Avenue 360 \u200b\u200bbrinda atenci\u00f3n m\u00e9dica compasiva y de alta calidad, independientemente de los ingresos.","robots":{"index":"noindex","follow":"follow","max-snippet":"max-snippet:-1","max-image-preview":"max-image-preview:large","max-video-preview":"max-video-preview:-1"},"og_locale":"es_ES","og_type":"article","og_title":"Centro de Salud Spring Cypress","og_description":"Avenue 360 \u200b\u200bbrinda atenci\u00f3n m\u00e9dica compasiva y de alta calidad, independientemente de los ingresos.","og_url":"https:\/\/avenue360.devtest.center\/es\/locations\/centro-de-salud-spring-cypress\/","og_site_name":"Avenue 360","article_publisher":"https:\/\/www.facebook.com\/Avenue360\/","article_modified_time":"2022-01-04T17:37:43+00:00","twitter_card":"summary_large_image","twitter_title":"Centro de Salud Spring Cypress","twitter_description":"Avenue 360 \u200b\u200bbrinda atenci\u00f3n m\u00e9dica compasiva y de alta calidad, independientemente de los ingresos.","twitter_site":"@Avenue_360","twitter_misc":{"Tiempo de lectura":"1 minuto"},"schema":{"@context":"https:\/\/schema.org","@graph":[{"@type":"WebPage","@id":"https:\/\/avenue360.devtest.center\/es\/locations\/centro-de-salud-spring-cypress\/","url":"https:\/\/avenue360.devtest.center\/es\/locations\/centro-de-salud-spring-cypress\/","name":"Spring Cypress - Avenue 360","isPartOf":{"@id":"https:\/\/avenue360.devtest.center\/#website"},"datePublished":"2017-02-15T23:23:21+00:00","dateModified":"2022-01-04T17:37:43+00:00","description":"Avenue 360 \u200b\u200bbrinda atenci\u00f3n m\u00e9dica compasiva y de alta calidad, independientemente de los ingresos.","breadcrumb":{"@id":"https:\/\/avenue360.devtest.center\/es\/locations\/centro-de-salud-spring-cypress\/#breadcrumb"},"inLanguage":"es","potentialAction":[{"@type":"ReadAction","target":["https:\/\/avenue360.devtest.center\/es\/locations\/centro-de-salud-spring-cypress\/"]}]},{"@type":"BreadcrumbList","@id":"https:\/\/avenue360.devtest.center\/es\/locations\/centro-de-salud-spring-cypress\/#breadcrumb","itemListElement":[{"@type":"ListItem","position":1,"name":"Home","item":"https:\/\/avenue360.devtest.center\/"},{"@type":"ListItem","position":2,"name":"Locations","item":"https:\/\/avenue360.devtest.center\/houston-clinic-locations\/"},{"@type":"ListItem","position":3,"name":"Spring Cypress"}]},{"@type":"WebSite","@id":"https:\/\/avenue360.devtest.center\/#website","url":"https:\/\/avenue360.devtest.center\/","name":"Avenue 360","description":"Health &amp; Wellness","publisher":{"@id":"https:\/\/avenue360.devtest.center\/#organization"},"potentialAction":[{"@type":"SearchAction","target":{"@type":"EntryPoint","urlTemplate":"https:\/\/avenue360.devtest.center\/?s={search_term_string}"},"query-input":{"@type":"PropertyValueSpecification","valueRequired":true,"valueName":"search_term_string"}}],"inLanguage":"es"},{"@type":"Organization","@id":"https:\/\/avenue360.devtest.center\/#organization","name":"Avenue 360","url":"https:\/\/avenue360.devtest.center\/","logo":{"@type":"ImageObject","inLanguage":"es","@id":"https:\/\/avenue360.devtest.center\/#\/schema\/logo\/image\/","url":"https:\/\/avenue360.devtest.center\/wp-content\/uploads\/2017\/03\/avenue-360.png","contentUrl":"https:\/\/avenue360.devtest.center\/wp-content\/uploads\/2017\/03\/avenue-360.png","width":360,"height":360,"caption":"Avenue 360"},"image":{"@id":"https:\/\/avenue360.devtest.center\/#\/schema\/logo\/image\/"},"sameAs":["https:\/\/www.facebook.com\/Avenue360\/","https:\/\/x.com\/Avenue_360","http:\/\/avenue360","https:\/\/www.linkedin.com\/company\/avenue-360-health-and-wellness\/","https:\/\/www.youtube.com\/channel\/UCgyf387ZDDdWlf4U0zEEmLA"]}]}},"_links":{"self":[{"href":"https:\/\/avenue360.devtest.center\/es\/wp-json\/wp\/v2\/pages\/1117","targetHints":{"allow":["GET"]}}],"collection":[{"href":"https:\/\/avenue360.devtest.center\/es\/wp-json\/wp\/v2\/pages"}],"about":[{"href":"https:\/\/avenue360.devtest.center\/es\/wp-json\/wp\/v2\/types\/page"}],"author":[{"embeddable":true,"href":"https:\/\/avenue360.devtest.center\/es\/wp-json\/wp\/v2\/users\/3"}],"replies":[{"embeddable":true,"href":"https:\/\/avenue360.devtest.center\/es\/wp-json\/wp\/v2\/comments?post=1117"}],"version-history":[{"count":5,"href":"https:\/\/avenue360.devtest.center\/es\/wp-json\/wp\/v2\/pages\/1117\/revisions"}],"predecessor-version":[{"id":3591,"href":"https:\/\/avenue360.devtest.center\/es\/wp-json\/wp\/v2\/pages\/1117\/revisions\/3591"}],"up":[{"embeddable":true,"href":"https:\/\/avenue360.devtest.center\/es\/wp-json\/wp\/v2\/pages\/1110"}],"wp:attachment":[{"href":"https:\/\/avenue360.devtest.center\/es\/wp-json\/wp\/v2\/media?parent=1117"}],"curies":[{"name":"wp","href":"https:\/\/api.w.org\/{rel}","templated":true}]}}