{"id":1177,"date":"2018-08-09T11:52:15","date_gmt":"2018-08-09T16:52:15","guid":{"rendered":"https:\/\/avenue360.devtest.center\/locations\/1176-2\/"},"modified":"2021-10-18T18:27:28","modified_gmt":"2021-10-18T23:27:28","slug":"centro-de-salud-humble","status":"publish","type":"page","link":"https:\/\/avenue360.devtest.center\/es\/locations\/centro-de-salud-humble\/","title":{"rendered":"Humble"},"content":{"rendered":"<div>\n<h1>Cont\u00e1ctenos<\/h1>\n<\/div>\n<p style=\"margin: 0in\">9816 Memorial Blvd.<br \/>\nSuite 120<br \/>\nHumble, TX 77338<\/p>\n<p style=\"margin: 0in\">Tel\u00e9fono: (281)570-2525<\/p>\n<p style=\"margin: 0in\">Para fuera del horario de atenci\u00f3n, llame al (713) 426-0027.<\/p>\n<p>&nbsp;<\/p>\n<h2><strong>Horario de Atenci\u00f3n<\/strong><\/h2>\n<p>Lunes \u2013 Viernes: 8am \u2013 5pm<\/p>\n<h4><strong>SERVICIOS EN HUMBLE<\/strong><\/h4>\n<p><strong>Atenci\u00f3n M\u00e9dica<\/strong><\/p>\n<ul>\n<li>Atenci\u00f3n Primaria<\/li>\n<li>Visitas para Bienestar del Ni\u00f1o<\/li>\n<li>Atenci\u00f3n Ginecolog\u00edca<\/li>\n<li>Planificaci\u00f3n Familiar<\/li>\n<li>Cuidado Prenatal<\/li>\n<li>Vacunas<\/li>\n<li>Ex\u00e1menes<\/li>\n<li>Cobertura para Emergencias Durante y Fuera del Horario de Atenci\u00f3n<\/li>\n<\/ul>\n<p><strong>Servicios de Extensi\u00f3n y Educaci\u00f3n para la Salud<\/strong><\/p>\n<p><strong>Apoyo al Paciente<\/strong><\/p>\n<ul>\n<li>Servicios de Elegibilidad<\/li>\n<li>Informaci\u00f3n y Referencia<\/li>\n<li>Servicios de Traducci\u00f3n<\/li>\n<\/ul>\n","protected":false},"excerpt":{"rendered":"<p>Cont\u00e1ctenos 9816 Memorial Blvd. Suite 120 Humble, TX 77338 Tel\u00e9fono: (281)570-2525 Para fuera del horario de atenci\u00f3n, llame al (713) 426-0027. &nbsp; Horario de Atenci\u00f3n Lunes \u2013 Viernes: 8am \u2013 5pm SERVICIOS EN HUMBLE Atenci\u00f3n M\u00e9dica Atenci\u00f3n Primaria Visitas para Bienestar del Ni\u00f1o Atenci\u00f3n Ginecolog\u00edca Planificaci\u00f3n Familiar Cuidado Prenatal Vacunas Ex\u00e1menes Cobertura para Emergencias Durante&#8230;<\/p>\n","protected":false},"author":7,"featured_media":0,"parent":1110,"menu_order":2,"comment_status":"closed","ping_status":"closed","template":"","meta":{"_acf_changed":false,"footnotes":""},"class_list":["post-1177","page","type-page","status-publish","hentry"],"acf":[],"yoast_head":"<!-- This site is optimized with the Yoast SEO plugin v27.4 - https:\/\/yoast.com\/product\/yoast-seo-wordpress\/ -->\n<title>Humble - Avenue 360<\/title>\n<meta name=\"description\" content=\"Avenue 360 \u200b\u200bbrinda atenci\u00f3n m\u00e9dica compasiva y de alta calidad, independientemente de los ingresos.\" \/>\n<meta name=\"robots\" content=\"noindex, follow, max-snippet:-1, max-image-preview:large, max-video-preview:-1\" \/>\n<meta property=\"og:locale\" content=\"es_ES\" \/>\n<meta property=\"og:type\" content=\"article\" \/>\n<meta property=\"og:title\" content=\"Centro de Salud Humble\" \/>\n<meta property=\"og:description\" content=\"Avenue 360 \u200b\u200bbrinda atenci\u00f3n m\u00e9dica compasiva y de alta calidad, independientemente de los ingresos.\" \/>\n<meta property=\"og:url\" content=\"https:\/\/avenue360.devtest.center\/houston-clinic-locations\/houston-humble-clinic\/\" \/>\n<meta property=\"og:site_name\" content=\"Avenue 360\" \/>\n<meta property=\"article:publisher\" content=\"https:\/\/www.facebook.com\/Avenue360\/\" \/>\n<meta property=\"article:modified_time\" content=\"2021-10-18T23:27:28+00:00\" \/>\n<meta property=\"og:image\" content=\"https:\/\/avenue360.devtest.center\/wp-content\/uploads\/2020\/10\/ave360Humble001-scaled.jpg\" \/>\n<meta name=\"twitter:card\" content=\"summary_large_image\" \/>\n<meta name=\"twitter:title\" content=\"Centro de Salud Humble\" \/>\n<meta name=\"twitter:description\" content=\"Avenue 360 \u200b\u200bbrinda atenci\u00f3n m\u00e9dica compasiva y de alta calidad, independientemente de los ingresos.\" \/>\n<meta name=\"twitter:image\" content=\"https:\/\/avenue360.devtest.center\/wp-content\/uploads\/2020\/10\/ave360Humble001-scaled.jpg\" \/>\n<meta name=\"twitter:site\" content=\"@Avenue_360\" \/>\n<meta name=\"twitter:label1\" content=\"Tiempo de lectura\" \/>\n\t<meta name=\"twitter:data1\" content=\"1 minuto\" \/>\n<script type=\"application\/ld+json\" class=\"yoast-schema-graph\">{\"@context\":\"https:\\\/\\\/schema.org\",\"@graph\":[{\"@type\":\"WebPage\",\"@id\":\"https:\\\/\\\/avenue360.devtest.center\\\/houston-clinic-locations\\\/houston-humble-clinic\\\/\",\"url\":\"https:\\\/\\\/avenue360.devtest.center\\\/houston-clinic-locations\\\/houston-humble-clinic\\\/\",\"name\":\"Humble - Avenue 360\",\"isPartOf\":{\"@id\":\"https:\\\/\\\/avenue360.devtest.center\\\/#website\"},\"datePublished\":\"2018-08-09T16:52:15+00:00\",\"dateModified\":\"2021-10-18T23:27:28+00:00\",\"description\":\"Avenue 360 \u200b\u200bbrinda atenci\u00f3n m\u00e9dica compasiva y de alta calidad, independientemente de los ingresos.\",\"breadcrumb\":{\"@id\":\"https:\\\/\\\/avenue360.devtest.center\\\/houston-clinic-locations\\\/houston-humble-clinic\\\/#breadcrumb\"},\"inLanguage\":\"es\",\"potentialAction\":[{\"@type\":\"ReadAction\",\"target\":[\"https:\\\/\\\/avenue360.devtest.center\\\/houston-clinic-locations\\\/houston-humble-clinic\\\/\"]}]},{\"@type\":\"BreadcrumbList\",\"@id\":\"https:\\\/\\\/avenue360.devtest.center\\\/houston-clinic-locations\\\/houston-humble-clinic\\\/#breadcrumb\",\"itemListElement\":[{\"@type\":\"ListItem\",\"position\":1,\"name\":\"Home\",\"item\":\"https:\\\/\\\/avenue360.devtest.center\\\/\"},{\"@type\":\"ListItem\",\"position\":2,\"name\":\"Locations\",\"item\":\"https:\\\/\\\/avenue360.devtest.center\\\/houston-clinic-locations\\\/\"},{\"@type\":\"ListItem\",\"position\":3,\"name\":\"Humble\"}]},{\"@type\":\"WebSite\",\"@id\":\"https:\\\/\\\/avenue360.devtest.center\\\/#website\",\"url\":\"https:\\\/\\\/avenue360.devtest.center\\\/\",\"name\":\"Avenue 360\",\"description\":\"Health &amp; Wellness\",\"publisher\":{\"@id\":\"https:\\\/\\\/avenue360.devtest.center\\\/#organization\"},\"potentialAction\":[{\"@type\":\"SearchAction\",\"target\":{\"@type\":\"EntryPoint\",\"urlTemplate\":\"https:\\\/\\\/avenue360.devtest.center\\\/?s={search_term_string}\"},\"query-input\":{\"@type\":\"PropertyValueSpecification\",\"valueRequired\":true,\"valueName\":\"search_term_string\"}}],\"inLanguage\":\"es\"},{\"@type\":\"Organization\",\"@id\":\"https:\\\/\\\/avenue360.devtest.center\\\/#organization\",\"name\":\"Avenue 360\",\"url\":\"https:\\\/\\\/avenue360.devtest.center\\\/\",\"logo\":{\"@type\":\"ImageObject\",\"inLanguage\":\"es\",\"@id\":\"https:\\\/\\\/avenue360.devtest.center\\\/#\\\/schema\\\/logo\\\/image\\\/\",\"url\":\"https:\\\/\\\/avenue360.devtest.center\\\/wp-content\\\/uploads\\\/2017\\\/03\\\/avenue-360.png\",\"contentUrl\":\"https:\\\/\\\/avenue360.devtest.center\\\/wp-content\\\/uploads\\\/2017\\\/03\\\/avenue-360.png\",\"width\":360,\"height\":360,\"caption\":\"Avenue 360\"},\"image\":{\"@id\":\"https:\\\/\\\/avenue360.devtest.center\\\/#\\\/schema\\\/logo\\\/image\\\/\"},\"sameAs\":[\"https:\\\/\\\/www.facebook.com\\\/Avenue360\\\/\",\"https:\\\/\\\/x.com\\\/Avenue_360\",\"http:\\\/\\\/avenue360\",\"https:\\\/\\\/www.linkedin.com\\\/company\\\/avenue-360-health-and-wellness\\\/\",\"https:\\\/\\\/www.youtube.com\\\/channel\\\/UCgyf387ZDDdWlf4U0zEEmLA\"]}]}<\/script>\n<!-- \/ Yoast SEO plugin. -->","yoast_head_json":{"title":"Humble - Avenue 360","description":"Avenue 360 \u200b\u200bbrinda atenci\u00f3n m\u00e9dica compasiva y de alta calidad, independientemente de los ingresos.","robots":{"index":"noindex","follow":"follow","max-snippet":"max-snippet:-1","max-image-preview":"max-image-preview:large","max-video-preview":"max-video-preview:-1"},"og_locale":"es_ES","og_type":"article","og_title":"Centro de Salud Humble","og_description":"Avenue 360 \u200b\u200bbrinda atenci\u00f3n m\u00e9dica compasiva y de alta calidad, independientemente de los ingresos.","og_url":"https:\/\/avenue360.devtest.center\/houston-clinic-locations\/houston-humble-clinic\/","og_site_name":"Avenue 360","article_publisher":"https:\/\/www.facebook.com\/Avenue360\/","article_modified_time":"2021-10-18T23:27:28+00:00","og_image":[{"url":"https:\/\/avenue360.devtest.center\/wp-content\/uploads\/2020\/10\/ave360Humble001-scaled.jpg","type":"","width":"","height":""}],"twitter_card":"summary_large_image","twitter_title":"Centro de Salud Humble","twitter_description":"Avenue 360 \u200b\u200bbrinda atenci\u00f3n m\u00e9dica compasiva y de alta calidad, independientemente de los ingresos.","twitter_image":"https:\/\/avenue360.devtest.center\/wp-content\/uploads\/2020\/10\/ave360Humble001-scaled.jpg","twitter_site":"@Avenue_360","twitter_misc":{"Tiempo de lectura":"1 minuto"},"schema":{"@context":"https:\/\/schema.org","@graph":[{"@type":"WebPage","@id":"https:\/\/avenue360.devtest.center\/houston-clinic-locations\/houston-humble-clinic\/","url":"https:\/\/avenue360.devtest.center\/houston-clinic-locations\/houston-humble-clinic\/","name":"Humble - Avenue 360","isPartOf":{"@id":"https:\/\/avenue360.devtest.center\/#website"},"datePublished":"2018-08-09T16:52:15+00:00","dateModified":"2021-10-18T23:27:28+00:00","description":"Avenue 360 \u200b\u200bbrinda atenci\u00f3n m\u00e9dica compasiva y de alta calidad, independientemente de los ingresos.","breadcrumb":{"@id":"https:\/\/avenue360.devtest.center\/houston-clinic-locations\/houston-humble-clinic\/#breadcrumb"},"inLanguage":"es","potentialAction":[{"@type":"ReadAction","target":["https:\/\/avenue360.devtest.center\/houston-clinic-locations\/houston-humble-clinic\/"]}]},{"@type":"BreadcrumbList","@id":"https:\/\/avenue360.devtest.center\/houston-clinic-locations\/houston-humble-clinic\/#breadcrumb","itemListElement":[{"@type":"ListItem","position":1,"name":"Home","item":"https:\/\/avenue360.devtest.center\/"},{"@type":"ListItem","position":2,"name":"Locations","item":"https:\/\/avenue360.devtest.center\/houston-clinic-locations\/"},{"@type":"ListItem","position":3,"name":"Humble"}]},{"@type":"WebSite","@id":"https:\/\/avenue360.devtest.center\/#website","url":"https:\/\/avenue360.devtest.center\/","name":"Avenue 360","description":"Health &amp; Wellness","publisher":{"@id":"https:\/\/avenue360.devtest.center\/#organization"},"potentialAction":[{"@type":"SearchAction","target":{"@type":"EntryPoint","urlTemplate":"https:\/\/avenue360.devtest.center\/?s={search_term_string}"},"query-input":{"@type":"PropertyValueSpecification","valueRequired":true,"valueName":"search_term_string"}}],"inLanguage":"es"},{"@type":"Organization","@id":"https:\/\/avenue360.devtest.center\/#organization","name":"Avenue 360","url":"https:\/\/avenue360.devtest.center\/","logo":{"@type":"ImageObject","inLanguage":"es","@id":"https:\/\/avenue360.devtest.center\/#\/schema\/logo\/image\/","url":"https:\/\/avenue360.devtest.center\/wp-content\/uploads\/2017\/03\/avenue-360.png","contentUrl":"https:\/\/avenue360.devtest.center\/wp-content\/uploads\/2017\/03\/avenue-360.png","width":360,"height":360,"caption":"Avenue 360"},"image":{"@id":"https:\/\/avenue360.devtest.center\/#\/schema\/logo\/image\/"},"sameAs":["https:\/\/www.facebook.com\/Avenue360\/","https:\/\/x.com\/Avenue_360","http:\/\/avenue360","https:\/\/www.linkedin.com\/company\/avenue-360-health-and-wellness\/","https:\/\/www.youtube.com\/channel\/UCgyf387ZDDdWlf4U0zEEmLA"]}]}},"_links":{"self":[{"href":"https:\/\/avenue360.devtest.center\/es\/wp-json\/wp\/v2\/pages\/1177","targetHints":{"allow":["GET"]}}],"collection":[{"href":"https:\/\/avenue360.devtest.center\/es\/wp-json\/wp\/v2\/pages"}],"about":[{"href":"https:\/\/avenue360.devtest.center\/es\/wp-json\/wp\/v2\/types\/page"}],"author":[{"embeddable":true,"href":"https:\/\/avenue360.devtest.center\/es\/wp-json\/wp\/v2\/users\/7"}],"replies":[{"embeddable":true,"href":"https:\/\/avenue360.devtest.center\/es\/wp-json\/wp\/v2\/comments?post=1177"}],"version-history":[{"count":2,"href":"https:\/\/avenue360.devtest.center\/es\/wp-json\/wp\/v2\/pages\/1177\/revisions"}],"predecessor-version":[{"id":3210,"href":"https:\/\/avenue360.devtest.center\/es\/wp-json\/wp\/v2\/pages\/1177\/revisions\/3210"}],"up":[{"embeddable":true,"href":"https:\/\/avenue360.devtest.center\/es\/wp-json\/wp\/v2\/pages\/1110"}],"wp:attachment":[{"href":"https:\/\/avenue360.devtest.center\/es\/wp-json\/wp\/v2\/media?parent=1177"}],"curies":[{"name":"wp","href":"https:\/\/api.w.org\/{rel}","templated":true}]}}