{"id":1959,"date":"2015-07-05T06:02:12","date_gmt":"2015-07-05T11:02:12","guid":{"rendered":"https:\/\/avenue360.devtest.center\/?page_id=1959"},"modified":"2022-02-04T07:42:03","modified_gmt":"2022-02-04T12:42:03","slug":"avenue-360-health-and-wellness","status":"publish","type":"page","link":"https:\/\/avenue360.devtest.center\/es\/","title":{"rendered":"Home"},"content":{"rendered":"<h1><b>Brindamos atenci\u00f3n m\u00e9dica compasiva y de calidad.<\/b><\/h1>\n<p><strong>Actualizaci\u00f3n para pacientes 2\/4:<\/strong> Todas las cl\u00ednicas de Avenue 360 \u200b\u200best\u00e1n abiertas hoy durante el horario habitual. Esperamos verlo y mant\u00e9ngase caliente.<\/p>\n<p><strong>Actualizaci\u00f3n sobre pruebas de COVID:<\/strong> <span style=\"font-weight: 400\">Las pruebas de COVID contin\u00faan estando disponibles para pacientes establecidos solo con cita previa. No podemos ver personas sin cita en este momento. Llame al (713) 426-0027 para programar una cita.<\/span><\/p>\n","protected":false},"excerpt":{"rendered":"<p>Brindamos atenci\u00f3n m\u00e9dica compasiva y de calidad. Actualizaci\u00f3n para pacientes 2\/4: Todas las cl\u00ednicas de Avenue 360 \u200b\u200best\u00e1n abiertas hoy durante el horario habitual. Esperamos verlo y mant\u00e9ngase caliente. Actualizaci\u00f3n sobre pruebas de COVID: Las pruebas de COVID contin\u00faan estando disponibles para pacientes establecidos solo con cita previa. No podemos ver personas sin cita en&#8230;<\/p>\n","protected":false},"author":2,"featured_media":0,"parent":1121,"menu_order":11,"comment_status":"open","ping_status":"closed","template":"","meta":{"_acf_changed":false,"footnotes":""},"class_list":["post-1959","page","type-page","status-publish","hentry"],"acf":[],"yoast_head":"<!-- This site is optimized with the Yoast SEO plugin v27.4 - https:\/\/yoast.com\/product\/yoast-seo-wordpress\/ -->\n<title>Avenue 360 Health + Wellness<\/title>\n<meta name=\"description\" content=\"Avenue 360 \u200b\u200bbrinda atenci\u00f3n m\u00e9dica compasiva y de alta calidad, independientemente de los ingresos.\" \/>\n<meta name=\"robots\" content=\"noindex, follow, max-snippet:-1, max-image-preview:large, max-video-preview:-1\" \/>\n<meta property=\"og:locale\" content=\"es_ES\" \/>\n<meta property=\"og:type\" content=\"article\" \/>\n<meta property=\"og:title\" content=\"Avenue 360 Health and Wellness\" \/>\n<meta property=\"og:description\" content=\"Avenue 360 \u200b\u200bbrinda atenci\u00f3n m\u00e9dica compasiva y de alta calidad, independientemente de los ingresos.\" \/>\n<meta property=\"og:url\" content=\"https:\/\/avenue360.devtest.center\/\" \/>\n<meta property=\"og:site_name\" content=\"Avenue 360\" \/>\n<meta property=\"article:publisher\" content=\"https:\/\/www.facebook.com\/Avenue360\/\" \/>\n<meta property=\"article:modified_time\" content=\"2022-02-04T12:42:03+00:00\" \/>\n<meta name=\"twitter:card\" content=\"summary_large_image\" \/>\n<meta name=\"twitter:title\" content=\"Avenue 360 Health and Wellness\" \/>\n<meta name=\"twitter:description\" content=\"Avenue 360 \u200b\u200bbrinda atenci\u00f3n m\u00e9dica compasiva y de alta calidad, independientemente de los ingresos.\" \/>\n<meta name=\"twitter:site\" content=\"@Avenue_360\" \/>\n<meta name=\"twitter:label1\" content=\"Tiempo de lectura\" \/>\n\t<meta name=\"twitter:data1\" content=\"1 minuto\" \/>\n<script type=\"application\/ld+json\" class=\"yoast-schema-graph\">{\"@context\":\"https:\\\/\\\/schema.org\",\"@graph\":[{\"@type\":\"WebPage\",\"@id\":\"https:\\\/\\\/avenue360.devtest.center\\\/\",\"url\":\"https:\\\/\\\/avenue360.devtest.center\\\/\",\"name\":\"Avenue 360 Health + Wellness\",\"isPartOf\":{\"@id\":\"https:\\\/\\\/avenue360.devtest.center\\\/#website\"},\"datePublished\":\"2015-07-05T11:02:12+00:00\",\"dateModified\":\"2022-02-04T12:42:03+00:00\",\"description\":\"Avenue 360 \u200b\u200bbrinda atenci\u00f3n m\u00e9dica compasiva y de alta calidad, independientemente de los ingresos.\",\"breadcrumb\":{\"@id\":\"https:\\\/\\\/avenue360.devtest.center\\\/#breadcrumb\"},\"inLanguage\":\"es\",\"potentialAction\":[{\"@type\":\"ReadAction\",\"target\":[\"https:\\\/\\\/avenue360.devtest.center\\\/\"]}]},{\"@type\":\"BreadcrumbList\",\"@id\":\"https:\\\/\\\/avenue360.devtest.center\\\/#breadcrumb\",\"itemListElement\":[{\"@type\":\"ListItem\",\"position\":1,\"name\":\"Home\",\"item\":\"https:\\\/\\\/avenue360.devtest.center\\\/\"},{\"@type\":\"ListItem\",\"position\":2,\"name\":\"Noticias\",\"item\":\"https:\\\/\\\/avenue360.devtest.center\\\/news\\\/\"},{\"@type\":\"ListItem\",\"position\":3,\"name\":\"Home\"}]},{\"@type\":\"WebSite\",\"@id\":\"https:\\\/\\\/avenue360.devtest.center\\\/#website\",\"url\":\"https:\\\/\\\/avenue360.devtest.center\\\/\",\"name\":\"Avenue 360\",\"description\":\"Health &amp; Wellness\",\"publisher\":{\"@id\":\"https:\\\/\\\/avenue360.devtest.center\\\/#organization\"},\"potentialAction\":[{\"@type\":\"SearchAction\",\"target\":{\"@type\":\"EntryPoint\",\"urlTemplate\":\"https:\\\/\\\/avenue360.devtest.center\\\/?s={search_term_string}\"},\"query-input\":{\"@type\":\"PropertyValueSpecification\",\"valueRequired\":true,\"valueName\":\"search_term_string\"}}],\"inLanguage\":\"es\"},{\"@type\":\"Organization\",\"@id\":\"https:\\\/\\\/avenue360.devtest.center\\\/#organization\",\"name\":\"Avenue 360\",\"url\":\"https:\\\/\\\/avenue360.devtest.center\\\/\",\"logo\":{\"@type\":\"ImageObject\",\"inLanguage\":\"es\",\"@id\":\"https:\\\/\\\/avenue360.devtest.center\\\/#\\\/schema\\\/logo\\\/image\\\/\",\"url\":\"https:\\\/\\\/avenue360.devtest.center\\\/wp-content\\\/uploads\\\/2017\\\/03\\\/avenue-360.png\",\"contentUrl\":\"https:\\\/\\\/avenue360.devtest.center\\\/wp-content\\\/uploads\\\/2017\\\/03\\\/avenue-360.png\",\"width\":360,\"height\":360,\"caption\":\"Avenue 360\"},\"image\":{\"@id\":\"https:\\\/\\\/avenue360.devtest.center\\\/#\\\/schema\\\/logo\\\/image\\\/\"},\"sameAs\":[\"https:\\\/\\\/www.facebook.com\\\/Avenue360\\\/\",\"https:\\\/\\\/x.com\\\/Avenue_360\",\"http:\\\/\\\/avenue360\",\"https:\\\/\\\/www.linkedin.com\\\/company\\\/avenue-360-health-and-wellness\\\/\",\"https:\\\/\\\/www.youtube.com\\\/channel\\\/UCgyf387ZDDdWlf4U0zEEmLA\"]}]}<\/script>\n<!-- \/ Yoast SEO plugin. -->","yoast_head_json":{"title":"Avenue 360 Health + Wellness","description":"Avenue 360 \u200b\u200bbrinda atenci\u00f3n m\u00e9dica compasiva y de alta calidad, independientemente de los ingresos.","robots":{"index":"noindex","follow":"follow","max-snippet":"max-snippet:-1","max-image-preview":"max-image-preview:large","max-video-preview":"max-video-preview:-1"},"og_locale":"es_ES","og_type":"article","og_title":"Avenue 360 Health and Wellness","og_description":"Avenue 360 \u200b\u200bbrinda atenci\u00f3n m\u00e9dica compasiva y de alta calidad, independientemente de los ingresos.","og_url":"https:\/\/avenue360.devtest.center\/","og_site_name":"Avenue 360","article_publisher":"https:\/\/www.facebook.com\/Avenue360\/","article_modified_time":"2022-02-04T12:42:03+00:00","twitter_card":"summary_large_image","twitter_title":"Avenue 360 Health and Wellness","twitter_description":"Avenue 360 \u200b\u200bbrinda atenci\u00f3n m\u00e9dica compasiva y de alta calidad, independientemente de los ingresos.","twitter_site":"@Avenue_360","twitter_misc":{"Tiempo de lectura":"1 minuto"},"schema":{"@context":"https:\/\/schema.org","@graph":[{"@type":"WebPage","@id":"https:\/\/avenue360.devtest.center\/","url":"https:\/\/avenue360.devtest.center\/","name":"Avenue 360 Health + Wellness","isPartOf":{"@id":"https:\/\/avenue360.devtest.center\/#website"},"datePublished":"2015-07-05T11:02:12+00:00","dateModified":"2022-02-04T12:42:03+00:00","description":"Avenue 360 \u200b\u200bbrinda atenci\u00f3n m\u00e9dica compasiva y de alta calidad, independientemente de los ingresos.","breadcrumb":{"@id":"https:\/\/avenue360.devtest.center\/#breadcrumb"},"inLanguage":"es","potentialAction":[{"@type":"ReadAction","target":["https:\/\/avenue360.devtest.center\/"]}]},{"@type":"BreadcrumbList","@id":"https:\/\/avenue360.devtest.center\/#breadcrumb","itemListElement":[{"@type":"ListItem","position":1,"name":"Home","item":"https:\/\/avenue360.devtest.center\/"},{"@type":"ListItem","position":2,"name":"Noticias","item":"https:\/\/avenue360.devtest.center\/news\/"},{"@type":"ListItem","position":3,"name":"Home"}]},{"@type":"WebSite","@id":"https:\/\/avenue360.devtest.center\/#website","url":"https:\/\/avenue360.devtest.center\/","name":"Avenue 360","description":"Health &amp; Wellness","publisher":{"@id":"https:\/\/avenue360.devtest.center\/#organization"},"potentialAction":[{"@type":"SearchAction","target":{"@type":"EntryPoint","urlTemplate":"https:\/\/avenue360.devtest.center\/?s={search_term_string}"},"query-input":{"@type":"PropertyValueSpecification","valueRequired":true,"valueName":"search_term_string"}}],"inLanguage":"es"},{"@type":"Organization","@id":"https:\/\/avenue360.devtest.center\/#organization","name":"Avenue 360","url":"https:\/\/avenue360.devtest.center\/","logo":{"@type":"ImageObject","inLanguage":"es","@id":"https:\/\/avenue360.devtest.center\/#\/schema\/logo\/image\/","url":"https:\/\/avenue360.devtest.center\/wp-content\/uploads\/2017\/03\/avenue-360.png","contentUrl":"https:\/\/avenue360.devtest.center\/wp-content\/uploads\/2017\/03\/avenue-360.png","width":360,"height":360,"caption":"Avenue 360"},"image":{"@id":"https:\/\/avenue360.devtest.center\/#\/schema\/logo\/image\/"},"sameAs":["https:\/\/www.facebook.com\/Avenue360\/","https:\/\/x.com\/Avenue_360","http:\/\/avenue360","https:\/\/www.linkedin.com\/company\/avenue-360-health-and-wellness\/","https:\/\/www.youtube.com\/channel\/UCgyf387ZDDdWlf4U0zEEmLA"]}]}},"_links":{"self":[{"href":"https:\/\/avenue360.devtest.center\/es\/wp-json\/wp\/v2\/pages\/1959","targetHints":{"allow":["GET"]}}],"collection":[{"href":"https:\/\/avenue360.devtest.center\/es\/wp-json\/wp\/v2\/pages"}],"about":[{"href":"https:\/\/avenue360.devtest.center\/es\/wp-json\/wp\/v2\/types\/page"}],"author":[{"embeddable":true,"href":"https:\/\/avenue360.devtest.center\/es\/wp-json\/wp\/v2\/users\/2"}],"replies":[{"embeddable":true,"href":"https:\/\/avenue360.devtest.center\/es\/wp-json\/wp\/v2\/comments?post=1959"}],"version-history":[{"count":25,"href":"https:\/\/avenue360.devtest.center\/es\/wp-json\/wp\/v2\/pages\/1959\/revisions"}],"predecessor-version":[{"id":3696,"href":"https:\/\/avenue360.devtest.center\/es\/wp-json\/wp\/v2\/pages\/1959\/revisions\/3696"}],"up":[{"embeddable":true,"href":"https:\/\/avenue360.devtest.center\/es\/wp-json\/wp\/v2\/pages\/1121"}],"wp:attachment":[{"href":"https:\/\/avenue360.devtest.center\/es\/wp-json\/wp\/v2\/media?parent=1959"}],"curies":[{"name":"wp","href":"https:\/\/api.w.org\/{rel}","templated":true}]}}