{"id":1984,"date":"2020-10-05T11:32:25","date_gmt":"2020-10-05T16:32:25","guid":{"rendered":"https:\/\/avenue360.devtest.center\/?page_id=1984"},"modified":"2020-10-05T11:34:20","modified_gmt":"2020-10-05T16:34:20","slug":"bienestar-de-la-comunidad","status":"publish","type":"page","link":"https:\/\/avenue360.devtest.center\/es\/services\/bienestar-de-la-comunidad\/","title":{"rendered":"Bienestar de la Comunidad"},"content":{"rendered":"<h2>Tratamiento de Casos SOAR<\/h2>\n<p>Nuestro programa de tratamiento y manejo de casos ofrece apoyo a adultos sin hogar con enfermedades mentales, discapacidades f\u00edsicas, y\/o problemas de abuso de substancias con el prop\u00f3sito de acelerar el proceso de su SSDI\/SSI (Discapacidad del Seguro Social\/Ingreso Suplementario de Seguridad) y de su aplicaci\u00f3n a beneficios m\u00e9dicos. Avenue 360 emplea a 2 administradores de casos SOAR quienes trabajan como el representante designado frente a la Administraci\u00f3n del Seguro Social para clientes que se encuentran sin hogar o discapacitados, y utilizan el proceso SOAR para presentar las reclamaciones de discapacidad.<\/p>\n<p>Para determinar si usted es elegible para los servicios SOAR, usted debe ser evaluado en uno de los sitios de Coordinated Access de Houston. Mayor informaci\u00f3n se puede encontrar en <a href=\"http:\/\/www.homelesshouston.org\/\">www.homelesshouston.org<\/a>.<\/p>\n<h2>Educaci\u00f3n sobre Salud y Alcance a las Calles<\/h2>\n<p>El enfoque a la salud de Avenue 360 se extiende m\u00e1s all\u00e1 de las cuatro paredes de la cl\u00ednica. Nuestro equipo dedicado trabaja fortaleciendo y enriqueciendo comunidades alrededor del \u00e1rea de Houston para mejorar los resultados de salud, tratar las determinantes sociales en cuanto a la salud, y establecer alianzas que se enfoquen en educaci\u00f3n, prevenci\u00f3n, y salud y bienestar, para construir comunidades m\u00e1s sanas y fuertes. El equipo de Alcance a las Calles o Street Outreach proporciona los tan necesitados servicios a individuos y familias que viven en lugares que no fueron creados para la habitaci\u00f3n humana (calles, t\u00faneles y puentes en las autopistas, autos, campamentos, etc.) en Houston\/el Condado de Harris. Nuestro equipo est\u00e1 integrado a la comunidad participando en eventos de distribuci\u00f3n de alimentos, asistiendo a juntas y reuniones de cooperaci\u00f3n comunitaria, planeando fiestas de bienvenida al nuevo beb\u00e9 o baby showers para la comunidad, y siendo parte de los equipos de trabajo liderados por la comunidad y la ciudad. Trabajamos para identificar y establecer colaboraci\u00f3n con organizaciones y colaboradores comunitarios, desarrollamos y realizamos sesiones educativas en la comunidad sobre temas tales como buenos h\u00e1bitos de alimentaci\u00f3n, salud femenina, salud sexual, y salud cardiovascular, y proporcionamos gratuitamente evaluaciones de salud, como pruebas de presi\u00f3n arterial, glucosa, VIH, Hepatitis C, y S\u00edfilis.<\/p>\n<h2>Alianzas Comunitarias<\/h2>\n<p>Desde nuestras reuniones abiertas virtuales con Univisi\u00f3n hasta nuestra presencia en eventos como Houston Pride y lugares de entrenamiento para trabajos, nosotros construimos relaciones con los miembros de la comunidad. Avenue 360 y sus colaboradores comunitarios no se enfocan simplemente en el cuidado de la salud, sino que tambi\u00e9n en el comportamiento individual, en la exposici\u00f3n a amenazas de la salud, y en las condiciones econ\u00f3micas y sociales. Este nivel de integraci\u00f3n comunitaria ayuda a construir una relaci\u00f3n con miembros de la comunidad y pacientes potenciales, pero as\u00ed mismo le permite a Avenue 360 reunirse con colaboradores y asociados ya establecidos dentro de un ambiente no tradicional que identifica, eval\u00faa, y da prioridad a las brechas y disparidades, lo que nos permite desarrollar estrategias para responder a las necesidades insatisfechas de nuestras comunidades. Se establecen alianzas con complejos de apartamentos, universidades y colegios, tales como University of Houston, Texas Southern University, Houston Community College y Lonestar College, enfermeras en escuelas, oficinas de WIC, las YMCA, lugares de culto, refugios o albergues, organizaciones comunitarias y oficinas del precinto local.<\/p>\n","protected":false},"excerpt":{"rendered":"<p>Tratamiento de Casos SOAR Nuestro programa de tratamiento y manejo de casos ofrece apoyo a adultos sin hogar con enfermedades mentales, discapacidades f\u00edsicas, y\/o problemas de abuso de substancias con el prop\u00f3sito de acelerar el proceso de su SSDI\/SSI (Discapacidad del Seguro Social\/Ingreso Suplementario de Seguridad) y de su aplicaci\u00f3n a beneficios m\u00e9dicos. Avenue 360&#8230;<\/p>\n","protected":false},"author":3,"featured_media":0,"parent":1037,"menu_order":7,"comment_status":"closed","ping_status":"closed","template":"","meta":{"_acf_changed":false,"footnotes":""},"class_list":["post-1984","page","type-page","status-publish","hentry"],"acf":[],"yoast_head":"<!-- This site is optimized with the Yoast SEO plugin v27.4 - https:\/\/yoast.com\/product\/yoast-seo-wordpress\/ -->\n<title>Dental and Oral Health Care Services Houston | Avenue 360<\/title>\n<meta name=\"description\" content=\"Oral hygiene is essential to maintaining overall good health. Avenue 360 Health and Wellness offers a wide variety of oral health care services. Everything from general dentistry to oral preventative services, including periodontitis treatments.\" \/>\n<meta name=\"robots\" content=\"noindex, follow, max-snippet:-1, max-image-preview:large, max-video-preview:-1\" \/>\n<meta property=\"og:locale\" content=\"es_ES\" \/>\n<meta property=\"og:type\" content=\"article\" \/>\n<meta property=\"og:title\" content=\"Dental and Oral Health Care Services Houston | Avenue 360\" \/>\n<meta property=\"og:description\" content=\"Oral hygiene is essential to maintaining overall good health. Avenue 360 Health and Wellness offers a wide variety of oral health care services. Everything from general dentistry to oral preventative services, including periodontitis treatments.\" \/>\n<meta property=\"og:url\" content=\"https:\/\/avenue360.devtest.center\/services\/supportive-services\/\" \/>\n<meta property=\"og:site_name\" content=\"Avenue 360\" \/>\n<meta property=\"article:publisher\" content=\"https:\/\/www.facebook.com\/Avenue360\/\" \/>\n<meta property=\"article:modified_time\" content=\"2020-10-05T16:34:20+00:00\" \/>\n<meta name=\"twitter:card\" content=\"summary_large_image\" \/>\n<meta name=\"twitter:site\" content=\"@Avenue_360\" \/>\n<meta name=\"twitter:label1\" content=\"Tiempo de lectura\" \/>\n\t<meta name=\"twitter:data1\" content=\"3 minutos\" \/>\n<script type=\"application\/ld+json\" class=\"yoast-schema-graph\">{\"@context\":\"https:\\\/\\\/schema.org\",\"@graph\":[{\"@type\":\"WebPage\",\"@id\":\"https:\\\/\\\/avenue360.devtest.center\\\/services\\\/supportive-services\\\/\",\"url\":\"https:\\\/\\\/avenue360.devtest.center\\\/services\\\/supportive-services\\\/\",\"name\":\"Dental and Oral Health Care Services Houston | Avenue 360\",\"isPartOf\":{\"@id\":\"https:\\\/\\\/avenue360.devtest.center\\\/#website\"},\"datePublished\":\"2020-10-05T16:32:25+00:00\",\"dateModified\":\"2020-10-05T16:34:20+00:00\",\"description\":\"Oral hygiene is essential to maintaining overall good health. Avenue 360 Health and Wellness offers a wide variety of oral health care services. Everything from general dentistry to oral preventative services, including periodontitis treatments.\",\"breadcrumb\":{\"@id\":\"https:\\\/\\\/avenue360.devtest.center\\\/services\\\/supportive-services\\\/#breadcrumb\"},\"inLanguage\":\"es\",\"potentialAction\":[{\"@type\":\"ReadAction\",\"target\":[\"https:\\\/\\\/avenue360.devtest.center\\\/services\\\/supportive-services\\\/\"]}]},{\"@type\":\"BreadcrumbList\",\"@id\":\"https:\\\/\\\/avenue360.devtest.center\\\/services\\\/supportive-services\\\/#breadcrumb\",\"itemListElement\":[{\"@type\":\"ListItem\",\"position\":1,\"name\":\"Home\",\"item\":\"https:\\\/\\\/avenue360.devtest.center\\\/\"},{\"@type\":\"ListItem\",\"position\":2,\"name\":\"Services\",\"item\":\"https:\\\/\\\/avenue360.devtest.center\\\/services\\\/\"},{\"@type\":\"ListItem\",\"position\":3,\"name\":\"Bienestar de la Comunidad\"}]},{\"@type\":\"WebSite\",\"@id\":\"https:\\\/\\\/avenue360.devtest.center\\\/#website\",\"url\":\"https:\\\/\\\/avenue360.devtest.center\\\/\",\"name\":\"Avenue 360\",\"description\":\"Health &amp; Wellness\",\"publisher\":{\"@id\":\"https:\\\/\\\/avenue360.devtest.center\\\/#organization\"},\"potentialAction\":[{\"@type\":\"SearchAction\",\"target\":{\"@type\":\"EntryPoint\",\"urlTemplate\":\"https:\\\/\\\/avenue360.devtest.center\\\/?s={search_term_string}\"},\"query-input\":{\"@type\":\"PropertyValueSpecification\",\"valueRequired\":true,\"valueName\":\"search_term_string\"}}],\"inLanguage\":\"es\"},{\"@type\":\"Organization\",\"@id\":\"https:\\\/\\\/avenue360.devtest.center\\\/#organization\",\"name\":\"Avenue 360\",\"url\":\"https:\\\/\\\/avenue360.devtest.center\\\/\",\"logo\":{\"@type\":\"ImageObject\",\"inLanguage\":\"es\",\"@id\":\"https:\\\/\\\/avenue360.devtest.center\\\/#\\\/schema\\\/logo\\\/image\\\/\",\"url\":\"https:\\\/\\\/avenue360.devtest.center\\\/wp-content\\\/uploads\\\/2017\\\/03\\\/avenue-360.png\",\"contentUrl\":\"https:\\\/\\\/avenue360.devtest.center\\\/wp-content\\\/uploads\\\/2017\\\/03\\\/avenue-360.png\",\"width\":360,\"height\":360,\"caption\":\"Avenue 360\"},\"image\":{\"@id\":\"https:\\\/\\\/avenue360.devtest.center\\\/#\\\/schema\\\/logo\\\/image\\\/\"},\"sameAs\":[\"https:\\\/\\\/www.facebook.com\\\/Avenue360\\\/\",\"https:\\\/\\\/x.com\\\/Avenue_360\",\"http:\\\/\\\/avenue360\",\"https:\\\/\\\/www.linkedin.com\\\/company\\\/avenue-360-health-and-wellness\\\/\",\"https:\\\/\\\/www.youtube.com\\\/channel\\\/UCgyf387ZDDdWlf4U0zEEmLA\"]}]}<\/script>\n<!-- \/ Yoast SEO plugin. -->","yoast_head_json":{"title":"Dental and Oral Health Care Services Houston | Avenue 360","description":"Oral hygiene is essential to maintaining overall good health. Avenue 360 Health and Wellness offers a wide variety of oral health care services. Everything from general dentistry to oral preventative services, including periodontitis treatments.","robots":{"index":"noindex","follow":"follow","max-snippet":"max-snippet:-1","max-image-preview":"max-image-preview:large","max-video-preview":"max-video-preview:-1"},"og_locale":"es_ES","og_type":"article","og_title":"Dental and Oral Health Care Services Houston | Avenue 360","og_description":"Oral hygiene is essential to maintaining overall good health. Avenue 360 Health and Wellness offers a wide variety of oral health care services. Everything from general dentistry to oral preventative services, including periodontitis treatments.","og_url":"https:\/\/avenue360.devtest.center\/services\/supportive-services\/","og_site_name":"Avenue 360","article_publisher":"https:\/\/www.facebook.com\/Avenue360\/","article_modified_time":"2020-10-05T16:34:20+00:00","twitter_card":"summary_large_image","twitter_site":"@Avenue_360","twitter_misc":{"Tiempo de lectura":"3 minutos"},"schema":{"@context":"https:\/\/schema.org","@graph":[{"@type":"WebPage","@id":"https:\/\/avenue360.devtest.center\/services\/supportive-services\/","url":"https:\/\/avenue360.devtest.center\/services\/supportive-services\/","name":"Dental and Oral Health Care Services Houston | Avenue 360","isPartOf":{"@id":"https:\/\/avenue360.devtest.center\/#website"},"datePublished":"2020-10-05T16:32:25+00:00","dateModified":"2020-10-05T16:34:20+00:00","description":"Oral hygiene is essential to maintaining overall good health. Avenue 360 Health and Wellness offers a wide variety of oral health care services. Everything from general dentistry to oral preventative services, including periodontitis treatments.","breadcrumb":{"@id":"https:\/\/avenue360.devtest.center\/services\/supportive-services\/#breadcrumb"},"inLanguage":"es","potentialAction":[{"@type":"ReadAction","target":["https:\/\/avenue360.devtest.center\/services\/supportive-services\/"]}]},{"@type":"BreadcrumbList","@id":"https:\/\/avenue360.devtest.center\/services\/supportive-services\/#breadcrumb","itemListElement":[{"@type":"ListItem","position":1,"name":"Home","item":"https:\/\/avenue360.devtest.center\/"},{"@type":"ListItem","position":2,"name":"Services","item":"https:\/\/avenue360.devtest.center\/services\/"},{"@type":"ListItem","position":3,"name":"Bienestar de la Comunidad"}]},{"@type":"WebSite","@id":"https:\/\/avenue360.devtest.center\/#website","url":"https:\/\/avenue360.devtest.center\/","name":"Avenue 360","description":"Health &amp; Wellness","publisher":{"@id":"https:\/\/avenue360.devtest.center\/#organization"},"potentialAction":[{"@type":"SearchAction","target":{"@type":"EntryPoint","urlTemplate":"https:\/\/avenue360.devtest.center\/?s={search_term_string}"},"query-input":{"@type":"PropertyValueSpecification","valueRequired":true,"valueName":"search_term_string"}}],"inLanguage":"es"},{"@type":"Organization","@id":"https:\/\/avenue360.devtest.center\/#organization","name":"Avenue 360","url":"https:\/\/avenue360.devtest.center\/","logo":{"@type":"ImageObject","inLanguage":"es","@id":"https:\/\/avenue360.devtest.center\/#\/schema\/logo\/image\/","url":"https:\/\/avenue360.devtest.center\/wp-content\/uploads\/2017\/03\/avenue-360.png","contentUrl":"https:\/\/avenue360.devtest.center\/wp-content\/uploads\/2017\/03\/avenue-360.png","width":360,"height":360,"caption":"Avenue 360"},"image":{"@id":"https:\/\/avenue360.devtest.center\/#\/schema\/logo\/image\/"},"sameAs":["https:\/\/www.facebook.com\/Avenue360\/","https:\/\/x.com\/Avenue_360","http:\/\/avenue360","https:\/\/www.linkedin.com\/company\/avenue-360-health-and-wellness\/","https:\/\/www.youtube.com\/channel\/UCgyf387ZDDdWlf4U0zEEmLA"]}]}},"_links":{"self":[{"href":"https:\/\/avenue360.devtest.center\/es\/wp-json\/wp\/v2\/pages\/1984","targetHints":{"allow":["GET"]}}],"collection":[{"href":"https:\/\/avenue360.devtest.center\/es\/wp-json\/wp\/v2\/pages"}],"about":[{"href":"https:\/\/avenue360.devtest.center\/es\/wp-json\/wp\/v2\/types\/page"}],"author":[{"embeddable":true,"href":"https:\/\/avenue360.devtest.center\/es\/wp-json\/wp\/v2\/users\/3"}],"replies":[{"embeddable":true,"href":"https:\/\/avenue360.devtest.center\/es\/wp-json\/wp\/v2\/comments?post=1984"}],"version-history":[{"count":0,"href":"https:\/\/avenue360.devtest.center\/es\/wp-json\/wp\/v2\/pages\/1984\/revisions"}],"up":[{"embeddable":true,"href":"https:\/\/avenue360.devtest.center\/es\/wp-json\/wp\/v2\/pages\/1037"}],"wp:attachment":[{"href":"https:\/\/avenue360.devtest.center\/es\/wp-json\/wp\/v2\/media?parent=1984"}],"curies":[{"name":"wp","href":"https:\/\/api.w.org\/{rel}","templated":true}]}}