{"id":2277,"date":"2020-10-05T11:38:58","date_gmt":"2020-10-05T16:38:58","guid":{"rendered":"https:\/\/avenue360.devtest.center\/?page_id=2277"},"modified":"2022-03-31T10:51:38","modified_gmt":"2022-03-31T15:51:38","slug":"liderazgo-en-avenue-360","status":"publish","type":"page","link":"https:\/\/avenue360.devtest.center\/es\/about-2\/liderazgo-en-avenue-360\/","title":{"rendered":"Liderazgo en Avenue 360"},"content":{"rendered":"<h2>Dr. Charlene Flash, Presidente y Director General (CEO)<\/h2>\n<p>Charlene Flash, un m\u00e9dico especialista en enfermedades infecciosas, desarroll\u00f3 uno de los primeros programas m\u00e1s completos en la prevenci\u00f3n del VIH (profilaxis preexposici\u00f3n) en los Estados Unidos. Ella ha ocupado puestos de altos cargos cl\u00ednicos y administrativos en el Sistema de Salud del Condado de Harris\/Harris Health System (en el Hospital Ben Taub) y en Legacy Community Health. Ella ha formado parte de las series #AsktheHIVdoc de Kaiser Family Foundation y desde 2012 ha impartido clases en Baylor College of Medicine en Houston. Se gradu\u00f3 de Yale University y de la Facultad de Medicina Robert Wood Johnson de Rutgers University, su trabajo realizado sobre el VIH se ha publicado en el New York Times, y sobre el COVID-19 se ha publicado en el Houston Chronicle y en Houston Public Media.<\/p>\n<p>Entrevistas recientes en los medios de comunicaci\u00f3n:<\/p>\n<p><a href=\"https:\/\/www.houstonchronicle.com\/business\/houston-how-to\/article\/Coronavirus-changed-summer-vacations-how-to-15347700.php\" target=\"_blank\" rel=\"noopener noreferrer\">Houston Chronicle, Junio 18, 2020, \u201cCoronavirus Changed Summer Plans\u201d (\u201cEl Coronavirus Cambi\u00f3 los Planes del Verano\u201d)<\/a><\/p>\n<p><a href=\"https:\/\/www.houstonpublicmedia.org\/articles\/shows\/houston-matters\/2020\/06\/15\/376351\/special-edition-activist-ashton-p-woods-and-dr-charlene-flash-june-15-2020\/\" target=\"_blank\" rel=\"noopener noreferrer\">HPM, \u201cHouston Matters,\u201d (\u201cHouston Importa\u201d) Junio 15, 2020, Raza y Cuidado de Salud<\/a><\/p>\n<p><a href=\"https:\/\/www.houstonpublicmedia.org\/articles\/shows\/houston-matters\/2020\/05\/06\/368914\/special-edition-dr-ruth-lopez-turley-and-dr-charlene-flash-may-6-2020\/\" target=\"_blank\" rel=\"noopener noreferrer\">HPM, \u201cHouston Matters,\u201d (\u201cHouston Importa\u201d) Mayo 2, 2020, sobre el COVID-19<\/a><\/p>\n<p><a href=\"https:\/\/www.houstonpublicmedia.org\/articles\/shows\/houston-matters\/2020\/04\/29\/368345\/special-edition-dr-james-pomerantz-harris-county-judge-lina-hidalgo-and-dr-charlene-flash-april-29-2020\/\" target=\"_blank\" rel=\"noopener noreferrer\">HPM, \u201cHouston Matters,\u201d (\u201cHouston Importa\u201d) Abril 29, 2020, sobre el COVID-19<\/a><\/p>\n<p><a href=\"https:\/\/defendernetwork.com\/news\/black-medical-perspective-houston-covid-19-challenges-options\/\" target=\"_blank\" rel=\"noopener noreferrer\">Houston Defender, Abril 17, 2020, \u201cBlack Medical Perspective: Houston Covid-19 Challenges, Options\u201d (\u201cPerspectiva M\u00e9dica Negra: Retos y Opciones del COVID-19 en Houston\u201d)<\/a><\/p>\n<p><a href=\"https:\/\/twitter.com\/Avenue_360\/status\/1247886524475031552?s=20\" target=\"_blank\" rel=\"noopener noreferrer\">MSNBC, \u201cLive with Stephanie Ruhle,\u201d Abril 8, 2020, sobre el Coronavirus en Houston<\/a><\/p>\n<p><a href=\"https:\/\/www.understandinghouston.org\/blog\/making-houston-history-today-6-black-changemakers-you-should-know\" target=\"_blank\" rel=\"noopener noreferrer\">Understanding Houston, Febrero 25, 2020, \u201cMaking Houston History: 6 Black Changemakers You Should Know\u201d (\u201cHaciendo la Historia de Houston: 6 Reformadores Negros que Deber\u00edas Conocer\u201d)<\/a><\/p>\n<h2>Junta Directiva<\/h2>\n<p>Lindsey Grimes, Insperity HCM, <em>Presidente de la junta<\/em><\/p>\n<p>Grace A. Loudd, Ph.D., Texas Southern University, <em>Vicepresidente<\/em><\/p>\n<p>Atif Riaz, BG Group,\u00a0<em>Tesorero<\/em><\/p>\n<p>Cynthia Middleton, Covenant House,\u00a0<em>Secretaria<\/em><\/p>\n<p>Kelly Young, Career &amp; Recovery Resources, Inc.<\/p>\n<p>Amy Leonard, Houston Health Department<\/p>\n<p>Donny Joseph, The Joseph Law Firm, P.C.<\/p>\n<p>Bethsheba Johnson, DNP, GNP-BC, Gilead Sciences<\/p>\n<p>Mike Webb, The Equality Federation<\/p>\n<p>Monique Williams, Bread of Life, Inc.<\/p>\n<p>Charlene Flash, MD, CEO, Avenue 360 Health &amp; Wellness\u00a0<em>(Ex Officio)<\/em><\/p>\n","protected":false},"excerpt":{"rendered":"<p>Dr. Charlene Flash, Presidente y Director General (CEO) Charlene Flash, un m\u00e9dico especialista en enfermedades infecciosas, desarroll\u00f3 uno de los primeros programas m\u00e1s completos en la prevenci\u00f3n del VIH (profilaxis preexposici\u00f3n) en los Estados Unidos. Ella ha ocupado puestos de altos cargos cl\u00ednicos y administrativos en el Sistema de Salud del Condado de Harris\/Harris Health&#8230;<\/p>\n","protected":false},"author":3,"featured_media":0,"parent":1094,"menu_order":0,"comment_status":"closed","ping_status":"closed","template":"","meta":{"_acf_changed":false,"footnotes":""},"class_list":["post-2277","page","type-page","status-publish","hentry"],"acf":[],"yoast_head":"<!-- This site is optimized with the Yoast SEO plugin v27.4 - https:\/\/yoast.com\/product\/yoast-seo-wordpress\/ -->\n<title>Liderazgo en Avenue 360 - Avenue 360<\/title>\n<meta name=\"robots\" content=\"noindex, follow, max-snippet:-1, max-image-preview:large, max-video-preview:-1\" \/>\n<meta property=\"og:locale\" content=\"es_ES\" \/>\n<meta property=\"og:type\" content=\"article\" \/>\n<meta property=\"og:title\" content=\"Liderazgo en Avenue 360 - Avenue 360\" \/>\n<meta property=\"og:description\" content=\"Dr. Charlene Flash, Presidente y Director General (CEO) Charlene Flash, un m\u00e9dico especialista en enfermedades infecciosas, desarroll\u00f3 uno de los primeros programas m\u00e1s completos en la prevenci\u00f3n del VIH (profilaxis preexposici\u00f3n) en los Estados Unidos. Ella ha ocupado puestos de altos cargos cl\u00ednicos y administrativos en el Sistema de Salud del Condado de Harris\/Harris Health...\" \/>\n<meta property=\"og:url\" content=\"https:\/\/avenue360.devtest.center\/about-avenue-360\/leadership-avenue-360\/\" \/>\n<meta property=\"og:site_name\" content=\"Avenue 360\" \/>\n<meta property=\"article:publisher\" content=\"https:\/\/www.facebook.com\/Avenue360\/\" \/>\n<meta property=\"article:modified_time\" content=\"2022-03-31T15:51:38+00:00\" \/>\n<meta name=\"twitter:card\" content=\"summary_large_image\" \/>\n<meta name=\"twitter:site\" content=\"@Avenue_360\" \/>\n<meta name=\"twitter:label1\" content=\"Tiempo de lectura\" \/>\n\t<meta name=\"twitter:data1\" content=\"2 minutos\" \/>\n<script type=\"application\/ld+json\" class=\"yoast-schema-graph\">{\"@context\":\"https:\\\/\\\/schema.org\",\"@graph\":[{\"@type\":\"WebPage\",\"@id\":\"https:\\\/\\\/avenue360.devtest.center\\\/about-avenue-360\\\/leadership-avenue-360\\\/\",\"url\":\"https:\\\/\\\/avenue360.devtest.center\\\/about-avenue-360\\\/leadership-avenue-360\\\/\",\"name\":\"Liderazgo en Avenue 360 - Avenue 360\",\"isPartOf\":{\"@id\":\"https:\\\/\\\/avenue360.devtest.center\\\/#website\"},\"datePublished\":\"2020-10-05T16:38:58+00:00\",\"dateModified\":\"2022-03-31T15:51:38+00:00\",\"breadcrumb\":{\"@id\":\"https:\\\/\\\/avenue360.devtest.center\\\/about-avenue-360\\\/leadership-avenue-360\\\/#breadcrumb\"},\"inLanguage\":\"es\",\"potentialAction\":[{\"@type\":\"ReadAction\",\"target\":[\"https:\\\/\\\/avenue360.devtest.center\\\/about-avenue-360\\\/leadership-avenue-360\\\/\"]}]},{\"@type\":\"BreadcrumbList\",\"@id\":\"https:\\\/\\\/avenue360.devtest.center\\\/about-avenue-360\\\/leadership-avenue-360\\\/#breadcrumb\",\"itemListElement\":[{\"@type\":\"ListItem\",\"position\":1,\"name\":\"Home\",\"item\":\"https:\\\/\\\/avenue360.devtest.center\\\/\"},{\"@type\":\"ListItem\",\"position\":2,\"name\":\"Acerca de Nosotros\",\"item\":\"https:\\\/\\\/avenue360.devtest.center\\\/about-avenue-360\\\/\"},{\"@type\":\"ListItem\",\"position\":3,\"name\":\"Liderazgo en Avenue 360\"}]},{\"@type\":\"WebSite\",\"@id\":\"https:\\\/\\\/avenue360.devtest.center\\\/#website\",\"url\":\"https:\\\/\\\/avenue360.devtest.center\\\/\",\"name\":\"Avenue 360\",\"description\":\"Health &amp; Wellness\",\"publisher\":{\"@id\":\"https:\\\/\\\/avenue360.devtest.center\\\/#organization\"},\"potentialAction\":[{\"@type\":\"SearchAction\",\"target\":{\"@type\":\"EntryPoint\",\"urlTemplate\":\"https:\\\/\\\/avenue360.devtest.center\\\/?s={search_term_string}\"},\"query-input\":{\"@type\":\"PropertyValueSpecification\",\"valueRequired\":true,\"valueName\":\"search_term_string\"}}],\"inLanguage\":\"es\"},{\"@type\":\"Organization\",\"@id\":\"https:\\\/\\\/avenue360.devtest.center\\\/#organization\",\"name\":\"Avenue 360\",\"url\":\"https:\\\/\\\/avenue360.devtest.center\\\/\",\"logo\":{\"@type\":\"ImageObject\",\"inLanguage\":\"es\",\"@id\":\"https:\\\/\\\/avenue360.devtest.center\\\/#\\\/schema\\\/logo\\\/image\\\/\",\"url\":\"https:\\\/\\\/avenue360.devtest.center\\\/wp-content\\\/uploads\\\/2017\\\/03\\\/avenue-360.png\",\"contentUrl\":\"https:\\\/\\\/avenue360.devtest.center\\\/wp-content\\\/uploads\\\/2017\\\/03\\\/avenue-360.png\",\"width\":360,\"height\":360,\"caption\":\"Avenue 360\"},\"image\":{\"@id\":\"https:\\\/\\\/avenue360.devtest.center\\\/#\\\/schema\\\/logo\\\/image\\\/\"},\"sameAs\":[\"https:\\\/\\\/www.facebook.com\\\/Avenue360\\\/\",\"https:\\\/\\\/x.com\\\/Avenue_360\",\"http:\\\/\\\/avenue360\",\"https:\\\/\\\/www.linkedin.com\\\/company\\\/avenue-360-health-and-wellness\\\/\",\"https:\\\/\\\/www.youtube.com\\\/channel\\\/UCgyf387ZDDdWlf4U0zEEmLA\"]}]}<\/script>\n<!-- \/ Yoast SEO plugin. -->","yoast_head_json":{"title":"Liderazgo en Avenue 360 - Avenue 360","robots":{"index":"noindex","follow":"follow","max-snippet":"max-snippet:-1","max-image-preview":"max-image-preview:large","max-video-preview":"max-video-preview:-1"},"og_locale":"es_ES","og_type":"article","og_title":"Liderazgo en Avenue 360 - Avenue 360","og_description":"Dr. Charlene Flash, Presidente y Director General (CEO) Charlene Flash, un m\u00e9dico especialista en enfermedades infecciosas, desarroll\u00f3 uno de los primeros programas m\u00e1s completos en la prevenci\u00f3n del VIH (profilaxis preexposici\u00f3n) en los Estados Unidos. Ella ha ocupado puestos de altos cargos cl\u00ednicos y administrativos en el Sistema de Salud del Condado de Harris\/Harris Health...","og_url":"https:\/\/avenue360.devtest.center\/about-avenue-360\/leadership-avenue-360\/","og_site_name":"Avenue 360","article_publisher":"https:\/\/www.facebook.com\/Avenue360\/","article_modified_time":"2022-03-31T15:51:38+00:00","twitter_card":"summary_large_image","twitter_site":"@Avenue_360","twitter_misc":{"Tiempo de lectura":"2 minutos"},"schema":{"@context":"https:\/\/schema.org","@graph":[{"@type":"WebPage","@id":"https:\/\/avenue360.devtest.center\/about-avenue-360\/leadership-avenue-360\/","url":"https:\/\/avenue360.devtest.center\/about-avenue-360\/leadership-avenue-360\/","name":"Liderazgo en Avenue 360 - Avenue 360","isPartOf":{"@id":"https:\/\/avenue360.devtest.center\/#website"},"datePublished":"2020-10-05T16:38:58+00:00","dateModified":"2022-03-31T15:51:38+00:00","breadcrumb":{"@id":"https:\/\/avenue360.devtest.center\/about-avenue-360\/leadership-avenue-360\/#breadcrumb"},"inLanguage":"es","potentialAction":[{"@type":"ReadAction","target":["https:\/\/avenue360.devtest.center\/about-avenue-360\/leadership-avenue-360\/"]}]},{"@type":"BreadcrumbList","@id":"https:\/\/avenue360.devtest.center\/about-avenue-360\/leadership-avenue-360\/#breadcrumb","itemListElement":[{"@type":"ListItem","position":1,"name":"Home","item":"https:\/\/avenue360.devtest.center\/"},{"@type":"ListItem","position":2,"name":"Acerca de Nosotros","item":"https:\/\/avenue360.devtest.center\/about-avenue-360\/"},{"@type":"ListItem","position":3,"name":"Liderazgo en Avenue 360"}]},{"@type":"WebSite","@id":"https:\/\/avenue360.devtest.center\/#website","url":"https:\/\/avenue360.devtest.center\/","name":"Avenue 360","description":"Health &amp; Wellness","publisher":{"@id":"https:\/\/avenue360.devtest.center\/#organization"},"potentialAction":[{"@type":"SearchAction","target":{"@type":"EntryPoint","urlTemplate":"https:\/\/avenue360.devtest.center\/?s={search_term_string}"},"query-input":{"@type":"PropertyValueSpecification","valueRequired":true,"valueName":"search_term_string"}}],"inLanguage":"es"},{"@type":"Organization","@id":"https:\/\/avenue360.devtest.center\/#organization","name":"Avenue 360","url":"https:\/\/avenue360.devtest.center\/","logo":{"@type":"ImageObject","inLanguage":"es","@id":"https:\/\/avenue360.devtest.center\/#\/schema\/logo\/image\/","url":"https:\/\/avenue360.devtest.center\/wp-content\/uploads\/2017\/03\/avenue-360.png","contentUrl":"https:\/\/avenue360.devtest.center\/wp-content\/uploads\/2017\/03\/avenue-360.png","width":360,"height":360,"caption":"Avenue 360"},"image":{"@id":"https:\/\/avenue360.devtest.center\/#\/schema\/logo\/image\/"},"sameAs":["https:\/\/www.facebook.com\/Avenue360\/","https:\/\/x.com\/Avenue_360","http:\/\/avenue360","https:\/\/www.linkedin.com\/company\/avenue-360-health-and-wellness\/","https:\/\/www.youtube.com\/channel\/UCgyf387ZDDdWlf4U0zEEmLA"]}]}},"_links":{"self":[{"href":"https:\/\/avenue360.devtest.center\/es\/wp-json\/wp\/v2\/pages\/2277","targetHints":{"allow":["GET"]}}],"collection":[{"href":"https:\/\/avenue360.devtest.center\/es\/wp-json\/wp\/v2\/pages"}],"about":[{"href":"https:\/\/avenue360.devtest.center\/es\/wp-json\/wp\/v2\/types\/page"}],"author":[{"embeddable":true,"href":"https:\/\/avenue360.devtest.center\/es\/wp-json\/wp\/v2\/users\/3"}],"replies":[{"embeddable":true,"href":"https:\/\/avenue360.devtest.center\/es\/wp-json\/wp\/v2\/comments?post=2277"}],"version-history":[{"count":5,"href":"https:\/\/avenue360.devtest.center\/es\/wp-json\/wp\/v2\/pages\/2277\/revisions"}],"predecessor-version":[{"id":3845,"href":"https:\/\/avenue360.devtest.center\/es\/wp-json\/wp\/v2\/pages\/2277\/revisions\/3845"}],"up":[{"embeddable":true,"href":"https:\/\/avenue360.devtest.center\/es\/wp-json\/wp\/v2\/pages\/1094"}],"wp:attachment":[{"href":"https:\/\/avenue360.devtest.center\/es\/wp-json\/wp\/v2\/media?parent=2277"}],"curies":[{"name":"wp","href":"https:\/\/api.w.org\/{rel}","templated":true}]}}