{"id":2283,"date":"2020-10-05T15:24:20","date_gmt":"2020-10-05T20:24:20","guid":{"rendered":"https:\/\/avenue360.devtest.center\/?page_id=2283"},"modified":"2021-07-23T16:47:54","modified_gmt":"2021-07-23T21:47:54","slug":"derechos-de-privacidad-y-del-paciente","status":"publish","type":"page","link":"https:\/\/avenue360.devtest.center\/es\/about-2\/derechos-de-privacidad-y-del-paciente\/","title":{"rendered":"Derechos de Privacidad y del Paciente"},"content":{"rendered":"<p>Avenue 360 Health and Wellness (Avenue 360) tiene el compromiso de proteger la informaci\u00f3n privada m\u00e9dica y de salud de nuestros pacientes (PHI), de acuerdo con todas las leyes y regulaciones federales y estatales aplicables de privacidad y seguridad de informaci\u00f3n.<\/p>\n<p>Para mayor informaci\u00f3n acerca de Avenue 360 y su privacidad, favor de revisar el Aviso de Pr\u00e1cticas de Privacidad (Notice of Privacy Practices) de Avenue 360 <a href=\"https:\/\/avenue360.devtest.center\/about-avenue-360\/privacy-and-information-security\/sus-derechos-nuestras-responsabilidades\/\">aqu\u00ed<\/a>:<\/p>\n<p><strong>Reportando Violaciones de Privacidad y Seguridad de Informaci\u00f3n<\/strong><\/p>\n<p>Todas las violaciones de confidencialidad del paciente, de seguridad de informaci\u00f3n, o de pr\u00e1cticas de privacidad deber\u00e1n ser reportadas de inmediato al Oficial de Privacidad de Avenue 360. Usted puede reportar denuncias de privacidad y de seguridad de informaci\u00f3n por correo, por tel\u00e9fono, o por correo electr\u00f3nico\/email.<\/p>\n<p>Avenue 360<\/p>\n<p>ATTN: Corporate Compliance \u2013 Privacy Officer<\/p>\n<p>2150 West 18th Street, Suite 300<\/p>\n<p>Houston, TX 77008<\/p>\n<p>713-426-0027, ext. 400<\/p>\n<p>L\u00ednea Directa: (281) 214-3946<\/p>\n<p><a href=\"mailto:compliance@avenue360.org\">compliance@avenue360.org<\/a><\/p>\n<p><strong>Derechos del Paciente<\/strong><\/p>\n<p>Los pacientes participan activamente en su propia atenci\u00f3n m\u00e9dica y cuidados de salud, y tienen derechos y responsabilidades. Usted puede llamar a nuestra L\u00ednea Directa de Cumplimiento de Normas al 833-480-0004. Favor de revisar sus derechos como paciente:<\/p>\n<p><a href=\"https:\/\/avenue360.devtest.center\/wp-content\/uploads\/2020\/08\/YourHealthInformationYourRights_Infographic-Web.pdf\" target=\"_blank\" rel=\"noopener noreferrer\">Infograf\u00eda de Sus Derechos.<\/a><\/p>\n<p><a href=\"https:\/\/avenue360.devtest.center\/wp-content\/uploads\/2021\/07\/Avenue-360-Patient-Rights-Responsibilities-2017-SPAN-2.0-1.pdf\">Espan\u0303ol- Avenue 360 Patient Rights<\/a><\/p>\n<p><a href=\"https:\/\/avenue360.devtest.center\/wp-content\/uploads\/2021\/07\/Joint-NPP-Spanish-Ave.360-1.pdf\">Aviso Conjunto de Pr\u00e1cticas de Privacidad<\/a><\/p>\n","protected":false},"excerpt":{"rendered":"<p>Avenue 360 Health and Wellness (Avenue 360) tiene el compromiso de proteger la informaci\u00f3n privada m\u00e9dica y de salud de nuestros pacientes (PHI), de acuerdo con todas las leyes y regulaciones federales y estatales aplicables de privacidad y seguridad de informaci\u00f3n. Para mayor informaci\u00f3n acerca de Avenue 360 y su privacidad, favor de revisar el&#8230;<\/p>\n","protected":false},"author":3,"featured_media":0,"parent":1094,"menu_order":0,"comment_status":"closed","ping_status":"closed","template":"","meta":{"_acf_changed":false,"footnotes":""},"class_list":["post-2283","page","type-page","status-publish","hentry"],"acf":[],"yoast_head":"<!-- This site is optimized with the Yoast SEO plugin v27.4 - https:\/\/yoast.com\/product\/yoast-seo-wordpress\/ -->\n<title>Derechos de Privacidad y del Paciente - Avenue 360<\/title>\n<meta name=\"robots\" content=\"noindex, follow, max-snippet:-1, max-image-preview:large, max-video-preview:-1\" \/>\n<meta property=\"og:locale\" content=\"es_ES\" \/>\n<meta property=\"og:type\" content=\"article\" \/>\n<meta property=\"og:title\" content=\"Derechos de Privacidad y del Paciente - Avenue 360\" \/>\n<meta property=\"og:description\" content=\"Avenue 360 Health and Wellness (Avenue 360) tiene el compromiso de proteger la informaci\u00f3n privada m\u00e9dica y de salud de nuestros pacientes (PHI), de acuerdo con todas las leyes y regulaciones federales y estatales aplicables de privacidad y seguridad de informaci\u00f3n. Para mayor informaci\u00f3n acerca de Avenue 360 y su privacidad, favor de revisar el...\" \/>\n<meta property=\"og:url\" content=\"https:\/\/avenue360.devtest.center\/about-avenue-360\/privacy-and-information-security\/\" \/>\n<meta property=\"og:site_name\" content=\"Avenue 360\" \/>\n<meta property=\"article:publisher\" content=\"https:\/\/www.facebook.com\/Avenue360\/\" \/>\n<meta property=\"article:modified_time\" content=\"2021-07-23T21:47:54+00:00\" \/>\n<meta name=\"twitter:card\" content=\"summary_large_image\" \/>\n<meta name=\"twitter:site\" content=\"@Avenue_360\" \/>\n<meta name=\"twitter:label1\" content=\"Tiempo de lectura\" \/>\n\t<meta name=\"twitter:data1\" content=\"1 minuto\" \/>\n<script type=\"application\/ld+json\" class=\"yoast-schema-graph\">{\"@context\":\"https:\\\/\\\/schema.org\",\"@graph\":[{\"@type\":\"WebPage\",\"@id\":\"https:\\\/\\\/avenue360.devtest.center\\\/about-avenue-360\\\/privacy-and-information-security\\\/\",\"url\":\"https:\\\/\\\/avenue360.devtest.center\\\/about-avenue-360\\\/privacy-and-information-security\\\/\",\"name\":\"Derechos de Privacidad y del Paciente - Avenue 360\",\"isPartOf\":{\"@id\":\"https:\\\/\\\/avenue360.devtest.center\\\/#website\"},\"datePublished\":\"2020-10-05T20:24:20+00:00\",\"dateModified\":\"2021-07-23T21:47:54+00:00\",\"breadcrumb\":{\"@id\":\"https:\\\/\\\/avenue360.devtest.center\\\/about-avenue-360\\\/privacy-and-information-security\\\/#breadcrumb\"},\"inLanguage\":\"es\",\"potentialAction\":[{\"@type\":\"ReadAction\",\"target\":[\"https:\\\/\\\/avenue360.devtest.center\\\/about-avenue-360\\\/privacy-and-information-security\\\/\"]}]},{\"@type\":\"BreadcrumbList\",\"@id\":\"https:\\\/\\\/avenue360.devtest.center\\\/about-avenue-360\\\/privacy-and-information-security\\\/#breadcrumb\",\"itemListElement\":[{\"@type\":\"ListItem\",\"position\":1,\"name\":\"Home\",\"item\":\"https:\\\/\\\/avenue360.devtest.center\\\/\"},{\"@type\":\"ListItem\",\"position\":2,\"name\":\"Acerca de Nosotros\",\"item\":\"https:\\\/\\\/avenue360.devtest.center\\\/about-avenue-360\\\/\"},{\"@type\":\"ListItem\",\"position\":3,\"name\":\"Derechos de Privacidad y del Paciente\"}]},{\"@type\":\"WebSite\",\"@id\":\"https:\\\/\\\/avenue360.devtest.center\\\/#website\",\"url\":\"https:\\\/\\\/avenue360.devtest.center\\\/\",\"name\":\"Avenue 360\",\"description\":\"Health &amp; Wellness\",\"publisher\":{\"@id\":\"https:\\\/\\\/avenue360.devtest.center\\\/#organization\"},\"potentialAction\":[{\"@type\":\"SearchAction\",\"target\":{\"@type\":\"EntryPoint\",\"urlTemplate\":\"https:\\\/\\\/avenue360.devtest.center\\\/?s={search_term_string}\"},\"query-input\":{\"@type\":\"PropertyValueSpecification\",\"valueRequired\":true,\"valueName\":\"search_term_string\"}}],\"inLanguage\":\"es\"},{\"@type\":\"Organization\",\"@id\":\"https:\\\/\\\/avenue360.devtest.center\\\/#organization\",\"name\":\"Avenue 360\",\"url\":\"https:\\\/\\\/avenue360.devtest.center\\\/\",\"logo\":{\"@type\":\"ImageObject\",\"inLanguage\":\"es\",\"@id\":\"https:\\\/\\\/avenue360.devtest.center\\\/#\\\/schema\\\/logo\\\/image\\\/\",\"url\":\"https:\\\/\\\/avenue360.devtest.center\\\/wp-content\\\/uploads\\\/2017\\\/03\\\/avenue-360.png\",\"contentUrl\":\"https:\\\/\\\/avenue360.devtest.center\\\/wp-content\\\/uploads\\\/2017\\\/03\\\/avenue-360.png\",\"width\":360,\"height\":360,\"caption\":\"Avenue 360\"},\"image\":{\"@id\":\"https:\\\/\\\/avenue360.devtest.center\\\/#\\\/schema\\\/logo\\\/image\\\/\"},\"sameAs\":[\"https:\\\/\\\/www.facebook.com\\\/Avenue360\\\/\",\"https:\\\/\\\/x.com\\\/Avenue_360\",\"http:\\\/\\\/avenue360\",\"https:\\\/\\\/www.linkedin.com\\\/company\\\/avenue-360-health-and-wellness\\\/\",\"https:\\\/\\\/www.youtube.com\\\/channel\\\/UCgyf387ZDDdWlf4U0zEEmLA\"]}]}<\/script>\n<!-- \/ Yoast SEO plugin. -->","yoast_head_json":{"title":"Derechos de Privacidad y del Paciente - Avenue 360","robots":{"index":"noindex","follow":"follow","max-snippet":"max-snippet:-1","max-image-preview":"max-image-preview:large","max-video-preview":"max-video-preview:-1"},"og_locale":"es_ES","og_type":"article","og_title":"Derechos de Privacidad y del Paciente - Avenue 360","og_description":"Avenue 360 Health and Wellness (Avenue 360) tiene el compromiso de proteger la informaci\u00f3n privada m\u00e9dica y de salud de nuestros pacientes (PHI), de acuerdo con todas las leyes y regulaciones federales y estatales aplicables de privacidad y seguridad de informaci\u00f3n. Para mayor informaci\u00f3n acerca de Avenue 360 y su privacidad, favor de revisar el...","og_url":"https:\/\/avenue360.devtest.center\/about-avenue-360\/privacy-and-information-security\/","og_site_name":"Avenue 360","article_publisher":"https:\/\/www.facebook.com\/Avenue360\/","article_modified_time":"2021-07-23T21:47:54+00:00","twitter_card":"summary_large_image","twitter_site":"@Avenue_360","twitter_misc":{"Tiempo de lectura":"1 minuto"},"schema":{"@context":"https:\/\/schema.org","@graph":[{"@type":"WebPage","@id":"https:\/\/avenue360.devtest.center\/about-avenue-360\/privacy-and-information-security\/","url":"https:\/\/avenue360.devtest.center\/about-avenue-360\/privacy-and-information-security\/","name":"Derechos de Privacidad y del Paciente - Avenue 360","isPartOf":{"@id":"https:\/\/avenue360.devtest.center\/#website"},"datePublished":"2020-10-05T20:24:20+00:00","dateModified":"2021-07-23T21:47:54+00:00","breadcrumb":{"@id":"https:\/\/avenue360.devtest.center\/about-avenue-360\/privacy-and-information-security\/#breadcrumb"},"inLanguage":"es","potentialAction":[{"@type":"ReadAction","target":["https:\/\/avenue360.devtest.center\/about-avenue-360\/privacy-and-information-security\/"]}]},{"@type":"BreadcrumbList","@id":"https:\/\/avenue360.devtest.center\/about-avenue-360\/privacy-and-information-security\/#breadcrumb","itemListElement":[{"@type":"ListItem","position":1,"name":"Home","item":"https:\/\/avenue360.devtest.center\/"},{"@type":"ListItem","position":2,"name":"Acerca de Nosotros","item":"https:\/\/avenue360.devtest.center\/about-avenue-360\/"},{"@type":"ListItem","position":3,"name":"Derechos de Privacidad y del Paciente"}]},{"@type":"WebSite","@id":"https:\/\/avenue360.devtest.center\/#website","url":"https:\/\/avenue360.devtest.center\/","name":"Avenue 360","description":"Health &amp; Wellness","publisher":{"@id":"https:\/\/avenue360.devtest.center\/#organization"},"potentialAction":[{"@type":"SearchAction","target":{"@type":"EntryPoint","urlTemplate":"https:\/\/avenue360.devtest.center\/?s={search_term_string}"},"query-input":{"@type":"PropertyValueSpecification","valueRequired":true,"valueName":"search_term_string"}}],"inLanguage":"es"},{"@type":"Organization","@id":"https:\/\/avenue360.devtest.center\/#organization","name":"Avenue 360","url":"https:\/\/avenue360.devtest.center\/","logo":{"@type":"ImageObject","inLanguage":"es","@id":"https:\/\/avenue360.devtest.center\/#\/schema\/logo\/image\/","url":"https:\/\/avenue360.devtest.center\/wp-content\/uploads\/2017\/03\/avenue-360.png","contentUrl":"https:\/\/avenue360.devtest.center\/wp-content\/uploads\/2017\/03\/avenue-360.png","width":360,"height":360,"caption":"Avenue 360"},"image":{"@id":"https:\/\/avenue360.devtest.center\/#\/schema\/logo\/image\/"},"sameAs":["https:\/\/www.facebook.com\/Avenue360\/","https:\/\/x.com\/Avenue_360","http:\/\/avenue360","https:\/\/www.linkedin.com\/company\/avenue-360-health-and-wellness\/","https:\/\/www.youtube.com\/channel\/UCgyf387ZDDdWlf4U0zEEmLA"]}]}},"_links":{"self":[{"href":"https:\/\/avenue360.devtest.center\/es\/wp-json\/wp\/v2\/pages\/2283","targetHints":{"allow":["GET"]}}],"collection":[{"href":"https:\/\/avenue360.devtest.center\/es\/wp-json\/wp\/v2\/pages"}],"about":[{"href":"https:\/\/avenue360.devtest.center\/es\/wp-json\/wp\/v2\/types\/page"}],"author":[{"embeddable":true,"href":"https:\/\/avenue360.devtest.center\/es\/wp-json\/wp\/v2\/users\/3"}],"replies":[{"embeddable":true,"href":"https:\/\/avenue360.devtest.center\/es\/wp-json\/wp\/v2\/comments?post=2283"}],"version-history":[{"count":0,"href":"https:\/\/avenue360.devtest.center\/es\/wp-json\/wp\/v2\/pages\/2283\/revisions"}],"up":[{"embeddable":true,"href":"https:\/\/avenue360.devtest.center\/es\/wp-json\/wp\/v2\/pages\/1094"}],"wp:attachment":[{"href":"https:\/\/avenue360.devtest.center\/es\/wp-json\/wp\/v2\/media?parent=2283"}],"curies":[{"name":"wp","href":"https:\/\/api.w.org\/{rel}","templated":true}]}}