{"id":2286,"date":"2020-10-05T15:36:55","date_gmt":"2020-10-05T20:36:55","guid":{"rendered":"https:\/\/avenue360.devtest.center\/?page_id=2286"},"modified":"2020-10-08T16:01:27","modified_gmt":"2020-10-08T21:01:27","slug":"vivienda","status":"publish","type":"page","link":"https:\/\/avenue360.devtest.center\/es\/services\/vivienda\/","title":{"rendered":"Vivienda"},"content":{"rendered":"<p>Adem\u00e1s de garantizar la calidad, la atenci\u00f3n m\u00e9dica y cuidado de salud asequible est\u00e1 disponible para toda la poblaci\u00f3n de bajo ingreso en la regi\u00f3n de Houston, y tambi\u00e9n estamos comprometidos y dedicados al bienestar de todas las comunidades dentro de la regi\u00f3n. Por ejemplo, \u00bfTienen suficientes alimentos saludables y aire limpio en una comunidad en el suroeste de Houston? \u00bfQu\u00e9 hay de suficientes viviendas? \u00bfAlguna comunidad est\u00e1 experimentando discriminaci\u00f3n o racismo como parte de su vida diaria? Todos estos factores sociales y ambientales afectan negativamente la salud personal.<\/p>\n<p>Nuestra visi\u00f3n es el cerrar la desigualdad de salud que enfrentan ciertas comunidades en la regi\u00f3n. Por ahora, continuamos con nuestro enfoque de siempre en cuanto a la vivienda, ya sean apartamentos para las personas sin hogar, cuidado terminal\/hospicio para pacientes con SIDA, o actividades durante el d\u00eda para adultos con discapacidades de salud mental o de desarrollo.<\/p>\n<p>Para nosotros, parte del bienestar comunitario significa proveer apoyo b\u00e1sico y educaci\u00f3n para la salud.<\/p>\n<h2>Omega House<\/h2>\n<p>Omega House es la piedra angular de nuestro programa Housing Opportunities (Oportunidades de Vivienda) para Personas con SIDA, el cual atiende las necesidades de servicio de apoyo relacionado a la vivienda y a la vivienda de personas y familias de bajos recursos y\/o personas y familias sin hogar que viven con VIH\/SIDA.\u00a0\u00a0\u00a0\u00a0\u00a0\u00a0\u00a0\u00a0\u00a0\u00a0\u00a0 Los servicios incluyen:<\/p>\n<ul>\n<li>Asistencia de alquiler para inquilinos<\/li>\n<li>Asistencia con renta a corto plazo, hipoteca, o servicios p\u00fablicos<\/li>\n<li>Vivienda permanente<\/li>\n<li>Atenci\u00f3n m\u00e9dica temporal de transici\u00f3n<\/li>\n<\/ul>\n<p>Para mayor informaci\u00f3n acerca de estos programas y servicios, favor de llamar a nuestra l\u00ednea de informaci\u00f3n al: (832) 384-1390.<\/p>\n<h2>Permanent Supportive Housing (Apoyo de Vivienda Permanente)<\/h2>\n<p>Nuestros programas Permanent Supportive Housing (PSH) est\u00e1n dise\u00f1ados para promover la estabilidad residencial y resultados positivos de salud, al ofrecer opciones de vivienda de alojamiento indefinido a personas y familias que no tienen hogar y en donde por lo menos un miembro de la familia tiene una discapacidad documentada. Los servicios incluyen subsidios de renta, manejo de casos, asistencia de transporte, y abogac\u00eda.<\/p>\n<p>Para determinar si usted es elegible para Permanent Supportive Housing o Apoyo de Vivienda Permanente, debe ser evaluado en uno de los sitios designados de Acceso Coordinado de Houston. Se puede obtener m\u00e1s informaci\u00f3n en el Houston&#8217;s Coalition for the Homeless (Coalici\u00f3n para las Personas sin Hogar de Houston) \u200b<a href=\"http:\/\/www.homelesshouston.org\/\">www.homelesshouston.org<\/a>.<\/p>\n<h2><strong>Rapid Re-Housing (RRH) (Vivienda R\u00e1pida)<\/strong><\/h2>\n<p>Los servicios del programa Rapid Re-Housing (RRH) proporcionan a las familias sin hogar y con ni\u00f1os, subsidios y servicios de manejo de casos de una forma temporal establecida, en un esfuerzo de darle a la familia la oportunidad de desarrollar e implementar planes que resultar\u00e1n en autosuficiencia y vida independiente.<\/p>\n<p>Para determinar si usted es elegible, debe ser evaluado en alguno de los sitios designados de Acceso Coordinado de Houston. Visite <a href=\"http:\/\/www.homelesshouston.org\/\">www.homelesshouston.org<\/a>.<\/p>\n<h2><strong>Actividades Durante el D\u00eda y Servicios de Salud<\/strong><\/h2>\n<p>El programa de Actividades Durante el D\u00eda y Servicios de Salud de Avenue 360 proporciona servicios a personas con discapacidades de desarrollo o de salud mental que residen en la regi\u00f3n de Houston\/Condado de Harris con el prop\u00f3sito de permitir el mayor grado de independencia en un ambiente terap\u00e9utico y enriquecedor, apart\u00e1ndose de entornos institucionales o correccionales. Los servicios est\u00e1n dise\u00f1ados para atender las necesidades f\u00edsicas, mentales, m\u00e9dicas, y sociales de las personas, a trav\u00e9s del suministro de servicios sociales y de cuidados de rehabilitaci\u00f3n y restablecimiento, los cuales mejoran o mantienen el nivel de funcionamiento de la persona. Esto se extiende hasta ayudar con la nutrici\u00f3n adecuada y el manejo de condiciones cr\u00f3nicas como la diabetes y la hipertensi\u00f3n. Llame al administrador del programa al: (713) 341-3755.<\/p>\n<p>&nbsp;<\/p>\n<p>&nbsp;<\/p>\n<p>&nbsp;<\/p>\n","protected":false},"excerpt":{"rendered":"<p>Adem\u00e1s de garantizar la calidad, la atenci\u00f3n m\u00e9dica y cuidado de salud asequible est\u00e1 disponible para toda la poblaci\u00f3n de bajo ingreso en la regi\u00f3n de Houston, y tambi\u00e9n estamos comprometidos y dedicados al bienestar de todas las comunidades dentro de la regi\u00f3n. Por ejemplo, \u00bfTienen suficientes alimentos saludables y aire limpio en una comunidad&#8230;<\/p>\n","protected":false},"author":3,"featured_media":0,"parent":1037,"menu_order":3,"comment_status":"closed","ping_status":"closed","template":"","meta":{"_acf_changed":false,"footnotes":""},"class_list":["post-2286","page","type-page","status-publish","hentry"],"acf":[],"yoast_head":"<!-- This site is optimized with the Yoast SEO plugin v27.4 - https:\/\/yoast.com\/product\/yoast-seo-wordpress\/ -->\n<title>Vivienda - Avenue 360<\/title>\n<meta name=\"robots\" content=\"noindex, follow, max-snippet:-1, max-image-preview:large, max-video-preview:-1\" \/>\n<meta property=\"og:locale\" content=\"es_ES\" \/>\n<meta property=\"og:type\" content=\"article\" \/>\n<meta property=\"og:title\" content=\"Vivienda - Avenue 360\" \/>\n<meta property=\"og:description\" content=\"Adem\u00e1s de garantizar la calidad, la atenci\u00f3n m\u00e9dica y cuidado de salud asequible est\u00e1 disponible para toda la poblaci\u00f3n de bajo ingreso en la regi\u00f3n de Houston, y tambi\u00e9n estamos comprometidos y dedicados al bienestar de todas las comunidades dentro de la regi\u00f3n. Por ejemplo, \u00bfTienen suficientes alimentos saludables y aire limpio en una comunidad...\" \/>\n<meta property=\"og:url\" content=\"https:\/\/avenue360.devtest.center\/es\/services\/vivienda\/\" \/>\n<meta property=\"og:site_name\" content=\"Avenue 360\" \/>\n<meta property=\"article:publisher\" content=\"https:\/\/www.facebook.com\/Avenue360\/\" \/>\n<meta property=\"article:modified_time\" content=\"2020-10-08T21:01:27+00:00\" \/>\n<meta name=\"twitter:card\" content=\"summary_large_image\" \/>\n<meta name=\"twitter:site\" content=\"@Avenue_360\" \/>\n<meta name=\"twitter:label1\" content=\"Tiempo de lectura\" \/>\n\t<meta name=\"twitter:data1\" content=\"3 minutos\" \/>\n<script type=\"application\/ld+json\" class=\"yoast-schema-graph\">{\"@context\":\"https:\\\/\\\/schema.org\",\"@graph\":[{\"@type\":\"WebPage\",\"@id\":\"https:\\\/\\\/avenue360.devtest.center\\\/es\\\/services\\\/vivienda\\\/\",\"url\":\"https:\\\/\\\/avenue360.devtest.center\\\/es\\\/services\\\/vivienda\\\/\",\"name\":\"Vivienda - Avenue 360\",\"isPartOf\":{\"@id\":\"https:\\\/\\\/avenue360.devtest.center\\\/#website\"},\"datePublished\":\"2020-10-05T20:36:55+00:00\",\"dateModified\":\"2020-10-08T21:01:27+00:00\",\"breadcrumb\":{\"@id\":\"https:\\\/\\\/avenue360.devtest.center\\\/es\\\/services\\\/vivienda\\\/#breadcrumb\"},\"inLanguage\":\"es\",\"potentialAction\":[{\"@type\":\"ReadAction\",\"target\":[\"https:\\\/\\\/avenue360.devtest.center\\\/es\\\/services\\\/vivienda\\\/\"]}]},{\"@type\":\"BreadcrumbList\",\"@id\":\"https:\\\/\\\/avenue360.devtest.center\\\/es\\\/services\\\/vivienda\\\/#breadcrumb\",\"itemListElement\":[{\"@type\":\"ListItem\",\"position\":1,\"name\":\"Home\",\"item\":\"https:\\\/\\\/avenue360.devtest.center\\\/\"},{\"@type\":\"ListItem\",\"position\":2,\"name\":\"Services\",\"item\":\"https:\\\/\\\/avenue360.devtest.center\\\/services\\\/\"},{\"@type\":\"ListItem\",\"position\":3,\"name\":\"Vivienda\"}]},{\"@type\":\"WebSite\",\"@id\":\"https:\\\/\\\/avenue360.devtest.center\\\/#website\",\"url\":\"https:\\\/\\\/avenue360.devtest.center\\\/\",\"name\":\"Avenue 360\",\"description\":\"Health &amp; Wellness\",\"publisher\":{\"@id\":\"https:\\\/\\\/avenue360.devtest.center\\\/#organization\"},\"potentialAction\":[{\"@type\":\"SearchAction\",\"target\":{\"@type\":\"EntryPoint\",\"urlTemplate\":\"https:\\\/\\\/avenue360.devtest.center\\\/?s={search_term_string}\"},\"query-input\":{\"@type\":\"PropertyValueSpecification\",\"valueRequired\":true,\"valueName\":\"search_term_string\"}}],\"inLanguage\":\"es\"},{\"@type\":\"Organization\",\"@id\":\"https:\\\/\\\/avenue360.devtest.center\\\/#organization\",\"name\":\"Avenue 360\",\"url\":\"https:\\\/\\\/avenue360.devtest.center\\\/\",\"logo\":{\"@type\":\"ImageObject\",\"inLanguage\":\"es\",\"@id\":\"https:\\\/\\\/avenue360.devtest.center\\\/#\\\/schema\\\/logo\\\/image\\\/\",\"url\":\"https:\\\/\\\/avenue360.devtest.center\\\/wp-content\\\/uploads\\\/2017\\\/03\\\/avenue-360.png\",\"contentUrl\":\"https:\\\/\\\/avenue360.devtest.center\\\/wp-content\\\/uploads\\\/2017\\\/03\\\/avenue-360.png\",\"width\":360,\"height\":360,\"caption\":\"Avenue 360\"},\"image\":{\"@id\":\"https:\\\/\\\/avenue360.devtest.center\\\/#\\\/schema\\\/logo\\\/image\\\/\"},\"sameAs\":[\"https:\\\/\\\/www.facebook.com\\\/Avenue360\\\/\",\"https:\\\/\\\/x.com\\\/Avenue_360\",\"http:\\\/\\\/avenue360\",\"https:\\\/\\\/www.linkedin.com\\\/company\\\/avenue-360-health-and-wellness\\\/\",\"https:\\\/\\\/www.youtube.com\\\/channel\\\/UCgyf387ZDDdWlf4U0zEEmLA\"]}]}<\/script>\n<!-- \/ Yoast SEO plugin. -->","yoast_head_json":{"title":"Vivienda - Avenue 360","robots":{"index":"noindex","follow":"follow","max-snippet":"max-snippet:-1","max-image-preview":"max-image-preview:large","max-video-preview":"max-video-preview:-1"},"og_locale":"es_ES","og_type":"article","og_title":"Vivienda - Avenue 360","og_description":"Adem\u00e1s de garantizar la calidad, la atenci\u00f3n m\u00e9dica y cuidado de salud asequible est\u00e1 disponible para toda la poblaci\u00f3n de bajo ingreso en la regi\u00f3n de Houston, y tambi\u00e9n estamos comprometidos y dedicados al bienestar de todas las comunidades dentro de la regi\u00f3n. Por ejemplo, \u00bfTienen suficientes alimentos saludables y aire limpio en una comunidad...","og_url":"https:\/\/avenue360.devtest.center\/es\/services\/vivienda\/","og_site_name":"Avenue 360","article_publisher":"https:\/\/www.facebook.com\/Avenue360\/","article_modified_time":"2020-10-08T21:01:27+00:00","twitter_card":"summary_large_image","twitter_site":"@Avenue_360","twitter_misc":{"Tiempo de lectura":"3 minutos"},"schema":{"@context":"https:\/\/schema.org","@graph":[{"@type":"WebPage","@id":"https:\/\/avenue360.devtest.center\/es\/services\/vivienda\/","url":"https:\/\/avenue360.devtest.center\/es\/services\/vivienda\/","name":"Vivienda - Avenue 360","isPartOf":{"@id":"https:\/\/avenue360.devtest.center\/#website"},"datePublished":"2020-10-05T20:36:55+00:00","dateModified":"2020-10-08T21:01:27+00:00","breadcrumb":{"@id":"https:\/\/avenue360.devtest.center\/es\/services\/vivienda\/#breadcrumb"},"inLanguage":"es","potentialAction":[{"@type":"ReadAction","target":["https:\/\/avenue360.devtest.center\/es\/services\/vivienda\/"]}]},{"@type":"BreadcrumbList","@id":"https:\/\/avenue360.devtest.center\/es\/services\/vivienda\/#breadcrumb","itemListElement":[{"@type":"ListItem","position":1,"name":"Home","item":"https:\/\/avenue360.devtest.center\/"},{"@type":"ListItem","position":2,"name":"Services","item":"https:\/\/avenue360.devtest.center\/services\/"},{"@type":"ListItem","position":3,"name":"Vivienda"}]},{"@type":"WebSite","@id":"https:\/\/avenue360.devtest.center\/#website","url":"https:\/\/avenue360.devtest.center\/","name":"Avenue 360","description":"Health &amp; Wellness","publisher":{"@id":"https:\/\/avenue360.devtest.center\/#organization"},"potentialAction":[{"@type":"SearchAction","target":{"@type":"EntryPoint","urlTemplate":"https:\/\/avenue360.devtest.center\/?s={search_term_string}"},"query-input":{"@type":"PropertyValueSpecification","valueRequired":true,"valueName":"search_term_string"}}],"inLanguage":"es"},{"@type":"Organization","@id":"https:\/\/avenue360.devtest.center\/#organization","name":"Avenue 360","url":"https:\/\/avenue360.devtest.center\/","logo":{"@type":"ImageObject","inLanguage":"es","@id":"https:\/\/avenue360.devtest.center\/#\/schema\/logo\/image\/","url":"https:\/\/avenue360.devtest.center\/wp-content\/uploads\/2017\/03\/avenue-360.png","contentUrl":"https:\/\/avenue360.devtest.center\/wp-content\/uploads\/2017\/03\/avenue-360.png","width":360,"height":360,"caption":"Avenue 360"},"image":{"@id":"https:\/\/avenue360.devtest.center\/#\/schema\/logo\/image\/"},"sameAs":["https:\/\/www.facebook.com\/Avenue360\/","https:\/\/x.com\/Avenue_360","http:\/\/avenue360","https:\/\/www.linkedin.com\/company\/avenue-360-health-and-wellness\/","https:\/\/www.youtube.com\/channel\/UCgyf387ZDDdWlf4U0zEEmLA"]}]}},"_links":{"self":[{"href":"https:\/\/avenue360.devtest.center\/es\/wp-json\/wp\/v2\/pages\/2286","targetHints":{"allow":["GET"]}}],"collection":[{"href":"https:\/\/avenue360.devtest.center\/es\/wp-json\/wp\/v2\/pages"}],"about":[{"href":"https:\/\/avenue360.devtest.center\/es\/wp-json\/wp\/v2\/types\/page"}],"author":[{"embeddable":true,"href":"https:\/\/avenue360.devtest.center\/es\/wp-json\/wp\/v2\/users\/3"}],"replies":[{"embeddable":true,"href":"https:\/\/avenue360.devtest.center\/es\/wp-json\/wp\/v2\/comments?post=2286"}],"version-history":[{"count":0,"href":"https:\/\/avenue360.devtest.center\/es\/wp-json\/wp\/v2\/pages\/2286\/revisions"}],"up":[{"embeddable":true,"href":"https:\/\/avenue360.devtest.center\/es\/wp-json\/wp\/v2\/pages\/1037"}],"wp:attachment":[{"href":"https:\/\/avenue360.devtest.center\/es\/wp-json\/wp\/v2\/media?parent=2286"}],"curies":[{"name":"wp","href":"https:\/\/api.w.org\/{rel}","templated":true}]}}