{"id":2316,"date":"2020-10-07T16:03:58","date_gmt":"2020-10-07T21:03:58","guid":{"rendered":"https:\/\/avenue360.devtest.center\/?page_id=2316"},"modified":"2021-10-18T18:15:45","modified_gmt":"2021-10-18T23:15:45","slug":"centro-de-salud-southwest-houston","status":"publish","type":"page","link":"https:\/\/avenue360.devtest.center\/es\/locations\/centro-de-salud-southwest-houston\/","title":{"rendered":"Southwest"},"content":{"rendered":"<h1>Cont\u00e1ctenos<\/h1>\n<p style=\"margin: 0in\">14095 S Main St, Houston, TX 77035<br \/>\nTel\u00e9fono: (832) 830-8345<\/p>\n<p style=\"margin: 0in\">Para fuera del horario de atenci\u00f3n, llame al (713) 426-0027.<\/p>\n<p>&nbsp;<\/p>\n<h2>Horas de Atenci\u00f3n<\/h2>\n<p>Lunes \u2013 Viernes: 8am \u2013 5pm<\/p>\n<h2>Servicios en Southwest<\/h2>\n<p><strong>Atenci\u00f3n M\u00e9dica<\/strong><\/p>\n<ul>\n<li>Atenci\u00f3n Primaria<\/li>\n<li>Pediatr\u00eda, Incluyendo Visitas de Ni\u00f1o Sano<\/li>\n<li>Ginecolog\u00eda\/Obstetricia<\/li>\n<li>Atenci\u00f3n Prenatal y Posparto<\/li>\n<li>Planificaci\u00f3n Familiar<\/li>\n<li>Vacunas<\/li>\n<li>Ex\u00e1menes<\/li>\n<li>Cobertura para Emergencias Durante y Fuera del Horario de Atenci\u00f3n<\/li>\n<\/ul>\n<p><strong>Salud Conductual<\/strong><\/p>\n<ul>\n<li>Asesor\u00eda\/Orientaci\u00f3n en Salud Mental<\/li>\n<\/ul>\n<p><strong>\u00a0Servicios Dentales Ni\u00f1os y Adultos<\/strong><\/p>\n<ul>\n<li>Cuidado Dental Preventivo<\/li>\n<li>Radiolog\u00eda<\/li>\n<\/ul>\n<p><strong>Servicios de Alcance Comunitario y Educaci\u00f3n sobre la Salud<\/strong><\/p>\n<p><strong>Apoyo al Paciente<\/strong><\/p>\n<ul>\n<li>Servicios de Elegibilidad<\/li>\n<li>Informaci\u00f3n y Referencia<\/li>\n<li>Servicios de Traducci\u00f3n<\/li>\n<\/ul>\n","protected":false},"excerpt":{"rendered":"<p>Cont\u00e1ctenos 14095 S Main St, Houston, TX 77035 Tel\u00e9fono: (832) 830-8345 Para fuera del horario de atenci\u00f3n, llame al (713) 426-0027. &nbsp; Horas de Atenci\u00f3n Lunes \u2013 Viernes: 8am \u2013 5pm Servicios en Southwest Atenci\u00f3n M\u00e9dica Atenci\u00f3n Primaria Pediatr\u00eda, Incluyendo Visitas de Ni\u00f1o Sano Ginecolog\u00eda\/Obstetricia Atenci\u00f3n Prenatal y Posparto Planificaci\u00f3n Familiar Vacunas Ex\u00e1menes Cobertura para&#8230;<\/p>\n","protected":false},"author":3,"featured_media":3176,"parent":1110,"menu_order":0,"comment_status":"closed","ping_status":"closed","template":"","meta":{"_acf_changed":false,"footnotes":""},"class_list":["post-2316","page","type-page","status-publish","has-post-thumbnail","hentry"],"acf":[],"yoast_head":"<!-- This site is optimized with the Yoast SEO plugin v27.4 - https:\/\/yoast.com\/product\/yoast-seo-wordpress\/ -->\n<title>Southwest - Avenue 360<\/title>\n<meta name=\"description\" content=\"Avenue 360 \u200b\u200bbrinda atenci\u00f3n m\u00e9dica compasiva y de alta calidad, independientemente de los ingresos.\" \/>\n<meta name=\"robots\" content=\"noindex, follow, max-snippet:-1, max-image-preview:large, max-video-preview:-1\" \/>\n<meta property=\"og:locale\" content=\"es_ES\" \/>\n<meta property=\"og:type\" content=\"article\" \/>\n<meta property=\"og:title\" content=\"Centro de Salud Southwest Houston\" \/>\n<meta property=\"og:description\" content=\"Avenue 360 \u200b\u200bbrinda atenci\u00f3n m\u00e9dica compasiva y de alta calidad, independientemente de los ingresos.\" \/>\n<meta property=\"og:url\" content=\"https:\/\/avenue360.devtest.center\/es\/locations\/centro-de-salud-southwest-houston\/\" \/>\n<meta property=\"og:site_name\" content=\"Avenue 360\" \/>\n<meta property=\"article:publisher\" content=\"https:\/\/www.facebook.com\/Avenue360\/\" \/>\n<meta property=\"article:modified_time\" content=\"2021-10-18T23:15:45+00:00\" \/>\n<meta property=\"og:image\" content=\"https:\/\/avenue360.devtest.center\/wp-content\/uploads\/2021\/10\/SW-Health-Center-.png\" \/>\n\t<meta property=\"og:image:width\" content=\"1007\" \/>\n\t<meta property=\"og:image:height\" content=\"790\" \/>\n\t<meta property=\"og:image:type\" content=\"image\/png\" \/>\n<meta name=\"twitter:card\" content=\"summary_large_image\" \/>\n<meta name=\"twitter:title\" content=\"Centro de Salud Southwest Houston\" \/>\n<meta name=\"twitter:description\" content=\"Avenue 360 \u200b\u200bbrinda atenci\u00f3n m\u00e9dica compasiva y de alta calidad, independientemente de los ingresos.\" \/>\n<meta name=\"twitter:image\" content=\"https:\/\/avenue360.devtest.center\/wp-content\/uploads\/2021\/10\/SW-Health-Center-.png\" \/>\n<meta name=\"twitter:site\" content=\"@Avenue_360\" \/>\n<meta name=\"twitter:label1\" content=\"Tiempo de lectura\" \/>\n\t<meta name=\"twitter:data1\" content=\"1 minuto\" \/>\n<script type=\"application\/ld+json\" class=\"yoast-schema-graph\">{\"@context\":\"https:\\\/\\\/schema.org\",\"@graph\":[{\"@type\":\"WebPage\",\"@id\":\"https:\\\/\\\/avenue360.devtest.center\\\/es\\\/locations\\\/centro-de-salud-southwest-houston\\\/\",\"url\":\"https:\\\/\\\/avenue360.devtest.center\\\/es\\\/locations\\\/centro-de-salud-southwest-houston\\\/\",\"name\":\"Southwest - Avenue 360\",\"isPartOf\":{\"@id\":\"https:\\\/\\\/avenue360.devtest.center\\\/#website\"},\"primaryImageOfPage\":{\"@id\":\"https:\\\/\\\/avenue360.devtest.center\\\/es\\\/locations\\\/centro-de-salud-southwest-houston\\\/#primaryimage\"},\"image\":{\"@id\":\"https:\\\/\\\/avenue360.devtest.center\\\/es\\\/locations\\\/centro-de-salud-southwest-houston\\\/#primaryimage\"},\"thumbnailUrl\":\"https:\\\/\\\/avenue360.devtest.center\\\/wp-content\\\/uploads\\\/2021\\\/10\\\/SW-Health-Center-.png\",\"datePublished\":\"2020-10-07T21:03:58+00:00\",\"dateModified\":\"2021-10-18T23:15:45+00:00\",\"description\":\"Avenue 360 \u200b\u200bbrinda atenci\u00f3n m\u00e9dica compasiva y de alta calidad, independientemente de los ingresos.\",\"breadcrumb\":{\"@id\":\"https:\\\/\\\/avenue360.devtest.center\\\/es\\\/locations\\\/centro-de-salud-southwest-houston\\\/#breadcrumb\"},\"inLanguage\":\"es\",\"potentialAction\":[{\"@type\":\"ReadAction\",\"target\":[\"https:\\\/\\\/avenue360.devtest.center\\\/es\\\/locations\\\/centro-de-salud-southwest-houston\\\/\"]}]},{\"@type\":\"ImageObject\",\"inLanguage\":\"es\",\"@id\":\"https:\\\/\\\/avenue360.devtest.center\\\/es\\\/locations\\\/centro-de-salud-southwest-houston\\\/#primaryimage\",\"url\":\"https:\\\/\\\/avenue360.devtest.center\\\/wp-content\\\/uploads\\\/2021\\\/10\\\/SW-Health-Center-.png\",\"contentUrl\":\"https:\\\/\\\/avenue360.devtest.center\\\/wp-content\\\/uploads\\\/2021\\\/10\\\/SW-Health-Center-.png\",\"width\":1007,\"height\":790,\"caption\":\"SW Health Center\"},{\"@type\":\"BreadcrumbList\",\"@id\":\"https:\\\/\\\/avenue360.devtest.center\\\/es\\\/locations\\\/centro-de-salud-southwest-houston\\\/#breadcrumb\",\"itemListElement\":[{\"@type\":\"ListItem\",\"position\":1,\"name\":\"Home\",\"item\":\"https:\\\/\\\/avenue360.devtest.center\\\/\"},{\"@type\":\"ListItem\",\"position\":2,\"name\":\"Locations\",\"item\":\"https:\\\/\\\/avenue360.devtest.center\\\/houston-clinic-locations\\\/\"},{\"@type\":\"ListItem\",\"position\":3,\"name\":\"Southwest\"}]},{\"@type\":\"WebSite\",\"@id\":\"https:\\\/\\\/avenue360.devtest.center\\\/#website\",\"url\":\"https:\\\/\\\/avenue360.devtest.center\\\/\",\"name\":\"Avenue 360\",\"description\":\"Health &amp; Wellness\",\"publisher\":{\"@id\":\"https:\\\/\\\/avenue360.devtest.center\\\/#organization\"},\"potentialAction\":[{\"@type\":\"SearchAction\",\"target\":{\"@type\":\"EntryPoint\",\"urlTemplate\":\"https:\\\/\\\/avenue360.devtest.center\\\/?s={search_term_string}\"},\"query-input\":{\"@type\":\"PropertyValueSpecification\",\"valueRequired\":true,\"valueName\":\"search_term_string\"}}],\"inLanguage\":\"es\"},{\"@type\":\"Organization\",\"@id\":\"https:\\\/\\\/avenue360.devtest.center\\\/#organization\",\"name\":\"Avenue 360\",\"url\":\"https:\\\/\\\/avenue360.devtest.center\\\/\",\"logo\":{\"@type\":\"ImageObject\",\"inLanguage\":\"es\",\"@id\":\"https:\\\/\\\/avenue360.devtest.center\\\/#\\\/schema\\\/logo\\\/image\\\/\",\"url\":\"https:\\\/\\\/avenue360.devtest.center\\\/wp-content\\\/uploads\\\/2017\\\/03\\\/avenue-360.png\",\"contentUrl\":\"https:\\\/\\\/avenue360.devtest.center\\\/wp-content\\\/uploads\\\/2017\\\/03\\\/avenue-360.png\",\"width\":360,\"height\":360,\"caption\":\"Avenue 360\"},\"image\":{\"@id\":\"https:\\\/\\\/avenue360.devtest.center\\\/#\\\/schema\\\/logo\\\/image\\\/\"},\"sameAs\":[\"https:\\\/\\\/www.facebook.com\\\/Avenue360\\\/\",\"https:\\\/\\\/x.com\\\/Avenue_360\",\"http:\\\/\\\/avenue360\",\"https:\\\/\\\/www.linkedin.com\\\/company\\\/avenue-360-health-and-wellness\\\/\",\"https:\\\/\\\/www.youtube.com\\\/channel\\\/UCgyf387ZDDdWlf4U0zEEmLA\"]}]}<\/script>\n<!-- \/ Yoast SEO plugin. -->","yoast_head_json":{"title":"Southwest - Avenue 360","description":"Avenue 360 \u200b\u200bbrinda atenci\u00f3n m\u00e9dica compasiva y de alta calidad, independientemente de los ingresos.","robots":{"index":"noindex","follow":"follow","max-snippet":"max-snippet:-1","max-image-preview":"max-image-preview:large","max-video-preview":"max-video-preview:-1"},"og_locale":"es_ES","og_type":"article","og_title":"Centro de Salud Southwest Houston","og_description":"Avenue 360 \u200b\u200bbrinda atenci\u00f3n m\u00e9dica compasiva y de alta calidad, independientemente de los ingresos.","og_url":"https:\/\/avenue360.devtest.center\/es\/locations\/centro-de-salud-southwest-houston\/","og_site_name":"Avenue 360","article_publisher":"https:\/\/www.facebook.com\/Avenue360\/","article_modified_time":"2021-10-18T23:15:45+00:00","og_image":[{"width":1007,"height":790,"url":"https:\/\/avenue360.devtest.center\/wp-content\/uploads\/2021\/10\/SW-Health-Center-.png","type":"image\/png"}],"twitter_card":"summary_large_image","twitter_title":"Centro de Salud Southwest Houston","twitter_description":"Avenue 360 \u200b\u200bbrinda atenci\u00f3n m\u00e9dica compasiva y de alta calidad, independientemente de los ingresos.","twitter_image":"https:\/\/avenue360.devtest.center\/wp-content\/uploads\/2021\/10\/SW-Health-Center-.png","twitter_site":"@Avenue_360","twitter_misc":{"Tiempo de lectura":"1 minuto"},"schema":{"@context":"https:\/\/schema.org","@graph":[{"@type":"WebPage","@id":"https:\/\/avenue360.devtest.center\/es\/locations\/centro-de-salud-southwest-houston\/","url":"https:\/\/avenue360.devtest.center\/es\/locations\/centro-de-salud-southwest-houston\/","name":"Southwest - Avenue 360","isPartOf":{"@id":"https:\/\/avenue360.devtest.center\/#website"},"primaryImageOfPage":{"@id":"https:\/\/avenue360.devtest.center\/es\/locations\/centro-de-salud-southwest-houston\/#primaryimage"},"image":{"@id":"https:\/\/avenue360.devtest.center\/es\/locations\/centro-de-salud-southwest-houston\/#primaryimage"},"thumbnailUrl":"https:\/\/avenue360.devtest.center\/wp-content\/uploads\/2021\/10\/SW-Health-Center-.png","datePublished":"2020-10-07T21:03:58+00:00","dateModified":"2021-10-18T23:15:45+00:00","description":"Avenue 360 \u200b\u200bbrinda atenci\u00f3n m\u00e9dica compasiva y de alta calidad, independientemente de los ingresos.","breadcrumb":{"@id":"https:\/\/avenue360.devtest.center\/es\/locations\/centro-de-salud-southwest-houston\/#breadcrumb"},"inLanguage":"es","potentialAction":[{"@type":"ReadAction","target":["https:\/\/avenue360.devtest.center\/es\/locations\/centro-de-salud-southwest-houston\/"]}]},{"@type":"ImageObject","inLanguage":"es","@id":"https:\/\/avenue360.devtest.center\/es\/locations\/centro-de-salud-southwest-houston\/#primaryimage","url":"https:\/\/avenue360.devtest.center\/wp-content\/uploads\/2021\/10\/SW-Health-Center-.png","contentUrl":"https:\/\/avenue360.devtest.center\/wp-content\/uploads\/2021\/10\/SW-Health-Center-.png","width":1007,"height":790,"caption":"SW Health Center"},{"@type":"BreadcrumbList","@id":"https:\/\/avenue360.devtest.center\/es\/locations\/centro-de-salud-southwest-houston\/#breadcrumb","itemListElement":[{"@type":"ListItem","position":1,"name":"Home","item":"https:\/\/avenue360.devtest.center\/"},{"@type":"ListItem","position":2,"name":"Locations","item":"https:\/\/avenue360.devtest.center\/houston-clinic-locations\/"},{"@type":"ListItem","position":3,"name":"Southwest"}]},{"@type":"WebSite","@id":"https:\/\/avenue360.devtest.center\/#website","url":"https:\/\/avenue360.devtest.center\/","name":"Avenue 360","description":"Health &amp; Wellness","publisher":{"@id":"https:\/\/avenue360.devtest.center\/#organization"},"potentialAction":[{"@type":"SearchAction","target":{"@type":"EntryPoint","urlTemplate":"https:\/\/avenue360.devtest.center\/?s={search_term_string}"},"query-input":{"@type":"PropertyValueSpecification","valueRequired":true,"valueName":"search_term_string"}}],"inLanguage":"es"},{"@type":"Organization","@id":"https:\/\/avenue360.devtest.center\/#organization","name":"Avenue 360","url":"https:\/\/avenue360.devtest.center\/","logo":{"@type":"ImageObject","inLanguage":"es","@id":"https:\/\/avenue360.devtest.center\/#\/schema\/logo\/image\/","url":"https:\/\/avenue360.devtest.center\/wp-content\/uploads\/2017\/03\/avenue-360.png","contentUrl":"https:\/\/avenue360.devtest.center\/wp-content\/uploads\/2017\/03\/avenue-360.png","width":360,"height":360,"caption":"Avenue 360"},"image":{"@id":"https:\/\/avenue360.devtest.center\/#\/schema\/logo\/image\/"},"sameAs":["https:\/\/www.facebook.com\/Avenue360\/","https:\/\/x.com\/Avenue_360","http:\/\/avenue360","https:\/\/www.linkedin.com\/company\/avenue-360-health-and-wellness\/","https:\/\/www.youtube.com\/channel\/UCgyf387ZDDdWlf4U0zEEmLA"]}]}},"_links":{"self":[{"href":"https:\/\/avenue360.devtest.center\/es\/wp-json\/wp\/v2\/pages\/2316","targetHints":{"allow":["GET"]}}],"collection":[{"href":"https:\/\/avenue360.devtest.center\/es\/wp-json\/wp\/v2\/pages"}],"about":[{"href":"https:\/\/avenue360.devtest.center\/es\/wp-json\/wp\/v2\/types\/page"}],"author":[{"embeddable":true,"href":"https:\/\/avenue360.devtest.center\/es\/wp-json\/wp\/v2\/users\/3"}],"replies":[{"embeddable":true,"href":"https:\/\/avenue360.devtest.center\/es\/wp-json\/wp\/v2\/comments?post=2316"}],"version-history":[{"count":2,"href":"https:\/\/avenue360.devtest.center\/es\/wp-json\/wp\/v2\/pages\/2316\/revisions"}],"predecessor-version":[{"id":3201,"href":"https:\/\/avenue360.devtest.center\/es\/wp-json\/wp\/v2\/pages\/2316\/revisions\/3201"}],"up":[{"embeddable":true,"href":"https:\/\/avenue360.devtest.center\/es\/wp-json\/wp\/v2\/pages\/1110"}],"wp:featuredmedia":[{"embeddable":true,"href":"https:\/\/avenue360.devtest.center\/es\/wp-json\/wp\/v2\/media\/3176"}],"wp:attachment":[{"href":"https:\/\/avenue360.devtest.center\/es\/wp-json\/wp\/v2\/media?parent=2316"}],"curies":[{"name":"wp","href":"https:\/\/api.w.org\/{rel}","templated":true}]}}