{"id":2337,"date":"2020-10-08T16:01:35","date_gmt":"2020-10-08T21:01:35","guid":{"rendered":"https:\/\/avenue360.devtest.center\/?page_id=2337"},"modified":"2020-10-22T13:07:44","modified_gmt":"2020-10-22T18:07:44","slug":"farmacia","status":"publish","type":"page","link":"https:\/\/avenue360.devtest.center\/es\/services\/farmacia\/","title":{"rendered":"Farmacia"},"content":{"rendered":"<h2>Farmacia<\/h2>\n<h4><strong>ACCESO CONVENIENTE Y APOYO PARA FARMACIA.<\/strong><\/h4>\n<p><strong>Nuestro n\u00famero de tel\u00e9fono ha cambiado. Llame al: (281) 214-2147 y estaremos encantados de atenderlo.<\/strong><\/p>\n<p>La farmacia Clase A en Avenue 360 Health &amp; Wellness trabaja con el equipo m\u00e9dico cl\u00ednico para asegurarse que los pacientes est\u00e9n recibiendo la atenci\u00f3n y cuidados de la m\u00e1s alta calidad. Nuestra farmacia proporciona:<\/p>\n<ul>\n<li>Medicamentos a costo reducido para pacientes sin seguro o con seguro insuficiente<\/li>\n<li>Asesoramiento sobre medicamentos, incluyendo el uso adecuado y efectos adversos<\/li>\n<li>Asistencia de los farmaceutas al paciente<\/li>\n<li>Programa ADAP de medicamentos de receta<\/li>\n<li>Recordatorios para recoger sus medicamentos de receta<\/li>\n<li>Manejo de recetas en l\u00ednea 24\/7<\/li>\n<li>Entrega de medicamentos de receta. Los pacientes pueden recoger sus medicamentos de receta en la cl\u00ednica en donde vieron a su m\u00e9dico (Humble, Spring Cypress, Griggs, Southwest, y Memorial City) los martes y jueves despu\u00e9s de las 3 p.m. Las sustancias controladas no est\u00e1n incluidas.<\/li>\n<\/ul>\n","protected":false},"excerpt":{"rendered":"<p>Farmacia ACCESO CONVENIENTE Y APOYO PARA FARMACIA. Nuestro n\u00famero de tel\u00e9fono ha cambiado. Llame al: (281) 214-2147 y estaremos encantados de atenderlo. La farmacia Clase A en Avenue 360 Health &amp; Wellness trabaja con el equipo m\u00e9dico cl\u00ednico para asegurarse que los pacientes est\u00e9n recibiendo la atenci\u00f3n y cuidados de la m\u00e1s alta calidad. Nuestra&#8230;<\/p>\n","protected":false},"author":3,"featured_media":0,"parent":1037,"menu_order":0,"comment_status":"closed","ping_status":"closed","template":"","meta":{"_acf_changed":false,"footnotes":""},"class_list":["post-2337","page","type-page","status-publish","hentry"],"acf":[],"yoast_head":"<!-- This site is optimized with the Yoast SEO plugin v27.4 - https:\/\/yoast.com\/product\/yoast-seo-wordpress\/ -->\n<title>Farmacia - Avenue 360<\/title>\n<meta name=\"robots\" content=\"noindex, follow, max-snippet:-1, max-image-preview:large, max-video-preview:-1\" \/>\n<meta property=\"og:locale\" content=\"es_ES\" \/>\n<meta property=\"og:type\" content=\"article\" \/>\n<meta property=\"og:title\" content=\"Farmacia - Avenue 360\" \/>\n<meta property=\"og:description\" content=\"Farmacia ACCESO CONVENIENTE Y APOYO PARA FARMACIA. Nuestro n\u00famero de tel\u00e9fono ha cambiado. Llame al: (281) 214-2147 y estaremos encantados de atenderlo. La farmacia Clase A en Avenue 360 Health &amp; Wellness trabaja con el equipo m\u00e9dico cl\u00ednico para asegurarse que los pacientes est\u00e9n recibiendo la atenci\u00f3n y cuidados de la m\u00e1s alta calidad. Nuestra...\" \/>\n<meta property=\"og:url\" content=\"https:\/\/avenue360.devtest.center\/es\/services\/farmacia\/\" \/>\n<meta property=\"og:site_name\" content=\"Avenue 360\" \/>\n<meta property=\"article:publisher\" content=\"https:\/\/www.facebook.com\/Avenue360\/\" \/>\n<meta property=\"article:modified_time\" content=\"2020-10-22T18:07:44+00:00\" \/>\n<meta name=\"twitter:card\" content=\"summary_large_image\" \/>\n<meta name=\"twitter:site\" content=\"@Avenue_360\" \/>\n<meta name=\"twitter:label1\" content=\"Tiempo de lectura\" \/>\n\t<meta name=\"twitter:data1\" content=\"1 minuto\" \/>\n<script type=\"application\/ld+json\" class=\"yoast-schema-graph\">{\"@context\":\"https:\\\/\\\/schema.org\",\"@graph\":[{\"@type\":\"WebPage\",\"@id\":\"https:\\\/\\\/avenue360.devtest.center\\\/es\\\/services\\\/farmacia\\\/\",\"url\":\"https:\\\/\\\/avenue360.devtest.center\\\/es\\\/services\\\/farmacia\\\/\",\"name\":\"Farmacia - Avenue 360\",\"isPartOf\":{\"@id\":\"https:\\\/\\\/avenue360.devtest.center\\\/#website\"},\"datePublished\":\"2020-10-08T21:01:35+00:00\",\"dateModified\":\"2020-10-22T18:07:44+00:00\",\"breadcrumb\":{\"@id\":\"https:\\\/\\\/avenue360.devtest.center\\\/es\\\/services\\\/farmacia\\\/#breadcrumb\"},\"inLanguage\":\"es\",\"potentialAction\":[{\"@type\":\"ReadAction\",\"target\":[\"https:\\\/\\\/avenue360.devtest.center\\\/es\\\/services\\\/farmacia\\\/\"]}]},{\"@type\":\"BreadcrumbList\",\"@id\":\"https:\\\/\\\/avenue360.devtest.center\\\/es\\\/services\\\/farmacia\\\/#breadcrumb\",\"itemListElement\":[{\"@type\":\"ListItem\",\"position\":1,\"name\":\"Home\",\"item\":\"https:\\\/\\\/avenue360.devtest.center\\\/\"},{\"@type\":\"ListItem\",\"position\":2,\"name\":\"Services\",\"item\":\"https:\\\/\\\/avenue360.devtest.center\\\/services\\\/\"},{\"@type\":\"ListItem\",\"position\":3,\"name\":\"Farmacia\"}]},{\"@type\":\"WebSite\",\"@id\":\"https:\\\/\\\/avenue360.devtest.center\\\/#website\",\"url\":\"https:\\\/\\\/avenue360.devtest.center\\\/\",\"name\":\"Avenue 360\",\"description\":\"Health &amp; Wellness\",\"publisher\":{\"@id\":\"https:\\\/\\\/avenue360.devtest.center\\\/#organization\"},\"potentialAction\":[{\"@type\":\"SearchAction\",\"target\":{\"@type\":\"EntryPoint\",\"urlTemplate\":\"https:\\\/\\\/avenue360.devtest.center\\\/?s={search_term_string}\"},\"query-input\":{\"@type\":\"PropertyValueSpecification\",\"valueRequired\":true,\"valueName\":\"search_term_string\"}}],\"inLanguage\":\"es\"},{\"@type\":\"Organization\",\"@id\":\"https:\\\/\\\/avenue360.devtest.center\\\/#organization\",\"name\":\"Avenue 360\",\"url\":\"https:\\\/\\\/avenue360.devtest.center\\\/\",\"logo\":{\"@type\":\"ImageObject\",\"inLanguage\":\"es\",\"@id\":\"https:\\\/\\\/avenue360.devtest.center\\\/#\\\/schema\\\/logo\\\/image\\\/\",\"url\":\"https:\\\/\\\/avenue360.devtest.center\\\/wp-content\\\/uploads\\\/2017\\\/03\\\/avenue-360.png\",\"contentUrl\":\"https:\\\/\\\/avenue360.devtest.center\\\/wp-content\\\/uploads\\\/2017\\\/03\\\/avenue-360.png\",\"width\":360,\"height\":360,\"caption\":\"Avenue 360\"},\"image\":{\"@id\":\"https:\\\/\\\/avenue360.devtest.center\\\/#\\\/schema\\\/logo\\\/image\\\/\"},\"sameAs\":[\"https:\\\/\\\/www.facebook.com\\\/Avenue360\\\/\",\"https:\\\/\\\/x.com\\\/Avenue_360\",\"http:\\\/\\\/avenue360\",\"https:\\\/\\\/www.linkedin.com\\\/company\\\/avenue-360-health-and-wellness\\\/\",\"https:\\\/\\\/www.youtube.com\\\/channel\\\/UCgyf387ZDDdWlf4U0zEEmLA\"]}]}<\/script>\n<!-- \/ Yoast SEO plugin. -->","yoast_head_json":{"title":"Farmacia - Avenue 360","robots":{"index":"noindex","follow":"follow","max-snippet":"max-snippet:-1","max-image-preview":"max-image-preview:large","max-video-preview":"max-video-preview:-1"},"og_locale":"es_ES","og_type":"article","og_title":"Farmacia - Avenue 360","og_description":"Farmacia ACCESO CONVENIENTE Y APOYO PARA FARMACIA. Nuestro n\u00famero de tel\u00e9fono ha cambiado. Llame al: (281) 214-2147 y estaremos encantados de atenderlo. La farmacia Clase A en Avenue 360 Health &amp; Wellness trabaja con el equipo m\u00e9dico cl\u00ednico para asegurarse que los pacientes est\u00e9n recibiendo la atenci\u00f3n y cuidados de la m\u00e1s alta calidad. Nuestra...","og_url":"https:\/\/avenue360.devtest.center\/es\/services\/farmacia\/","og_site_name":"Avenue 360","article_publisher":"https:\/\/www.facebook.com\/Avenue360\/","article_modified_time":"2020-10-22T18:07:44+00:00","twitter_card":"summary_large_image","twitter_site":"@Avenue_360","twitter_misc":{"Tiempo de lectura":"1 minuto"},"schema":{"@context":"https:\/\/schema.org","@graph":[{"@type":"WebPage","@id":"https:\/\/avenue360.devtest.center\/es\/services\/farmacia\/","url":"https:\/\/avenue360.devtest.center\/es\/services\/farmacia\/","name":"Farmacia - Avenue 360","isPartOf":{"@id":"https:\/\/avenue360.devtest.center\/#website"},"datePublished":"2020-10-08T21:01:35+00:00","dateModified":"2020-10-22T18:07:44+00:00","breadcrumb":{"@id":"https:\/\/avenue360.devtest.center\/es\/services\/farmacia\/#breadcrumb"},"inLanguage":"es","potentialAction":[{"@type":"ReadAction","target":["https:\/\/avenue360.devtest.center\/es\/services\/farmacia\/"]}]},{"@type":"BreadcrumbList","@id":"https:\/\/avenue360.devtest.center\/es\/services\/farmacia\/#breadcrumb","itemListElement":[{"@type":"ListItem","position":1,"name":"Home","item":"https:\/\/avenue360.devtest.center\/"},{"@type":"ListItem","position":2,"name":"Services","item":"https:\/\/avenue360.devtest.center\/services\/"},{"@type":"ListItem","position":3,"name":"Farmacia"}]},{"@type":"WebSite","@id":"https:\/\/avenue360.devtest.center\/#website","url":"https:\/\/avenue360.devtest.center\/","name":"Avenue 360","description":"Health &amp; Wellness","publisher":{"@id":"https:\/\/avenue360.devtest.center\/#organization"},"potentialAction":[{"@type":"SearchAction","target":{"@type":"EntryPoint","urlTemplate":"https:\/\/avenue360.devtest.center\/?s={search_term_string}"},"query-input":{"@type":"PropertyValueSpecification","valueRequired":true,"valueName":"search_term_string"}}],"inLanguage":"es"},{"@type":"Organization","@id":"https:\/\/avenue360.devtest.center\/#organization","name":"Avenue 360","url":"https:\/\/avenue360.devtest.center\/","logo":{"@type":"ImageObject","inLanguage":"es","@id":"https:\/\/avenue360.devtest.center\/#\/schema\/logo\/image\/","url":"https:\/\/avenue360.devtest.center\/wp-content\/uploads\/2017\/03\/avenue-360.png","contentUrl":"https:\/\/avenue360.devtest.center\/wp-content\/uploads\/2017\/03\/avenue-360.png","width":360,"height":360,"caption":"Avenue 360"},"image":{"@id":"https:\/\/avenue360.devtest.center\/#\/schema\/logo\/image\/"},"sameAs":["https:\/\/www.facebook.com\/Avenue360\/","https:\/\/x.com\/Avenue_360","http:\/\/avenue360","https:\/\/www.linkedin.com\/company\/avenue-360-health-and-wellness\/","https:\/\/www.youtube.com\/channel\/UCgyf387ZDDdWlf4U0zEEmLA"]}]}},"_links":{"self":[{"href":"https:\/\/avenue360.devtest.center\/es\/wp-json\/wp\/v2\/pages\/2337","targetHints":{"allow":["GET"]}}],"collection":[{"href":"https:\/\/avenue360.devtest.center\/es\/wp-json\/wp\/v2\/pages"}],"about":[{"href":"https:\/\/avenue360.devtest.center\/es\/wp-json\/wp\/v2\/types\/page"}],"author":[{"embeddable":true,"href":"https:\/\/avenue360.devtest.center\/es\/wp-json\/wp\/v2\/users\/3"}],"replies":[{"embeddable":true,"href":"https:\/\/avenue360.devtest.center\/es\/wp-json\/wp\/v2\/comments?post=2337"}],"version-history":[{"count":0,"href":"https:\/\/avenue360.devtest.center\/es\/wp-json\/wp\/v2\/pages\/2337\/revisions"}],"up":[{"embeddable":true,"href":"https:\/\/avenue360.devtest.center\/es\/wp-json\/wp\/v2\/pages\/1037"}],"wp:attachment":[{"href":"https:\/\/avenue360.devtest.center\/es\/wp-json\/wp\/v2\/media?parent=2337"}],"curies":[{"name":"wp","href":"https:\/\/api.w.org\/{rel}","templated":true}]}}